{"id":3514,"date":"2021-04-01T16:28:05","date_gmt":"2021-04-01T14:28:05","guid":{"rendered":"https:\/\/www.davofrio.com\/?page_id=3514"},"modified":"2021-05-31T11:43:46","modified_gmt":"2021-05-31T09:43:46","slug":"placas-electronicas","status":"publish","type":"page","link":"https:\/\/www.davofrio.com\/fr\/placas-electronicas\/","title":{"rendered":"Venta Placas electr\u00f3nicas de aire acondicionado en Alicante"},"content":{"rendered":"<p><script type=\"application\/ld+json\">\n{\n  \"@context\": \"https:\/\/schema.org\",\n  \"@type\": \"HVACBusiness\",\n  \"name\": \"Davofrio\",\n  \"image\": \"https:\/\/www.davofrio.com\/wp-content\/uploads\/2020\/11\/cropped-favicon-davofrio.png\",\n  \"@id\": \"https:\/\/www.davofrio.com\/\",\n  \"url\": \"https:\/\/www.davofrio.com\/\",\n  \"telephone\": \"965 05 87 31\",\n  \"priceRange\": \"\u20ac\u20ac\u20ac\",\n  \"address\": {\n    \"@type\": \"PostalAddress\",\n    \"streetAddress\": \"Calle del Veterinario Manuel Isidro Rodr\u00edguez Garc\u00eda, 53\",\n    \"addressLocality\": \"Sant Vicent del Raspeig\",\n    \"postalCode\": \"03690\",\n    \"addressCountry\": \"ES\"\n  },\n  \"geo\": {\n    \"@type\": \"GeoCoordinates\",\n    \"latitude\": 38.3879266,\n    \"longitude\": -0.4961261\n  },\n\"openingHoursSpecification\": [\n  {\n    \"@type\": \"OpeningHoursSpecification\",\n    \"dayOfWeek\": [\n      \"Monday\",\n      \"Tuesday\",\n      \"Wednesday\",\n      \"Thursday\",\n      \"Friday\"\n    ],\n    \"opens\": \"09:00\",\n    \"closes\": \"14:00\"\n  },\n  {\n    \"@type\": \"OpeningHoursSpecification\",\n    \"dayOfWeek\": [\n      \"Monday\",\n      \"Tuesday\",\n      \"Wednesday\",\n      \"Thursday\",\n      \"Friday\"\n    ],\n    \"opens\": \"16:00\",\n    \"closes\": \"18:00\"\n  }\n ]\n}\n<\/script><\/p>\n<p style=\"text-align: justify;\"><em>El equipo t\u00e9cnico de Davofrio puede ayudarte si notas que tu aire acondicionado no tiene fuerza o no funciona correctamente. Nosotros somos servicio t\u00e9cnico de las principales marcas, y estamos especializados en la <strong>venta<\/strong> <strong>de placas electr\u00f3nicas<\/strong> al mejor precio en toda la provincia de Alicante y la Comunidad Valenciana.<\/em><\/p>\n<p style=\"text-align: justify;\">El aire acondicionado es uno de los elementos principales para la climatizaci\u00f3n del hogar, algo que influye directamente en el nivel de bienestar que puedes obtener en casa.<\/p>\n<p style=\"text-align: justify;\">La <strong>reparaci\u00f3n de placas electr\u00f3nicas <\/strong>es una tarea complicada de arreglar cuando llega, pero para evitar que se produzca ese momento, lo mejor es realizar un <strong>mantenimiento peri\u00f3dico<\/strong>, por parte de t\u00e9cnicos de aire acondicionado profesionales.<\/p>\n<p style=\"text-align: justify;\">Si tienes alg\u00fan sistema de climatizaci\u00f3n en casa o la oficina, no debes esperar a que surja alguna<strong> aver\u00eda en la placa electr\u00f3nica de aire acondicionado<\/strong>, este es un problema muy habitual y que, como decimos, tiene una complicada soluci\u00f3n.<\/p>\n<p style=\"text-align: justify;\">En ese caso, <strong>cambiar la placa electr\u00f3nica del aire acondicionado<\/strong> ser\u00e1 la mejor opci\u00f3n para solucionar la aver\u00eda, permiti\u00e9ndote sacar el m\u00e1ximo rendimiento a tu aparato de aire acondicionado y disfrutar de una temperatura agradable en cualquier momento del a\u00f1o.<\/p>\n<p style=\"text-align: justify;\">En Davofr\u00edo podr\u00e1s <strong>comprar una placa electr\u00f3nica<\/strong> de aire acondicionado de la m\u00e1s alta calidad y al mejor precio, disfrutando de las mejores marcas y de un completo asesoramiento personalizado.<\/p>\n<h2 style=\"text-align: justify;\"><span style=\"color: #0000ff;\"><i class=\"fas fa-snowflake \" ><\/i> Comprar una placa electr\u00f3nica de aire acondicionado a excelentes precios. La mejor soluci\u00f3n a tu aver\u00eda<\/span><\/h2>\n<p style=\"text-align: justify;\">Nuestro equipo cualificado de profesionales del sector energ\u00e9tico lleva m\u00e1s de 35 a\u00f1os ayudando a clientes de toda la Comunidad Valenciana. Y como empresa que es servicio t\u00e9cnico oficial de las mejores marcas de aire acondicionado y sistemas de climatizaci\u00f3n, conocemos a la perfecci\u00f3n cualquier problema que pueda surgir en tu equipo.<\/p>\n<p style=\"text-align: justify;\">Y debes creernos cuando te decimos que, por lo general, <strong>la reparaci\u00f3n de las placas electr\u00f3nicas del aire acondicionado es un problema de dif\u00edcil soluci\u00f3n<\/strong>, por lo que siempre debe ser abordado por los profesionales cualificados y con experiencia en el campo.<\/p>\n<p style=\"text-align: justify;\">Aun as\u00ed, la reparaci\u00f3n de placas electr\u00f3nicas de aire acondicionado no es una garant\u00eda para solucionar la aver\u00eda. Por ello en Davofr\u00edo ponemos a tu disposici\u00f3n la <strong>venta de placas electr\u00f3nicas de aire acondicionado<\/strong> de las mejores marcas.<\/p>\n\n<div class=\"wpcf7 no-js\" id=\"wpcf7-f1705-o1\" lang=\"es-ES\" dir=\"ltr\" data-wpcf7-id=\"1705\">\n<div class=\"screen-reader-response\"><p role=\"status\" aria-live=\"polite\" aria-atomic=\"true\"><\/p> <ul><\/ul><\/div>\n<form action=\"\/fr\/wp-json\/wp\/v2\/pages\/3514#wpcf7-f1705-o1\" method=\"post\" class=\"wpcf7-form init\" aria-label=\"Formulario de contacto\" novalidate=\"novalidate\" data-status=\"init\">\n<fieldset class=\"hidden-fields-container\"><input type=\"hidden\" name=\"_wpcf7\" value=\"1705\" \/><input type=\"hidden\" name=\"_wpcf7_version\" value=\"6.1.5\" \/><input type=\"hidden\" name=\"_wpcf7_locale\" value=\"es_ES\" \/><input type=\"hidden\" name=\"_wpcf7_unit_tag\" value=\"wpcf7-f1705-o1\" \/><input type=\"hidden\" name=\"_wpcf7_container_post\" value=\"0\" \/><input type=\"hidden\" name=\"_wpcf7_posted_data_hash\" value=\"\" \/><input type=\"hidden\" name=\"_wpcf7_recaptcha_response\" value=\"\" \/>\n<\/fieldset>\n<div class=\"formulariogenerico\">\n\t<p style=\"font-size:22px; font-weight:700; text-align:center!important;\">Contacta con nosotros\n\t<\/p>\n\t<p><br \/>\n<label> <span class=\"wpcf7-form-control-wrap\" data-name=\"text-378\"><input size=\"40\" maxlength=\"400\" class=\"wpcf7-form-control wpcf7-text wpcf7-validates-as-required\" aria-required=\"true\" aria-invalid=\"false\" placeholder=\"Nombre\" value=\"\" type=\"text\" name=\"text-378\" \/><\/span><\/label><br \/>\n<label> <span class=\"wpcf7-form-control-wrap\" data-name=\"tel-879\"><input size=\"40\" maxlength=\"400\" class=\"wpcf7-form-control wpcf7-tel wpcf7-validates-as-required wpcf7-text wpcf7-validates-as-tel\" aria-required=\"true\" aria-invalid=\"false\" placeholder=\"Tel\u00e9fono\" value=\"\" type=\"tel\" name=\"tel-879\" \/><\/span><\/label><br \/>\n<label> <span class=\"wpcf7-form-control-wrap\" data-name=\"email-956\"><input size=\"40\" maxlength=\"400\" class=\"wpcf7-form-control wpcf7-email wpcf7-validates-as-required wpcf7-text wpcf7-validates-as-email\" aria-required=\"true\" aria-invalid=\"false\" placeholder=\"E-Mail\" value=\"\" type=\"email\" name=\"email-956\" \/><\/span> <\/label><br \/>\n<label> <span class=\"wpcf7-form-control-wrap\" data-name=\"textarea-212\"><textarea cols=\"40\" rows=\"10\" maxlength=\"2000\" class=\"wpcf7-form-control wpcf7-textarea wpcf7-validates-as-required\" aria-required=\"true\" aria-invalid=\"false\" placeholder=\"Tu consulta\" name=\"textarea-212\"><\/textarea><\/span><\/label><br \/>\n<span><span class=\"wpcf7-form-control-wrap\" data-name=\"acceptance-311\"><span class=\"wpcf7-form-control wpcf7-acceptance\"><span class=\"wpcf7-list-item\"><label><input type=\"checkbox\" name=\"acceptance-311\" value=\"1\" aria-invalid=\"false\" \/><span class=\"wpcf7-list-item-label\"><span>Acepto terminos de la <a href=\"https:\/\/www.davofrio.com\/politica-de-privacidad\"> Pol\u00edtica de Privacidad<\/a><\/span><\/span><\/label><\/span><\/span><\/span><\/span><br \/>\n<label><input class=\"wpcf7-form-control wpcf7-submit has-spinner\" type=\"submit\" value=\"Enviar\" \/> <\/label>\n\t<\/p>\n<\/div><div class=\"wpcf7-response-output\" aria-hidden=\"true\"><\/div>\n<\/form>\n<\/div>\n\n<h2 style=\"text-align: justify;\"><span style=\"color: #0000ff;\"><i class=\"far fa-snowflake \" ><\/i> Venta de placas electr\u00f3nicas de aire acondicionado<\/span><\/h2>\n<p style=\"text-align: justify;\">Tanto en las viviendas como en las empresas, la climatizaci\u00f3n es un aspecto importante para adecuar la sensaci\u00f3n que se tiene en un lugar, ya que con excesivo calor o frio, ya sea en casa o en una oficina, una tienda, no se puede aguantar mucho.<\/p>\n<p style=\"text-align: justify;\">Si tienes una oficina, o has puesto aire acondicionado en casa, el consejo que nuestro equipo cualificado de profesionales del sector energ\u00e9tico te da con respecto a la <strong>reparaci\u00f3n placas electr\u00f3nicas de electrodom\u00e9sticos<\/strong>, es que no esperes a que surja el problema en este sentido.<\/p>\n<p style=\"text-align: justify;\">En Davofr\u00edo ponemos a tu disposici\u00f3n a los mejores t\u00e9cnicos <strong>especialistas en placas electr\u00f3nicas de aire acondicionado universal <\/strong>en Alicante, gracias a su excelente capacitaci\u00f3n t\u00e9cnica, que podr\u00e1n asesorarte y ayudarte para comprar una placa electr\u00f3nica de aire acondicionado que se ajuste a tus necesidades y te ofrezca el mejor rendimiento.<\/p>\n<p style=\"text-align: justify;\">Somos <strong>distribuidores de placas electr\u00f3nicas de aire acondicionado<\/strong>. Contacta con nosotros y pide tu presupuesto sin compromiso. Disfrutar\u00e1s al m\u00e1ximo de tu aire acondicionado y de una temperatura agradable en cualquier momento del a\u00f1o.<\/p>\n","protected":false},"excerpt":{"rendered":"<p>El equipo t\u00e9cnico de Davofrio puede ayudarte si notas que tu aire acondicionado no tiene fuerza o no funciona correctamente. Nosotros somos servicio t\u00e9cnico de las principales marcas, y estamos especializados en la venta de placas electr\u00f3nicas al mejor precio en toda la provincia de Alicante y la Comunidad Valenciana. El aire acondicionado es uno &#8230; <a title=\"Venta Placas electr\u00f3nicas de aire acondicionado en Alicante\" class=\"read-more\" href=\"https:\/\/www.davofrio.com\/fr\/placas-electronicas\/\" aria-label=\"En savoir plus sur Venta Placas electr\u00f3nicas de aire acondicionado en Alicante\">Lire plus<\/a><\/p>","protected":false},"author":1,"featured_media":3515,"parent":0,"menu_order":0,"comment_status":"closed","ping_status":"closed","template":"","meta":{"footnotes":""},"class_list":["post-3514","page","type-page","status-publish","has-post-thumbnail"],"_links":{"self":[{"href":"https:\/\/www.davofrio.com\/fr\/wp-json\/wp\/v2\/pages\/3514","targetHints":{"allow":["GET"]}}],"collection":[{"href":"https:\/\/www.davofrio.com\/fr\/wp-json\/wp\/v2\/pages"}],"about":[{"href":"https:\/\/www.davofrio.com\/fr\/wp-json\/wp\/v2\/types\/page"}],"author":[{"embeddable":true,"href":"https:\/\/www.davofrio.com\/fr\/wp-json\/wp\/v2\/users\/1"}],"replies":[{"embeddable":true,"href":"https:\/\/www.davofrio.com\/fr\/wp-json\/wp\/v2\/comments?post=3514"}],"version-history":[{"count":5,"href":"https:\/\/www.davofrio.com\/fr\/wp-json\/wp\/v2\/pages\/3514\/revisions"}],"predecessor-version":[{"id":3924,"href":"https:\/\/www.davofrio.com\/fr\/wp-json\/wp\/v2\/pages\/3514\/revisions\/3924"}],"wp:featuredmedia":[{"embeddable":true,"href":"https:\/\/www.davofrio.com\/fr\/wp-json\/wp\/v2\/media\/3515"}],"wp:attachment":[{"href":"https:\/\/www.davofrio.com\/fr\/wp-json\/wp\/v2\/media?parent=3514"}],"curies":[{"name":"wp","href":"https:\/\/api.w.org\/{rel}","templated":true}]}}