{"id":3340,"date":"2021-02-25T10:54:12","date_gmt":"2021-02-25T09:54:12","guid":{"rendered":"https:\/\/www.davofrio.com\/?page_id=3340"},"modified":"2022-01-28T10:57:42","modified_gmt":"2022-01-28T09:57:42","slug":"servicio-tecnico-hitecsa","status":"publish","type":"page","link":"https:\/\/www.davofrio.com\/fr\/servicio-tecnico-hitecsa\/","title":{"rendered":"Servicio T\u00e9cnico Hitecsa en Alicante y Valencia"},"content":{"rendered":"\t\t<div data-elementor-type=\"wp-page\" data-elementor-id=\"3340\" class=\"elementor elementor-3340\" data-elementor-post-type=\"page\">\n\t\t\t\t\t\t<section class=\"elementor-section elementor-top-section elementor-element elementor-element-1b92aad9 elementor-section-boxed elementor-section-height-default elementor-section-height-default\" data-id=\"1b92aad9\" data-element_type=\"section\" data-e-type=\"section\">\n\t\t\t\t\t\t\t<div class=\"elementor-background-overlay\"><\/div>\n\t\t\t\t\t\t\t<div class=\"elementor-container elementor-column-gap-default\">\n\t\t\t\t\t<div class=\"elementor-column elementor-col-100 elementor-top-column elementor-element elementor-element-6eebce21\" data-id=\"6eebce21\" data-element_type=\"column\" data-e-type=\"column\">\n\t\t\t<div class=\"elementor-widget-wrap elementor-element-populated\">\n\t\t\t\t\t\t<div class=\"elementor-element elementor-element-79024d86 elementor-widget elementor-widget-spacer\" data-id=\"79024d86\" data-element_type=\"widget\" data-e-type=\"widget\" data-widget_type=\"spacer.default\">\n\t\t\t\t<div class=\"elementor-widget-container\">\n\t\t\t\t\t\t\t<div class=\"elementor-spacer\">\n\t\t\t<div class=\"elementor-spacer-inner\"><\/div>\n\t\t<\/div>\n\t\t\t\t\t\t<\/div>\n\t\t\t\t<\/div>\n\t\t\t\t<div class=\"elementor-element elementor-element-5b76659 elementor-widget elementor-widget-heading\" data-id=\"5b76659\" data-element_type=\"widget\" data-e-type=\"widget\" data-widget_type=\"heading.default\">\n\t\t\t\t<div class=\"elementor-widget-container\">\n\t\t\t\t\t<h1 class=\"elementor-heading-title elementor-size-default\">Servicio T\u00e9cnico Hitecsa en Alicante, Valencia y Murcia<\/h1>\t\t\t\t<\/div>\n\t\t\t\t<\/div>\n\t\t\t\t<div class=\"elementor-element elementor-element-382b6ffc elementor-widget elementor-widget-text-editor\" data-id=\"382b6ffc\" data-element_type=\"widget\" data-e-type=\"widget\" data-widget_type=\"text-editor.default\">\n\t\t\t\t<div class=\"elementor-widget-container\">\n\t\t\t\t\t\t\t\t\t<p>Si actualmente est\u00e1s buscando un Servicio T\u00e9cnico de aire acondicionado de Hitecsa en Alicante, Valencia y Murcia, te recomendamos que revises las opciones que te ofrecemos en Davofr\u00edo, donde contamos con numerosos a\u00f1os de experiencia como servicio t\u00e9cnico de la marca en la zona.<\/p>\t\t\t\t\t\t\t\t<\/div>\n\t\t\t\t<\/div>\n\t\t\t\t<section class=\"elementor-section elementor-inner-section elementor-element elementor-element-3f21b0ae elementor-section-boxed elementor-section-height-default elementor-section-height-default\" data-id=\"3f21b0ae\" data-element_type=\"section\" data-e-type=\"section\">\n\t\t\t\t\t\t<div class=\"elementor-container elementor-column-gap-default\">\n\t\t\t\t\t<div class=\"elementor-column elementor-col-50 elementor-inner-column elementor-element elementor-element-52ad9e3d\" data-id=\"52ad9e3d\" data-element_type=\"column\" data-e-type=\"column\">\n\t\t\t<div class=\"elementor-widget-wrap elementor-element-populated\">\n\t\t\t\t\t\t<div class=\"elementor-element elementor-element-620076f4 elementor-align-right elementor-mobile-align-center elementor-widget elementor-widget-button\" data-id=\"620076f4\" data-element_type=\"widget\" data-e-type=\"widget\" data-widget_type=\"button.default\">\n\t\t\t\t<div class=\"elementor-widget-container\">\n\t\t\t\t\t\t\t\t\t<div class=\"elementor-button-wrapper\">\n\t\t\t\t\t<a class=\"elementor-button elementor-button-link elementor-size-lg\" href=\"tel:960002033\">\n\t\t\t\t\t\t<span class=\"elementor-button-content-wrapper\">\n\t\t\t\t\t\t<span class=\"elementor-button-icon\">\n\t\t\t\t<i aria-hidden=\"true\" class=\"fas fa-phone-alt\"><\/i>\t\t\t<\/span>\n\t\t\t\t\t\t\t\t\t<span class=\"elementor-button-text\">LLAMANOS<\/span>\n\t\t\t\t\t<\/span>\n\t\t\t\t\t<\/a>\n\t\t\t\t<\/div>\n\t\t\t\t\t\t\t\t<\/div>\n\t\t\t\t<\/div>\n\t\t\t\t\t<\/div>\n\t\t<\/div>\n\t\t\t\t<div class=\"elementor-column elementor-col-50 elementor-inner-column elementor-element elementor-element-1e949d1e\" data-id=\"1e949d1e\" data-element_type=\"column\" data-e-type=\"column\">\n\t\t\t<div class=\"elementor-widget-wrap elementor-element-populated\">\n\t\t\t\t\t\t<div class=\"elementor-element elementor-element-af6b763 elementor-align-left elementor-mobile-align-center elementor-widget elementor-widget-button\" data-id=\"af6b763\" data-element_type=\"widget\" data-e-type=\"widget\" data-widget_type=\"button.default\">\n\t\t\t\t<div class=\"elementor-widget-container\">\n\t\t\t\t\t\t\t\t\t<div class=\"elementor-button-wrapper\">\n\t\t\t\t\t<a class=\"elementor-button elementor-button-link elementor-size-lg\" href=\"https:\/\/www.davofrio.com\/contacto\">\n\t\t\t\t\t\t<span class=\"elementor-button-content-wrapper\">\n\t\t\t\t\t\t<span class=\"elementor-button-icon\">\n\t\t\t\t<i aria-hidden=\"true\" class=\"fas fa-envelope\"><\/i>\t\t\t<\/span>\n\t\t\t\t\t\t\t\t\t<span class=\"elementor-button-text\">CONTACTANOS<\/span>\n\t\t\t\t\t<\/span>\n\t\t\t\t\t<\/a>\n\t\t\t\t<\/div>\n\t\t\t\t\t\t\t\t<\/div>\n\t\t\t\t<\/div>\n\t\t\t\t\t<\/div>\n\t\t<\/div>\n\t\t\t\t\t<\/div>\n\t\t<\/section>\n\t\t\t\t<div class=\"elementor-element elementor-element-4365f73d elementor-widget elementor-widget-spacer\" data-id=\"4365f73d\" data-element_type=\"widget\" data-e-type=\"widget\" data-widget_type=\"spacer.default\">\n\t\t\t\t<div class=\"elementor-widget-container\">\n\t\t\t\t\t\t\t<div class=\"elementor-spacer\">\n\t\t\t<div class=\"elementor-spacer-inner\"><\/div>\n\t\t<\/div>\n\t\t\t\t\t\t<\/div>\n\t\t\t\t<\/div>\n\t\t\t\t\t<\/div>\n\t\t<\/div>\n\t\t\t\t\t<\/div>\n\t\t<\/section>\n\t\t\t\t<section class=\"elementor-section elementor-top-section elementor-element elementor-element-840697c elementor-section-boxed elementor-section-height-default elementor-section-height-default\" data-id=\"840697c\" data-element_type=\"section\" data-e-type=\"section\">\n\t\t\t\t\t\t<div class=\"elementor-container elementor-column-gap-default\">\n\t\t\t\t\t<div class=\"elementor-column elementor-col-66 elementor-top-column elementor-element elementor-element-08636f1\" data-id=\"08636f1\" data-element_type=\"column\" data-e-type=\"column\">\n\t\t\t<div class=\"elementor-widget-wrap elementor-element-populated\">\n\t\t\t\t\t\t<div class=\"elementor-element elementor-element-655214d0 elementor-widget elementor-widget-text-editor\" data-id=\"655214d0\" data-element_type=\"widget\" data-e-type=\"widget\" data-widget_type=\"text-editor.default\">\n\t\t\t\t<div class=\"elementor-widget-container\">\n\t\t\t\t\t\t\t\t\t<p><script type=\"application\/ld+json\">\n{\n  \"@context\": \"https:\/\/schema.org\",\n  \"@type\": \"HVACBusiness\",\n  \"name\": \"Davofrio\",\n  \"image\": \"https:\/\/www.davofrio.com\/wp-content\/uploads\/2020\/11\/cropped-favicon-davofrio.png\",\n  \"@id\": \"https:\/\/www.davofrio.com\/\",\n  \"url\": \"https:\/\/www.davofrio.com\/\",\n  \"telephone\": \"965 05 87 31\",\n  \"priceRange\": \"\u20ac\u20ac\u20ac\",\n  \"address\": {\n    \"@type\": \"PostalAddress\",\n    \"streetAddress\": \"Calle del Veterinario Manuel Isidro Rodr\u00edguez Garc\u00eda, 53\",\n    \"addressLocality\": \"Sant Vicent del Raspeig\",\n    \"postalCode\": \"03690\",\n    \"addressCountry\": \"ES\"\n  },\n  \"geo\": {\n    \"@type\": \"GeoCoordinates\",\n    \"latitude\": 38.3879266,\n    \"longitude\": -0.4961261\n  },\n\"openingHoursSpecification\": [\n  {\n    \"@type\": \"OpeningHoursSpecification\",\n    \"dayOfWeek\": [\n      \"Monday\",\n      \"Tuesday\",\n      \"Wednesday\",\n      \"Thursday\",\n      \"Friday\"\n    ],\n    \"opens\": \"09:00\",\n    \"closes\": \"14:00\"\n  },\n  {\n    \"@type\": \"OpeningHoursSpecification\",\n    \"dayOfWeek\": [\n      \"Monday\",\n      \"Tuesday\",\n      \"Wednesday\",\n      \"Thursday\",\n      \"Friday\"\n    ],\n    \"opens\": \"16:00\",\n    \"closes\": \"18:00\"\n  }\n ]\n}\n<\/script><\/p>\n<p style=\"text-align: justify;\">Hitecsa es una empresa <strong>pionera en sistemas de climatizaci\u00f3n y aire acondicionado<\/strong> que no solo se centra en hogares sino que tambi\u00e9n ofrece soluciones complejas para oficinas, escuelas, hospitales, naves industriales y hasta centros comerciales.<\/p>\n<p style=\"text-align: justify;\">Debido a lo complejo de muchos de sus productos, te recomendamos que apuestes siempre por un buen <em>Servicio T\u00e9cnico Hitecsa<\/em>, para realizar un mantenimiento peri\u00f3dico o arreglar una incidencia en tu sistema de climatizaci\u00f3n.<\/p>\n<h2 style=\"text-align: justify;\">Trayectoria y liderazgo, claves de un Servicio T\u00e9cnico Hitecsa en Alicante y Valencia<\/h2>\n<p style=\"text-align: justify;\">Hitecsa es l\u00edder en el mercado de Espa\u00f1a en <strong>creaci\u00f3n y fabricaci\u00f3n de equipos de climatizaci\u00f3n industrial<\/strong> aunque su propuesta no se queda solo aqu\u00ed y sus productos tambi\u00e9n pueden comprarse para espacios m\u00e1s reducidos. A nivel internacional son reconocidos por un buen servicio y una entrega siempre en tiempos.<\/p>\n<p style=\"text-align: justify;\">Es por eso por lo que, si tienes alg\u00fan producto de la marca y necesitas cualquier tipo de ayuda por parte de un servicio t\u00e9cnico, lo mismo que deber\u00edas buscar es una oferta tan buena como la que te ofrece la marca en cada uno de sus productos.<\/p>\n<p style=\"text-align: justify;\">Si est\u00e1s buscando actualmente un <strong><em>Servicio T\u00e9cnico Hitecsa en Alicante y Valencia<\/em><\/strong>, deber\u00e1s tener en cuenta la experiencia de los t\u00e9cnicos a la hora de reparar sus productos y la <strong>garant\u00eda de calidad de servicio<\/strong> que te pueden ofrecer.<\/p>\n<p style=\"text-align: justify;\">Cuando buscas un Servicio T\u00e9cnico de Hitecsa es importante que los t\u00e9cnicos que te atiendan puedan acreditar su <strong>conocimiento en reparaci\u00f3n y mantenimiento<\/strong> de los aparatos de la marca. Solo esto te dar\u00e1 una seguridad total.<\/p>\n<h2 style=\"text-align: justify;\">Davofr\u00edo, tu Servicio T\u00e9cnico Hitecsa en Alicante y Valencia<\/h2>\n<p style=\"text-align: justify;\">Hitecsa es una de las marcas m\u00e1s utilizadas de climatizaci\u00f3n actualmente. La <strong>calidad de sus productos es excelente<\/strong> pero de forma peri\u00f3dica tendremos que realizar mantenimiento de nuestros aparatos de la marca para alargar su tiempo de vida. Igualmente es probable que alguna vez tengamos que realizar alg\u00fan tipo de reparaci\u00f3n de forma puntual.<\/p>\n<p style=\"text-align: justify;\">Si ahora mismo est\u00e1s buscando un <strong>Servicio T\u00e9cnico de Hitecsa en Alicante ciudad o provincia, Davofr\u00edo es perfecto para ti.<\/strong><\/p>\n<p style=\"text-align: justify;\">Contamos con t\u00e9cnicos especializados en la marca que pueden asegurarte un servicio r\u00e1pido y eficiente gracias al cual aproveches al m\u00e1ximo tus aparatos de la marca.<\/p>\n<p style=\"text-align: justify;\">Contacta ya con nosotros y te realizaremos una evaluaci\u00f3n y presupuesto personalizado sin ning\u00fan tipo de compromiso.<\/p>\t\t\t\t\t\t\t\t<\/div>\n\t\t\t\t<\/div>\n\t\t\t\t<div class=\"elementor-element elementor-element-0e6b2fb elementor-widget elementor-widget-spacer\" data-id=\"0e6b2fb\" data-element_type=\"widget\" data-e-type=\"widget\" data-widget_type=\"spacer.default\">\n\t\t\t\t<div class=\"elementor-widget-container\">\n\t\t\t\t\t\t\t<div class=\"elementor-spacer\">\n\t\t\t<div class=\"elementor-spacer-inner\"><\/div>\n\t\t<\/div>\n\t\t\t\t\t\t<\/div>\n\t\t\t\t<\/div>\n\t\t\t\t\t<\/div>\n\t\t<\/div>\n\t\t\t\t<div class=\"elementor-column elementor-col-33 elementor-top-column elementor-element elementor-element-82e6fc1\" data-id=\"82e6fc1\" data-element_type=\"column\" data-e-type=\"column\">\n\t\t\t<div class=\"elementor-widget-wrap elementor-element-populated\">\n\t\t\t\t\t\t<div class=\"elementor-element elementor-element-c5fcf2d elementor-widget elementor-widget-sidebar\" data-id=\"c5fcf2d\" data-element_type=\"widget\" data-e-type=\"widget\" data-widget_type=\"sidebar.default\">\n\t\t\t\t<div class=\"elementor-widget-container\">\n\t\t\t\t\t<aside id=\"block-28\" class=\"widget inner-padding widget_block\">\n<h2 class=\"wp-block-heading has-text-align-left has-text-color has-link-color has-x-large-font-size wp-elements-cb61bb2b5d4eba75bb9c5d8d0081c890\" style=\"color:#0f5abf;font-style:normal;font-weight:700\">DAVOFR\u00cdO<\/h2>\n<\/aside><aside id=\"block-30\" class=\"widget inner-padding widget_block widget_media_image\">\n<figure class=\"wp-block-image size-large is-resized\"><img fetchpriority=\"high\" decoding=\"async\" fetchpriority=\"high\" width=\"1024\" height=\"796\" src=\"https:\/\/www.davofrio.com\/wp-content\/uploads\/2022\/10\/Davofrio-Fachada-1024x796.png\" alt=\"Davofrio Empresa de Climatizaci\u00f3n -Servicio T\u00e9cnico oficial en Alicante, Valencia y Murcia\" class=\"wp-image-8098\" style=\"width:345px;height:auto\" srcset=\"https:\/\/www.davofrio.com\/wp-content\/uploads\/2022\/10\/Davofrio-Fachada-1024x796.png 1024w, https:\/\/www.davofrio.com\/wp-content\/uploads\/2022\/10\/Davofrio-Fachada-300x233.png 300w, https:\/\/www.davofrio.com\/wp-content\/uploads\/2022\/10\/Davofrio-Fachada-600x466.png 600w, https:\/\/www.davofrio.com\/wp-content\/uploads\/2022\/10\/Davofrio-Fachada.png 1508w\" sizes=\"(max-width: 1024px) 100vw, 1024px\" \/><\/figure>\n<\/aside><aside id=\"block-32\" class=\"widget inner-padding widget_block widget_text\">\n<p class=\"\">Si est\u00e1s considerando la instalaci\u00f3n de un sistema de <strong>climatizaci\u00f3n <\/strong>en Alicante, Valencia o Murcia, conf\u00eda en nuestros expertos instaladores, tenemos m\u00e1s de 25 a\u00f1os de experiencia. En&nbsp;Davofr\u00edo&nbsp;llevamos a cabo el proyecto de manera eficiente y profesional. Cont\u00e1ctanos hoy mismo para obtener m\u00e1s informaci\u00f3n.<\/p>\n<\/aside><aside id=\"block-43\" class=\"widget inner-padding widget_block\">\n<div class=\"wp-block-buttons is-layout-flex wp-block-buttons-is-layout-flex\">\n<div class=\"wp-block-button is-style-fill\"><a class=\"wp-block-button__link has-base-3-color has-text-color has-background has-link-color wp-element-button\" href=\"https:\/\/www.davofrio.com\/\" style=\"border-radius:0px;background-color:#0f5abf\"><strong>CONOCE M\u00c1S<\/strong><\/a><\/div>\n<\/div>\n<\/aside><aside id=\"custom_html-2\" class=\"widget_text widget inner-padding widget_custom_html\"><div class=\"textwidget custom-html-widget\">\n<div class=\"wpcf7 no-js\" id=\"wpcf7-f1705-o1\" lang=\"es-ES\" dir=\"ltr\" data-wpcf7-id=\"1705\">\n<div class=\"screen-reader-response\"><p role=\"status\" aria-live=\"polite\" aria-atomic=\"true\"><\/p> <ul><\/ul><\/div>\n<form action=\"\/fr\/wp-json\/wp\/v2\/pages\/3340#wpcf7-f1705-o1\" method=\"post\" class=\"wpcf7-form init\" aria-label=\"Formulario de contacto\" novalidate=\"novalidate\" data-status=\"init\">\n<fieldset class=\"hidden-fields-container\"><input type=\"hidden\" name=\"_wpcf7\" value=\"1705\" \/><input type=\"hidden\" name=\"_wpcf7_version\" value=\"6.1.5\" \/><input type=\"hidden\" name=\"_wpcf7_locale\" value=\"es_ES\" \/><input type=\"hidden\" name=\"_wpcf7_unit_tag\" value=\"wpcf7-f1705-o1\" \/><input type=\"hidden\" name=\"_wpcf7_container_post\" value=\"0\" \/><input type=\"hidden\" name=\"_wpcf7_posted_data_hash\" value=\"\" \/><input type=\"hidden\" name=\"_wpcf7_recaptcha_response\" value=\"\" \/>\n<\/fieldset>\n<div class=\"formulariogenerico\">\n\t<p style=\"font-size:22px; font-weight:700; text-align:center!important;\">Contacta con nosotros\n\t<\/p>\n\t<p><br \/>\n<label> <span class=\"wpcf7-form-control-wrap\" data-name=\"text-378\"><input size=\"40\" maxlength=\"400\" class=\"wpcf7-form-control wpcf7-text wpcf7-validates-as-required\" aria-required=\"true\" aria-invalid=\"false\" placeholder=\"Nombre\" value=\"\" type=\"text\" name=\"text-378\" \/><\/span><\/label><br \/>\n<label> <span class=\"wpcf7-form-control-wrap\" data-name=\"tel-879\"><input size=\"40\" maxlength=\"400\" class=\"wpcf7-form-control wpcf7-tel wpcf7-validates-as-required wpcf7-text wpcf7-validates-as-tel\" aria-required=\"true\" aria-invalid=\"false\" placeholder=\"Tel\u00e9fono\" value=\"\" type=\"tel\" name=\"tel-879\" \/><\/span><\/label><br \/>\n<label> <span class=\"wpcf7-form-control-wrap\" data-name=\"email-956\"><input size=\"40\" maxlength=\"400\" class=\"wpcf7-form-control wpcf7-email wpcf7-validates-as-required wpcf7-text wpcf7-validates-as-email\" aria-required=\"true\" aria-invalid=\"false\" placeholder=\"E-Mail\" value=\"\" type=\"email\" name=\"email-956\" \/><\/span> <\/label><br \/>\n<label> <span class=\"wpcf7-form-control-wrap\" data-name=\"textarea-212\"><textarea cols=\"40\" rows=\"10\" maxlength=\"2000\" class=\"wpcf7-form-control wpcf7-textarea wpcf7-validates-as-required\" aria-required=\"true\" aria-invalid=\"false\" placeholder=\"Tu consulta\" name=\"textarea-212\"><\/textarea><\/span><\/label><br \/>\n<span><span class=\"wpcf7-form-control-wrap\" data-name=\"acceptance-311\"><span class=\"wpcf7-form-control wpcf7-acceptance\"><span class=\"wpcf7-list-item\"><label><input type=\"checkbox\" name=\"acceptance-311\" value=\"1\" aria-invalid=\"false\" \/><span class=\"wpcf7-list-item-label\"><span>Acepto terminos de la <a href=\"https:\/\/www.davofrio.com\/politica-de-privacidad\"> Pol\u00edtica de Privacidad<\/a><\/span><\/span><\/label><\/span><\/span><\/span><\/span><br \/>\n<label><input class=\"wpcf7-form-control wpcf7-submit has-spinner\" type=\"submit\" value=\"Enviar\" \/> <\/label>\n\t<\/p>\n<\/div><div class=\"wpcf7-response-output\" aria-hidden=\"true\"><\/div>\n<\/form>\n<\/div>\n<\/div><\/aside><aside id=\"block-37\" class=\"widget inner-padding widget_block\">\n<h2 class=\"wp-block-heading\"><a href=\"\/blog\/\"><strong>VISITA NUESTRO BLOG<\/strong><\/a><\/h2>\n<\/aside><aside id=\"block-38\" class=\"widget inner-padding widget_block widget_categories\"><ul class=\"wp-block-categories-list categorias wp-block-categories\">\t<li class=\"cat-item cat-item-272\"><a href=\"https:\/\/www.davofrio.com\/fr\/category\/aerotermia\/\">Aerotermia<\/a>\n<\/li>\n\t<li class=\"cat-item cat-item-279\"><a href=\"https:\/\/www.davofrio.com\/fr\/category\/aire-acondicionado\/\">Aire acondicionado<\/a>\n<\/li>\n\t<li class=\"cat-item cat-item-277\"><a href=\"https:\/\/www.davofrio.com\/fr\/category\/biomasa\/\">Biomasa<\/a>\n<\/li>\n\t<li class=\"cat-item cat-item-105\"><a href=\"https:\/\/www.davofrio.com\/fr\/category\/blog\/\">blog<\/a>\n<\/li>\n\t<li class=\"cat-item cat-item-287\"><a href=\"https:\/\/www.davofrio.com\/fr\/category\/caldera\/\">Caldera<\/a>\n<\/li>\n\t<li class=\"cat-item cat-item-283\"><a href=\"https:\/\/www.davofrio.com\/fr\/category\/casas-bioclimaticas\/\">Casas bioclimaticas<\/a>\n<\/li>\n\t<li class=\"cat-item cat-item-285\"><a href=\"https:\/\/www.davofrio.com\/fr\/category\/climatizacion\/\">Climatizaci\u00f3n<\/a>\n<\/li>\n\t<li class=\"cat-item cat-item-282\"><a href=\"https:\/\/www.davofrio.com\/fr\/category\/domotica\/\">Domotica<\/a>\n<\/li>\n\t<li class=\"cat-item cat-item-286\"><a href=\"https:\/\/www.davofrio.com\/fr\/category\/ecoeficiencia\/\">Ecoeficiencia<\/a>\n<\/li>\n\t<li class=\"cat-item cat-item-281\"><a href=\"https:\/\/www.davofrio.com\/fr\/category\/eolica\/\">E\u00f3lica<\/a>\n<\/li>\n\t<li class=\"cat-item cat-item-276\"><a href=\"https:\/\/www.davofrio.com\/fr\/category\/fotovoltaica\/\">Fotovoltaica<\/a>\n<\/li>\n\t<li class=\"cat-item cat-item-275\"><a href=\"https:\/\/www.davofrio.com\/fr\/category\/geotermia\/\">Geotermia<\/a>\n<\/li>\n\t<li class=\"cat-item cat-item-278\"><a href=\"https:\/\/www.davofrio.com\/fr\/category\/mantenimiento-aerotermia\/\">Mantenimiento Aerotermia<\/a>\n<\/li>\n\t<li class=\"cat-item cat-item-273\"><a href=\"https:\/\/www.davofrio.com\/fr\/category\/mantenimientos-aire-acondicionado\/\">Mantenimientos aire acondicionado<\/a>\n<\/li>\n\t<li class=\"cat-item cat-item-280\"><a href=\"https:\/\/www.davofrio.com\/fr\/category\/noticias\/\">Noticias<\/a>\n<\/li>\n\t<li class=\"cat-item cat-item-274\"><a href=\"https:\/\/www.davofrio.com\/fr\/category\/servicio-tecnico-oficial\/\">Servicio t\u00e9cnico Oficial<\/a>\n<\/li>\n\t<li class=\"cat-item cat-item-284\"><a href=\"https:\/\/www.davofrio.com\/fr\/category\/suelo-radiante\/\">Suelo radiante<\/a>\n<\/li>\n<\/ul><\/aside><aside id=\"block-27\" class=\"widget inner-padding widget_block widget_search\"><form role=\"search\" method=\"get\" action=\"https:\/\/www.davofrio.com\/fr\/\" class=\"wp-block-search__button-outside wp-block-search__text-button wp-block-search\"    ><label class=\"wp-block-search__label screen-reader-text\" for=\"wp-block-search__input-1\" >Rechercher<\/label><div class=\"wp-block-search__inside-wrapper\"  style=\"width: 100%\"><input class=\"wp-block-search__input\" id=\"wp-block-search__input-1\" placeholder=\"Busca en el blog\" value=\"\" type=\"search\" name=\"s\" required \/><button aria-label=\"Buscar\" class=\"wp-block-search__button has-text-color has-base-3-color wp-element-button\" type=\"submit\" >Buscar<\/button><\/div><\/form><\/aside>\t\t\t\t<\/div>\n\t\t\t\t<\/div>\n\t\t\t\t\t<\/div>\n\t\t<\/div>\n\t\t\t\t\t<\/div>\n\t\t<\/section>\n\t\t\t\t<section class=\"elementor-section elementor-top-section elementor-element elementor-element-650cb06d elementor-section-boxed elementor-section-height-default elementor-section-height-default\" data-id=\"650cb06d\" data-element_type=\"section\" data-e-type=\"section\">\n\t\t\t\t\t\t<div class=\"elementor-container elementor-column-gap-default\">\n\t\t\t\t\t<div class=\"elementor-column elementor-col-50 elementor-top-column elementor-element elementor-element-68668d0b\" data-id=\"68668d0b\" data-element_type=\"column\" data-e-type=\"column\">\n\t\t\t<div class=\"elementor-widget-wrap elementor-element-populated\">\n\t\t\t\t\t\t<div class=\"elementor-element elementor-element-31c58b3a elementor-align-center elementor-widget elementor-widget-button\" data-id=\"31c58b3a\" data-element_type=\"widget\" data-e-type=\"widget\" data-widget_type=\"button.default\">\n\t\t\t\t<div class=\"elementor-widget-container\">\n\t\t\t\t\t\t\t\t\t<div class=\"elementor-button-wrapper\">\n\t\t\t\t\t<a class=\"elementor-button elementor-button-link elementor-size-md\" href=\"https:\/\/www.davofrio.com\/contacto\">\n\t\t\t\t\t\t<span class=\"elementor-button-content-wrapper\">\n\t\t\t\t\t\t<span class=\"elementor-button-icon\">\n\t\t\t\t<i aria-hidden=\"true\" class=\"far fa-eye\"><\/i>\t\t\t<\/span>\n\t\t\t\t\t\t\t\t\t<span class=\"elementor-button-text\">Solicita tu aviso de aver\u00eda Hitecsa<\/span>\n\t\t\t\t\t<\/span>\n\t\t\t\t\t<\/a>\n\t\t\t\t<\/div>\n\t\t\t\t\t\t\t\t<\/div>\n\t\t\t\t<\/div>\n\t\t\t\t<div class=\"elementor-element elementor-element-474c988 elementor-widget elementor-widget-spacer\" data-id=\"474c988\" data-element_type=\"widget\" data-e-type=\"widget\" data-widget_type=\"spacer.default\">\n\t\t\t\t<div class=\"elementor-widget-container\">\n\t\t\t\t\t\t\t<div class=\"elementor-spacer\">\n\t\t\t<div class=\"elementor-spacer-inner\"><\/div>\n\t\t<\/div>\n\t\t\t\t\t\t<\/div>\n\t\t\t\t<\/div>\n\t\t\t\t\t<\/div>\n\t\t<\/div>\n\t\t\t\t<div class=\"elementor-column elementor-col-50 elementor-top-column elementor-element elementor-element-5ef6dc48\" data-id=\"5ef6dc48\" data-element_type=\"column\" data-e-type=\"column\">\n\t\t\t<div class=\"elementor-widget-wrap elementor-element-populated\">\n\t\t\t\t\t\t<div class=\"elementor-element elementor-element-2e502e80 elementor-align-center elementor-widget elementor-widget-button\" data-id=\"2e502e80\" data-element_type=\"widget\" data-e-type=\"widget\" data-widget_type=\"button.default\">\n\t\t\t\t<div class=\"elementor-widget-container\">\n\t\t\t\t\t\t\t\t\t<div class=\"elementor-button-wrapper\">\n\t\t\t\t\t<a class=\"elementor-button elementor-button-link elementor-size-md\" href=\"https:\/\/www.davofrio.com\/solicita-presupuesto\">\n\t\t\t\t\t\t<span class=\"elementor-button-content-wrapper\">\n\t\t\t\t\t\t<span class=\"elementor-button-icon\">\n\t\t\t\t<i aria-hidden=\"true\" class=\"far fa-eye\"><\/i>\t\t\t<\/span>\n\t\t\t\t\t\t\t\t\t<span class=\"elementor-button-text\">Solicita tu Presupuesto Hitecsa<\/span>\n\t\t\t\t\t<\/span>\n\t\t\t\t\t<\/a>\n\t\t\t\t<\/div>\n\t\t\t\t\t\t\t\t<\/div>\n\t\t\t\t<\/div>\n\t\t\t\t<div class=\"elementor-element elementor-element-9226759 elementor-widget elementor-widget-spacer\" data-id=\"9226759\" data-element_type=\"widget\" data-e-type=\"widget\" data-widget_type=\"spacer.default\">\n\t\t\t\t<div class=\"elementor-widget-container\">\n\t\t\t\t\t\t\t<div class=\"elementor-spacer\">\n\t\t\t<div class=\"elementor-spacer-inner\"><\/div>\n\t\t<\/div>\n\t\t\t\t\t\t<\/div>\n\t\t\t\t<\/div>\n\t\t\t\t\t<\/div>\n\t\t<\/div>\n\t\t\t\t\t<\/div>\n\t\t<\/section>\n\t\t\t\t<\/div>\n\t\t","protected":false},"excerpt":{"rendered":"<p>Servicio T\u00e9cnico Hitecsa en Alicante, Valencia y Murcia Si actualmente est\u00e1s buscando un Servicio T\u00e9cnico de aire acondicionado de Hitecsa en Alicante, Valencia y Murcia, te recomendamos que revises las opciones que te ofrecemos en Davofr\u00edo, donde contamos con numerosos a\u00f1os de experiencia como servicio t\u00e9cnico de la marca en la zona. LLAMANOS CONTACTANOS Hitecsa &#8230; <a title=\"Servicio T\u00e9cnico Hitecsa en Alicante y Valencia\" class=\"read-more\" href=\"https:\/\/www.davofrio.com\/fr\/servicio-tecnico-hitecsa\/\" aria-label=\"En savoir plus sur Servicio T\u00e9cnico Hitecsa en Alicante y Valencia\">Lire plus<\/a><\/p>","protected":false},"author":1,"featured_media":0,"parent":0,"menu_order":0,"comment_status":"closed","ping_status":"closed","template":"elementor_header_footer","meta":{"footnotes":""},"class_list":["post-3340","page","type-page","status-publish"],"_links":{"self":[{"href":"https:\/\/www.davofrio.com\/fr\/wp-json\/wp\/v2\/pages\/3340","targetHints":{"allow":["GET"]}}],"collection":[{"href":"https:\/\/www.davofrio.com\/fr\/wp-json\/wp\/v2\/pages"}],"about":[{"href":"https:\/\/www.davofrio.com\/fr\/wp-json\/wp\/v2\/types\/page"}],"author":[{"embeddable":true,"href":"https:\/\/www.davofrio.com\/fr\/wp-json\/wp\/v2\/users\/1"}],"replies":[{"embeddable":true,"href":"https:\/\/www.davofrio.com\/fr\/wp-json\/wp\/v2\/comments?post=3340"}],"version-history":[{"count":5,"href":"https:\/\/www.davofrio.com\/fr\/wp-json\/wp\/v2\/pages\/3340\/revisions"}],"predecessor-version":[{"id":6673,"href":"https:\/\/www.davofrio.com\/fr\/wp-json\/wp\/v2\/pages\/3340\/revisions\/6673"}],"wp:attachment":[{"href":"https:\/\/www.davofrio.com\/fr\/wp-json\/wp\/v2\/media?parent=3340"}],"curies":[{"name":"wp","href":"https:\/\/api.w.org\/{rel}","templated":true}]}}