{"id":31,"date":"2017-10-22T12:45:15","date_gmt":"2017-10-22T12:45:15","guid":{"rendered":"https:\/\/www.davofrio.com\/?page_id=31"},"modified":"2020-07-10T19:17:13","modified_gmt":"2020-07-10T17:17:13","slug":"aviso-legal","status":"publish","type":"page","link":"https:\/\/www.davofrio.com\/fr\/aviso-legal\/","title":{"rendered":"Mentions l\u00e9gales"},"content":{"rendered":"<p>En cumplimiento del art\u00edculo 10 de la Ley 34\/2002, de 11 de julio, de Servicios de la Sociedad de la Informaci\u00f3n y Comercio Electr\u00f3nico, a continuaci\u00f3n se exponen los datos identificativos de la empresa.<\/p>\n<p><strong>Davofr\u00edo<\/strong><\/p>\n<ul>\n<li>Domicilio social<\/li>\n<li>Davofr\u00edo S.L.<br \/>\nC\/Veterinario Manuel Isidro Rodriguez Garcia 53<br \/>\n03690 San Vicente Del Raspeig<\/li>\n<li>Alicante<br \/>\n<a href=\"mailto:info@www.davofrio.com\">info@www.davofrio.com<\/a><\/li>\n<li>CIF: B-54141999<\/li>\n<\/ul>\n<p><strong>Propiedad Intelectual<\/strong><\/p>\n<p>Los contenidos de este sitio web, textos, im\u00e1genes, sonidos, animaciones, etc. as\u00ed como su dise\u00f1o gr\u00e1fico y su c\u00f3digo fuente est\u00e1n protegidos por la legislaci\u00f3n espa\u00f1ola sobre los derechos de propiedad intelectual e industrial a favor de Davofr\u00edo Queda por tanto totalmente prohibida su reproducci\u00f3n, distribuci\u00f3n o comunicaci\u00f3n p\u00fablica, total o parcial, sin la autorizaci\u00f3n expresa de Davofr\u00edo<\/p>\n<p><strong>Contenido de la web y enlaces<\/strong><\/p>\n<p>En Davofr\u00edo no nos responsabilizamos del mal uso que se realice de los contenidos de nuestra p\u00e1gina web, siendo exclusiva responsabilidad de la persona que accede a ellos o los utiliza.<\/p>\n<p>Tampoco asumimos ninguna responsabilidad por la informaci\u00f3n contenida en las p\u00e1ginas web de terceros a las que se pueda acceder por enlaces o buscadores desde este sitio web.<\/p>\n<p><strong>Actualizaci\u00f3n y modificaci\u00f3n de la p\u00e1gina web<\/strong><\/p>\n<p>Davofr\u00edo se reserva el derecho a modificar o eliminar, sin previo aviso, tanto la informaci\u00f3n contenida en su sitio web como su configuraci\u00f3n y presentaci\u00f3n, sin asumir responsabilidad alguna por ello.<\/p>\n<p><strong>Indicaciones sobre aspectos t\u00e9cnicos<\/strong><\/p>\n<p>Davofr\u00edo no asume ninguna responsabilidad que se pueda derivar de problemas t\u00e9cnicos o fallos en los equipos inform\u00e1ticos que se produzcan durante la conexi\u00f3n a la red de Internet, as\u00ed como de da\u00f1os que pudieran ser causados por terceras personas mediante intromisiones ileg\u00edtimas fuera del control de Davofr\u00edo Tambi\u00e9n quedamos exonerados de toda responsabilidad ante posibles da\u00f1os o perjuicios que pueda sufrir el usuario a consecuencia de errores, defectos u omisiones en la informaci\u00f3n que facilitemos cuando proceda de fuentes ajenas a nosotros.<\/p>","protected":false},"excerpt":{"rendered":"<p>En cumplimiento del art\u00edculo 10 de la Ley 34\/2002, de 11 de julio, de Servicios de la Sociedad de la Informaci\u00f3n y Comercio Electr\u00f3nico, a continuaci\u00f3n se exponen los datos identificativos de la empresa. Davofr\u00edo Domicilio social Davofr\u00edo S.L. C\/Veterinario Manuel Isidro Rodriguez Garcia 53 03690 San Vicente Del Raspeig Alicante info@www.davofrio.com CIF: B-54141999 Propiedad &#8230; <a title=\"Mentions l\u00e9gales\" class=\"read-more\" href=\"https:\/\/www.davofrio.com\/fr\/aviso-legal\/\" aria-label=\"En savoir plus sur Aviso legal\">Lire plus<\/a><\/p>","protected":false},"author":1,"featured_media":0,"parent":0,"menu_order":31,"comment_status":"closed","ping_status":"closed","template":"template-interna.php","meta":{"footnotes":""},"class_list":["post-31","page","type-page","status-publish"],"_links":{"self":[{"href":"https:\/\/www.davofrio.com\/fr\/wp-json\/wp\/v2\/pages\/31","targetHints":{"allow":["GET"]}}],"collection":[{"href":"https:\/\/www.davofrio.com\/fr\/wp-json\/wp\/v2\/pages"}],"about":[{"href":"https:\/\/www.davofrio.com\/fr\/wp-json\/wp\/v2\/types\/page"}],"author":[{"embeddable":true,"href":"https:\/\/www.davofrio.com\/fr\/wp-json\/wp\/v2\/users\/1"}],"replies":[{"embeddable":true,"href":"https:\/\/www.davofrio.com\/fr\/wp-json\/wp\/v2\/comments?post=31"}],"version-history":[{"count":4,"href":"https:\/\/www.davofrio.com\/fr\/wp-json\/wp\/v2\/pages\/31\/revisions"}],"predecessor-version":[{"id":1423,"href":"https:\/\/www.davofrio.com\/fr\/wp-json\/wp\/v2\/pages\/31\/revisions\/1423"}],"wp:attachment":[{"href":"https:\/\/www.davofrio.com\/fr\/wp-json\/wp\/v2\/media?parent=31"}],"curies":[{"name":"wp","href":"https:\/\/api.w.org\/{rel}","templated":true}]}}