{"id":2416,"date":"2020-10-30T18:01:01","date_gmt":"2020-10-30T17:01:01","guid":{"rendered":"https:\/\/www.davofrio.com\/?page_id=2416"},"modified":"2025-03-18T12:16:25","modified_gmt":"2025-03-18T11:16:25","slug":"aire-acondicionado-de-conductos","status":"publish","type":"page","link":"https:\/\/www.davofrio.com\/fr\/aire-acondicionado-de-conductos\/","title":{"rendered":"Aire acondicionado de conductos"},"content":{"rendered":"\t\t<div data-elementor-type=\"wp-page\" data-elementor-id=\"2416\" class=\"elementor elementor-2416\" data-elementor-post-type=\"page\">\n\t\t\t\t\t\t<section class=\"elementor-section elementor-top-section elementor-element elementor-element-ac62ad3 elementor-section-boxed elementor-section-height-default elementor-section-height-default\" data-id=\"ac62ad3\" data-element_type=\"section\" data-e-type=\"section\">\n\t\t\t\t\t\t<div class=\"elementor-container elementor-column-gap-default\">\n\t\t\t\t\t<div class=\"elementor-column elementor-col-100 elementor-top-column elementor-element elementor-element-8252b2e\" data-id=\"8252b2e\" data-element_type=\"column\" data-e-type=\"column\">\n\t\t\t<div class=\"elementor-widget-wrap elementor-element-populated\">\n\t\t\t\t\t\t<div class=\"elementor-element elementor-element-3a6eac84 elementor-widget elementor-widget-text-editor\" data-id=\"3a6eac84\" data-element_type=\"widget\" data-e-type=\"widget\" data-widget_type=\"text-editor.default\">\n\t\t\t\t<div class=\"elementor-widget-container\">\n\t\t\t\t\t\t\t\t\t<p><script type=\"application\/ld+json\">\n{\n  \"@context\": \"https:\/\/schema.org\",\n  \"@type\": \"HVACBusiness\",\n  \"name\": \"Davofrio\",\n  \"image\": \"https:\/\/www.davofrio.com\/wp-content\/uploads\/2020\/11\/cropped-favicon-davofrio.png\",\n  \"@id\": \"https:\/\/www.davofrio.com\/\",\n  \"url\": \"https:\/\/www.davofrio.com\/\",\n  \"telephone\": \"965 05 87 31\",\n  \"priceRange\": \"\u20ac\u20ac\u20ac\",\n  \"address\": {\n    \"@type\": \"PostalAddress\",\n    \"streetAddress\": \"Calle del Veterinario Manuel Isidro Rodr\u00edguez Garc\u00eda, 53\",\n    \"addressLocality\": \"Sant Vicent del Raspeig\",\n    \"postalCode\": \"03690\",\n    \"addressCountry\": \"ES\"\n  },\n  \"geo\": {\n    \"@type\": \"GeoCoordinates\",\n    \"latitude\": 38.3879266,\n    \"longitude\": -0.4961261\n  },\n\"openingHoursSpecification\": [\n  {\n    \"@type\": \"OpeningHoursSpecification\",\n    \"dayOfWeek\": [\n      \"Monday\",\n      \"Tuesday\",\n      \"Wednesday\",\n      \"Thursday\",\n      \"Friday\"\n    ],\n    \"opens\": \"09:00\",\n    \"closes\": \"14:00\"\n  },\n  {\n    \"@type\": \"OpeningHoursSpecification\",\n    \"dayOfWeek\": [\n      \"Monday\",\n      \"Tuesday\",\n      \"Wednesday\",\n      \"Thursday\",\n      \"Friday\"\n    ],\n    \"opens\": \"16:00\",\n    \"closes\": \"18:00\"\n  }\n ]\n}\n<\/script><\/p>\n<h2><strong>Aire Acondicionado por conductos en Alicante<\/strong><\/h2>\n<p>Se cuenta con los mejores <strong>productos de calidad<\/strong> y las mejores&nbsp; herramientas en el mejor estado. Para el caso del mantenimiento, las piezas que se usan deben ser originales y que vengan totalmente selladas.<\/p>\n<p>Esto es algo que como cliente se tiene el derecho de apreciar, de esta manera el trabajo se da de manera segura y responsable.<\/p>\n<p>La <strong>asistencia t\u00e9cnica <\/strong>genera la realizaci\u00f3n de los mejores trabajos que se expresan en \u00e9xito. Sin embargo, m\u00e1s all\u00e1 de la asistencia t\u00e9cnica, es necesario contar con otros servicios.<\/p>\n<p>Los servicios necesarios comprenden la asistencia t\u00e9cnica en frigor\u00edficos, sistemas de refrigeraci\u00f3n para locales comerciales, sistemas de aire acondicionado de conductos,&nbsp;<strong>montajes el\u00e9ctricos y revisi\u00f3n de c\u00e1mara<\/strong> de combusti\u00f3n en aparatos de calefacci\u00f3n.<\/p>\n<p>Adem\u00e1s, cuando los profesionales del \u00e1rea cuentan con una buena relaci\u00f3n con las marcas. La empresa en cuesti\u00f3n puede generar mejores lasos con las marcas y se facilite a\u00fan m\u00e1s su capacitaci\u00f3n directa con las marcas desde dentro.<\/p>\n<p>\n<div class=\"wpcf7 no-js\" id=\"wpcf7-f3245-o1\" lang=\"es-ES\" dir=\"ltr\" data-wpcf7-id=\"3245\">\n<div class=\"screen-reader-response\"><p role=\"status\" aria-live=\"polite\" aria-atomic=\"true\"><\/p> <ul><\/ul><\/div>\n<form action=\"\/fr\/wp-json\/wp\/v2\/pages\/2416#wpcf7-f3245-o1\" method=\"post\" class=\"wpcf7-form init\" aria-label=\"Formulario de contacto\" novalidate=\"novalidate\" data-status=\"init\">\n<fieldset class=\"hidden-fields-container\"><input type=\"hidden\" name=\"_wpcf7\" value=\"3245\" \/><input type=\"hidden\" name=\"_wpcf7_version\" value=\"6.1.5\" \/><input type=\"hidden\" name=\"_wpcf7_locale\" value=\"es_ES\" \/><input type=\"hidden\" name=\"_wpcf7_unit_tag\" value=\"wpcf7-f3245-o1\" \/><input type=\"hidden\" name=\"_wpcf7_container_post\" value=\"0\" \/><input type=\"hidden\" name=\"_wpcf7_posted_data_hash\" value=\"\" \/><input type=\"hidden\" name=\"_wpcf7_recaptcha_response\" value=\"\" \/>\n<\/fieldset>\n<div class=\"formulariolinea\">\n\t<p style=\"font-size:24px; font-weight:800;\">\u00a1Si pasas frio o calor es porque quieres! Ll\u00e1manos 965 05 87 31\n\t<\/p>\n\t<p><br \/>\n<label> <span class=\"wpcf7-form-control-wrap\" data-name=\"text-45\"><input size=\"40\" maxlength=\"400\" class=\"wpcf7-form-control wpcf7-text wpcf7-validates-as-required\" aria-required=\"true\" aria-invalid=\"false\" placeholder=\"Nombre\" value=\"\" type=\"text\" name=\"text-45\" \/><\/span> <\/label><br \/>\n<label> <span class=\"wpcf7-form-control-wrap\" data-name=\"email-217\"><input size=\"40\" maxlength=\"400\" class=\"wpcf7-form-control wpcf7-email wpcf7-validates-as-required wpcf7-text wpcf7-validates-as-email\" aria-required=\"true\" aria-invalid=\"false\" placeholder=\"Correo electr\u00f3nico\" value=\"\" type=\"email\" name=\"email-217\" \/><\/span> <\/label><br \/>\n<label> <input class=\"wpcf7-form-control wpcf7-submit has-spinner\" type=\"submit\" value=\"Enviar\" \/> <\/label><br \/>\n<span> <span class=\"wpcf7-form-control-wrap\" data-name=\"acceptance-877\"><span class=\"wpcf7-form-control wpcf7-acceptance\"><span class=\"wpcf7-list-item\"><label><input type=\"checkbox\" name=\"acceptance-877\" value=\"1\" aria-invalid=\"false\" \/><span class=\"wpcf7-list-item-label\">He le\u00eddo y acepto la <a href=\"https:\/\/www.davofrio.com\/politica-de-privacidad\">Pol\u00edtica de Privacidad<\/a><\/span><\/label><\/span><\/span><\/span><\/span>\n\t<\/p>\n<\/div><div class=\"wpcf7-response-output\" aria-hidden=\"true\"><\/div>\n<\/form>\n<\/div>\n<\/p>\n<p>Agost, Agres, Aig\u00fces, Albatera, Alcoy, Alfafara, Algorfa, Algue\u00f1a, Alicante, Almorad\u00ed, Altea, Aspe, Balones, Banyeres de Mariola, Benasau, Beneixama, Benej\u00fazar, Benferri, Beniarbeig, Beniard\u00e1, Beniarr\u00e9s, Benidoleig, Benidorm, Benifallim, Benifato, Benigembla, Benij\u00f3far, Benilloba, <u>Benillup<\/u>, <u>Benimantell, <\/u>Benissa, Benitachell, Biar, Bigastro, Bolulla, Busot, Callosa de Segura, Calpe, El Campello, Campo de Mirra, Castalla, Castell de Castells, Catral, Ca\u00f1ada, Cocentaina, Confrides, Cox, Crevillent, Daya Nueva, Daya Vieja, Dolores, D\u00e9nia, Elche, Elda, Formentera del Segura, Gata de Gorgos, Granja de Rocamora, Guardamar del Segura, Hond\u00f3n de los Frailes, Ibi, Jacarilla, Jijona, xixona, J\u00e1vea, Xavia, Monforte del Cid, Los Montesinos, Murla, Muro de Alcoy, Mutxamel, Novelda, la Nucia, Ondara, Onil, Orba, Onteniente, Orihuela, Orxeta, Pedreguer, Pego, Pen\u00e0guila, Petrer, Pilar de la Horadada, El Pin\u00f3s, Planes, Els Poblets, Polop, Quatretondeta, Rafal, Redov\u00e1n, Relleu, Rojales, La Romana, R\u00e0fol de Alm\u00fania, Sagra, Salinas, San Fulgencio San Isidro, San Miguel de Salinas, San Vicente del Raspeig, Santa Pola, Sax, Sella, Senija, Teulada, Tibi, Tollos, Tormos, Torremanzanas, Torrevieja, T\u00e0rbena, Vall de Gallinera, La Vall de Laguar, El Verger, Villajoyosa, Villena, Xal\u00f3, Etc\u2026<\/p>\t\t\t\t\t\t\t\t<\/div>\n\t\t\t\t<\/div>\n\t\t\t\t\t<\/div>\n\t\t<\/div>\n\t\t\t\t\t<\/div>\n\t\t<\/section>\n\t\t\t\t<\/div>\n\t\t","protected":false},"excerpt":{"rendered":"<p>Aire Acondicionado por conductos en Alicante Se cuenta con los mejores productos de calidad y las mejores\u00a0 herramientas en el mejor estado. Para el caso del mantenimiento, las piezas que se usan deben ser originales y que vengan totalmente selladas. Esto es algo que como cliente se tiene el derecho de apreciar, de esta manera &#8230; <a title=\"Aire acondicionado de conductos\" class=\"read-more\" href=\"https:\/\/www.davofrio.com\/fr\/aire-acondicionado-de-conductos\/\" aria-label=\"En savoir plus sur Aire acondicionado de conductos\">Lire plus<\/a><\/p>","protected":false},"author":1,"featured_media":0,"parent":0,"menu_order":0,"comment_status":"closed","ping_status":"closed","template":"","meta":{"footnotes":""},"class_list":["post-2416","page","type-page","status-publish"],"_links":{"self":[{"href":"https:\/\/www.davofrio.com\/fr\/wp-json\/wp\/v2\/pages\/2416","targetHints":{"allow":["GET"]}}],"collection":[{"href":"https:\/\/www.davofrio.com\/fr\/wp-json\/wp\/v2\/pages"}],"about":[{"href":"https:\/\/www.davofrio.com\/fr\/wp-json\/wp\/v2\/types\/page"}],"author":[{"embeddable":true,"href":"https:\/\/www.davofrio.com\/fr\/wp-json\/wp\/v2\/users\/1"}],"replies":[{"embeddable":true,"href":"https:\/\/www.davofrio.com\/fr\/wp-json\/wp\/v2\/comments?post=2416"}],"version-history":[{"count":7,"href":"https:\/\/www.davofrio.com\/fr\/wp-json\/wp\/v2\/pages\/2416\/revisions"}],"predecessor-version":[{"id":15838,"href":"https:\/\/www.davofrio.com\/fr\/wp-json\/wp\/v2\/pages\/2416\/revisions\/15838"}],"wp:attachment":[{"href":"https:\/\/www.davofrio.com\/fr\/wp-json\/wp\/v2\/media?parent=2416"}],"curies":[{"name":"wp","href":"https:\/\/api.w.org\/{rel}","templated":true}]}}