{"id":2344,"date":"2020-10-14T08:14:13","date_gmt":"2020-10-14T06:14:13","guid":{"rendered":"https:\/\/www.davofrio.com\/?page_id=2344"},"modified":"2025-03-18T12:17:56","modified_gmt":"2025-03-18T11:17:56","slug":"ahorro-energetico-en-edificios","status":"publish","type":"page","link":"https:\/\/www.davofrio.com\/fr\/ahorro-energetico-en-edificios\/","title":{"rendered":"Ahorro Energ\u00e9tico en Edificios"},"content":{"rendered":"<div data-elementor-type=\"wp-page\" data-elementor-id=\"2344\" class=\"elementor elementor-2344\" data-elementor-post-type=\"page\">\n\t\t\t\t\t\t<section class=\"elementor-section elementor-top-section elementor-element elementor-element-66dd3b82 elementor-section-boxed elementor-section-height-default elementor-section-height-default\" data-id=\"66dd3b82\" data-element_type=\"section\" data-e-type=\"section\">\n\t\t\t\t\t\t<div class=\"elementor-container elementor-column-gap-default\">\n\t\t\t\t\t<div class=\"elementor-column elementor-col-100 elementor-top-column elementor-element elementor-element-7ec9964a\" data-id=\"7ec9964a\" data-element_type=\"column\" data-e-type=\"column\">\n\t\t\t<div class=\"elementor-widget-wrap elementor-element-populated\">\n\t\t\t\t\t\t<div class=\"elementor-element elementor-element-561fcea7 elementor-widget elementor-widget-text-editor\" data-id=\"561fcea7\" data-element_type=\"widget\" data-e-type=\"widget\" data-widget_type=\"text-editor.default\">\n\t\t\t\t<div class=\"elementor-widget-container\">\n\t\t\t\t\t\t\t\t\t<p><strong>Ahorro Energ\u00e9tico en Edificios<\/strong>: Nuestra <strong>empresa Davofrio en Alicante<\/strong>, cuenta con los <strong>mejores t\u00e9cnicos en reparaciones de aire acondicionado en alicante<\/strong> y provincia de todos los repuestos originales de Aire acondicionado en diversidad de marcas.<\/p><p>Lo mejor de ello, es que contamos con un <strong>personal t\u00e9cnico con muchos a\u00f1os de capacitaci\u00f3n<\/strong>, los cuales se encargaran de satisfacer sus necesidades implementando las necesarias <strong>medidas de ahorro energ\u00e9tico en la industria.<\/strong><\/p><p>Y es que, actualmente es necesario crear un <strong>Ahorro Energ\u00e9tico en Edificios<\/strong>, ya que, la electricidad es uno de los servicios m\u00e1s costoso en el pa\u00eds.<\/p><p>Nuestro departamento de ingenier\u00eda puede encargarse de felicitarle un proyecto para as\u00ed generar un gran <strong>ahorro energ\u00e9tico en edificios<\/strong> en cualquier edificio, ya sea nuevo o antiguo en rehabilitaci\u00f3n, industria o construcciones de cualquier tipo<\/p><p>Sabemos muy bien, que uno de los electrodom\u00e9sticos que m\u00e1s consumen energ\u00eda el\u00e9ctrica, son los <strong>aires acondicionados<\/strong>. Por ello, buscamos la forma de integrar un nuevo sistema o simplemente integrar algunas piezas faltantes, las cuales hacen crear una mejor temperatura.<\/p><h2>En caso de tener alguna duda, no dude en acudir a nuestras instalaciones<\/h2><p><strong>C\/ Veterinario Manuel Isidro Rodriguez Garcia 53 &#8211; <\/strong><\/p><p><strong>03690 San Vicente Del Raspeig -Alicante <\/strong><\/p><p><strong>O simplemente llamarnos al 965 05 87 31 <\/strong><\/p><p><strong>y con mucho gusto le atenderemos con las dudas que puedan surgirle en cualquier momento<\/strong><\/p><p>Tenga en cuenta, que somos especialistas en todo lo relacionado a todo tipo de <a href=\"https:\/\/www.davofrio.com\/fr\/alicante\/\">Climatizacion, Aerotermia y Calefacci\u00f3n<\/a> de las diferentes marcas.<\/p><ul><li><strong>Mantenimiento y revisi\u00f3n del aire acondicionado.<\/strong><\/li><li><strong>Energ\u00edas renovables.<\/strong><\/li><li><strong>Servicio t\u00e9cnico oficial de aires acondicionados.<\/strong><\/li><li><strong>Repuestos y piezas para aires acondicionados.<\/strong><\/li><li><strong>Asistencia T\u00e9cnica personalizada.<\/strong><\/li><\/ul><h2>Ahorro de energ\u00eda en Edificios \u00bfQu\u00e9 es?<\/h2><p>Diariamente, la gran cantidad de energ\u00eda que se produce, causa problemas medio ambientales, tales como el desabastecimiento del agua potable o gases productores de efectos invernaderos.<\/p><p>Al adquirir nuestros <strong>servicios de ahorro energ\u00e9tico en edificios<\/strong>, vas a estar contribuyendo al cuidado del planeta, por si fuese poco, los costes de facturas mensuales van a disminuir hasta en un 60%.<\/p><p>La <strong>eficiencia energ\u00e9tica<\/strong>, se puede lograr de igual forma, con la implementaci\u00f3n de un prototipo de energ\u00eda renovable, la cual podemos aprovechar a trav\u00e9s de los rayos del sol, para convertirla en electricidad. Si quieres conocer m\u00e1s acerca de este tema, solo debes consultarnos al privado y te indicaremos el presupuesto.<\/p><p>Habitualmente, en muchos sitios nos encontramos con \u00fanicamente con el problema que el termostato esta mal puesto en la temperatura de consigna,\u00a0este se encarga de mantener una temperatura adecuada en diferentes \u00e1reas, especialmente en aquellas donde el sol da directamente.<\/p><p>Este papel, se encarga de alejar grandes fuentes de calor o frio de una zona, las cuales impiden que haya una temperatura confort.<\/p><h3>Controlar tu aire acondicionado<\/h3><p>B\u00e1sicamente,<strong> el termostato se encarga de controlar su aire acondicionado<\/strong>, haciendo que siempre se mantenga m\u00e1ximo en 30\u00baC, para ocasionar calor o frio.<\/p><p>Te sugiero principalmente, que cuando no est\u00e9s en el edificio o sala espec\u00edfica, optes por bajar la potencia, lo cual har\u00e1 que<strong> se consuman menos <em>KW<\/em>.<\/strong><\/p><p>Nosotros te diremos todas las <strong>subvenciones ahorro energ\u00e9tico<\/strong>, que hay en cada momento si las hubiera o hubiese, para ayudarte a que tu coste se un poco m\u00e1s econ\u00f3mico con las ayudas de gobierno o de la comunidad a la que pertenezcas y ayudarte en todos los problemas que tengas referentes al aire acondicionado.<\/p><p>Davofrio, le garantiza hacer que su aire acondiconado funcione \u00f3ptimamente, teniendo buena velocidad en la salida de aire de los filtros, automatizaci\u00f3n de fuentes de utilizaci\u00f3n, funcionamiento flexible y mucho m\u00e1s.<\/p><p>\n<div class=\"wpcf7 no-js\" id=\"wpcf7-f3245-o1\" lang=\"es-ES\" dir=\"ltr\" data-wpcf7-id=\"3245\">\n<div class=\"screen-reader-response\"><p role=\"status\" aria-live=\"polite\" aria-atomic=\"true\"><\/p> <ul><\/ul><\/div>\n<form action=\"\/fr\/wp-json\/wp\/v2\/pages\/2344#wpcf7-f3245-o1\" method=\"post\" class=\"wpcf7-form init\" aria-label=\"Formulario de contacto\" novalidate=\"novalidate\" data-status=\"init\" data-trp-original-action=\"\/fr\/wp-json\/wp\/v2\/pages\/2344#wpcf7-f3245-o1\">\n<fieldset class=\"hidden-fields-container\"><input type=\"hidden\" name=\"_wpcf7\" value=\"3245\" \/><input type=\"hidden\" name=\"_wpcf7_version\" value=\"6.1.5\" \/><input type=\"hidden\" name=\"_wpcf7_locale\" value=\"es_ES\" \/><input type=\"hidden\" name=\"_wpcf7_unit_tag\" value=\"wpcf7-f3245-o1\" \/><input type=\"hidden\" name=\"_wpcf7_container_post\" value=\"0\" \/><input type=\"hidden\" name=\"_wpcf7_posted_data_hash\" value=\"\" \/><input type=\"hidden\" name=\"_wpcf7_recaptcha_response\" value=\"\" \/>\n<\/fieldset>\n<div class=\"formulariolinea\">\n\t<p style=\"font-size:24px; font-weight:800;\">Si vous avez trop chaud ou trop froid, c\u2019est parce que vous le voulez bien\u00a0! Appelez-nous au 965 05 87 31\n\t<\/p>\n\t<p><br \/>\n<label> <span class=\"wpcf7-form-control-wrap\" data-name=\"text-45\"><input size=\"40\" maxlength=\"400\" class=\"wpcf7-form-control wpcf7-text wpcf7-validates-as-required\" aria-required=\"true\" aria-invalid=\"false\" placeholder=\"Nom\" value=\"\" type=\"text\" name=\"text-45\" \/><\/span> <\/label><br \/>\n<label> <span class=\"wpcf7-form-control-wrap\" data-name=\"email-217\"><input size=\"40\" maxlength=\"400\" class=\"wpcf7-form-control wpcf7-email wpcf7-validates-as-required wpcf7-text wpcf7-validates-as-email\" aria-required=\"true\" aria-invalid=\"false\" placeholder=\"Courrier \u00e9lectronique\" value=\"\" type=\"email\" name=\"email-217\" \/><\/span> <\/label><br \/>\n<label> <input class=\"wpcf7-form-control wpcf7-submit has-spinner\" type=\"submit\" value=\"Envoyer\" \/> <\/label><br \/>\n<span> <span class=\"wpcf7-form-control-wrap\" data-name=\"acceptance-877\"><span class=\"wpcf7-form-control wpcf7-acceptance\"><span class=\"wpcf7-list-item\"><label class=\"translation-block\"><span class=\"wpcf7-list-item-label\">J\u2019ai lu et j\u2019accepte la <a href=\"https:\/\/www.davofrio.com\/fr\/politica-de-privacidad\/\" target=\"_self\">Politique de confidentialit\u00e9<\/a><\/span><\/label><\/span><\/span><\/span><\/span>\n\t<\/p>\n<\/div><div class=\"wpcf7-response-output\" aria-hidden=\"true\"><\/div>\n<input type=\"hidden\" name=\"trp-form-language\" value=\"fr\"\/><\/form>\n<\/div>\n<\/p><h2>Medidas de ahorro de energ\u00eda en empresas<\/h2><p>En Davofrio, te aconsejamos que siempre tengas en cuenta los consejos que daremos a continuaci\u00f3n, ya que, estos adem\u00e1s de permitirte <a href=\"https:\/\/www.davofrio.com\/fr\/energias-renovables\/\" target=\"_blank\" rel=\"noopener noreferrer\"><span style=\"color: #0000ff;\"><strong>ahorro energ\u00e9tico<\/strong><\/span><\/a>, tambi\u00e9n permitir\u00e1 que gastes menos en mantenimientos y repuestos.<\/p><ul><li><strong>Lo primero que debes tener en cuenta<\/strong>, es que, al momento de que el producto presente una aver\u00eda, consultes mejor a un personal t\u00e9cnico; si buscas a alguien que no est\u00e1 especializado podr\u00eda llegar a empeorar totalmente la situaci\u00f3n.<\/li><li>No optes por usar indiscriminadamente al aire, utiliza el termostato con la temperatura de consigna adecuada; para que la maquina tenga sus paros al llegar a la temperatura designada<\/li><li>Es aconsejable que tengas un solo equipo de<strong> aire acondicionado centralizado (m\u00e1quina de conductos);<\/strong> con una eficiencia energ\u00e9tica buena, para que el ahorro energ\u00e9tico sea el mejor, en caso de no poder tener una maquina centralizada, y tienes que poner las m\u00e1quinas para cada zona que necesites, ponlas las de mayor eficiencia energ\u00e9tica <strong>A+++, A++, A+<\/strong><\/li><li>Nuestra Empresa, siempre ha optado por ubicar las unidades exteriores y es posible en paredes donde <strong>no les d\u00e9 directamente el sol;<\/strong>\u00a0esto permitir\u00e1 que haya una buena climatizaci\u00f3n, anexo, vas a poder reducir la potencia si as\u00ed lo deseas.<\/li><li>Si estas en verano y quieres reducir hasta en un 70% el <strong>gasto energ\u00e9tico;<\/strong>\u00a0es recomendable agregar algunos toldos y acristalamientos, y tambi\u00e9n evitar fugas o entradas de aire de la calle.<\/li><li>Habitualmente, siempre ser\u00e1 necesario abrir las ventanas cada cierto tiempo en los edificios, al momento de hacerlo, opta por apagar el climatizador algunas horas antes, as\u00ed no se gastar\u00e1 electricidad innecesaria.<\/li><li><em>\u00bfTus gastos ocasionados por aire acondicionado son muy elevados?<\/em> Para<strong> crear un ahorro energ\u00e9tico en el hogar <\/strong>o edificio, mira si ves que las m\u00e1quinas de aire acondicionado son antiguas, deber\u00edas ir pensando en cambiarlas por las nuevas mucho m\u00e1s eficientes y con mucho mejor ahorro energ\u00e9tico.<\/li><\/ul><h2>Dom\u00f3tica ahorro energ\u00e9tico<\/h2><p>El uso de un sistema de dom\u00f3tico en nuestra casa,<strong> sistema de Zonas (Airzone);<\/strong> es una muy buena opci\u00f3n el poder disponer en cada habitaci\u00f3n de una temperatura diferente; es la mejor esta opci\u00f3n, es posible que os parezca un poco cara, pero tenemos que tener en cuenta que para una vivienda<\/p><p>Por ejemplo que tendr\u00edamos que poner una maquina de 8.000 frigor\u00edas al tener el sistema de zonas\u00a0 tendr\u00edamos que poner 6.500 frigor\u00edas; ya que podemos cerrar habitaciones que no usemos y tambi\u00e9n al poder poner temperaturas diferentes no necesitamos tanta potencia de maquina; y a la vez gastamos menos en maquina para poder colocar las <strong>rejillas inteligentes<\/strong><\/p><figure id=\"attachment_2345\" aria-describedby=\"caption-attachment-2345\" style=\"width: 940px\" class=\"wp-caption aligncenter\"><img fetchpriority=\"high\" decoding=\"async\" class=\"wp-image-2345 size-full\" src=\"https:\/\/www.davofrio.com\/wp-content\/uploads\/2020\/10\/sistema-de-zonas.jpg\" alt=\"Sistema de rejillas inteligentes\" width=\"950\" height=\"534\" srcset=\"https:\/\/www.davofrio.com\/wp-content\/uploads\/2020\/10\/sistema-de-zonas.jpg 950w, https:\/\/www.davofrio.com\/wp-content\/uploads\/2020\/10\/sistema-de-zonas-600x337.jpg 600w, https:\/\/www.davofrio.com\/wp-content\/uploads\/2020\/10\/sistema-de-zonas-300x169.jpg 300w\" sizes=\"(max-width: 950px) 100vw, 950px\" \/><figcaption id=\"caption-attachment-2345\" class=\"wp-caption-text\">sistema-de-zonas<\/figcaption><\/figure><p>Cada vez los edificios m\u00e1s nuevos, se construyen con <strong>una buena eficiencia energ\u00e9ticas<\/strong>, con mejores cerramientos; y mejores materiales para poder conseguir el ahorro energ\u00e9tico, consiguiendo el m\u00e1ximo ahorro energ\u00e9tico de las viviendas;\u00a0 y en nuestro departamento de ingenier\u00eda te podr\u00e1 ayudar a que consigas el m\u00e1ximo ahorro en la factura de la luz de tu hogar con las maquinas con mayor eficiencia energ\u00e9tica \u00a0y consiste en buscar la forma de implementar <strong>energ\u00eda renovable.<\/strong><\/p><p>Durante a\u00f1os, nos hemos capacitado para aprovechar la luz solar. Existen muchas maneras de aprovechar energ\u00eda renovable, estas pueden ser debido a la intensidad del viento, rayos del sol o simplemente pozos de aguas termales.<\/p><p>Otra sugerencia que te hacemos, es usar cortinas bastante oscuras; ya que, los vidrios permiten la entrada directa de los rayos del sol, ocasionado una mala climatizaci\u00f3n en la industria.<\/p><h3>Adquirir nuestros servicios en Davofrio<\/h3><p>Al <strong>adquirir nuestros servicios<\/strong>, acudiremos a sus instalaciones para ver que necesidades presenta; as\u00ed podremos crear un <strong>plan de ahorro energ\u00e9tico<\/strong> para luego proceder a calcular la energ\u00eda gastada actualmente y ver en qu\u00e9 porcentaje se puede reducir.<\/p><p>La garant\u00eda de nuestros servicios, principalmente consiste en que ofrecemos productos totalmente de calidad, permitiendo as\u00ed que tengan una extensa durabilidad.<\/p><p>No te preocupes por el precio, ya que, dependiendo el servicio que requiera, contamos con precios muy accesibles.<\/p><p>Antes de realizar cualquier acci\u00f3n, se la notificaremos; ya que, \u00fanicamente usted es el que podr\u00e1 aprobar los trabajos que sean necesarios de realizar, ya que, estos podr\u00edan ser:<\/p><ul><li>Renovaci\u00f3n de las instalaciones t\u00e9rmicas.<\/li><li>Mejorar el aislamiento de la vivienda.<\/li><li>Utilizar sistemas de ventilaci\u00f3n adecuados (Seg\u00fan la zona).<\/li><li>Integraci\u00f3n de energ\u00edas renovables.<\/li><li>Introducci\u00f3n de sistemas de medici\u00f3n y control.<\/li><\/ul><p><em>\u00a1Todo esto y mucho m\u00e1s, simplemente en <a href=\"https:\/\/www.davofrio.com\/fr\/\" target=\"_blank\" rel=\"noopener noreferrer\"><span style=\"color: #0000ff;\"><strong>Davofrio- Alicante<\/strong>!<\/span><\/a><\/em><\/p>\t\t\t\t\t\t\t\t<\/div>\n\t\t\t\t<\/div>\n\t\t\t\t\t<\/div>\n\t\t<\/div>\n\t\t\t\t\t<\/div>\n\t\t<\/section>\n\t\t\t\t<\/div>","protected":false},"excerpt":{"rendered":"<p>Ahorro Energ\u00e9tico en Edificios: Nuestra empresa Davofrio en Alicante, cuenta con los mejores t\u00e9cnicos en reparaciones de aire acondicionado en alicante y provincia de todos los repuestos originales de Aire acondicionado en diversidad de marcas. Lo mejor de ello, es que contamos con un personal t\u00e9cnico con muchos a\u00f1os de capacitaci\u00f3n, los cuales se encargaran &#8230; <a title=\"Ahorro Energ\u00e9tico en Edificios\" class=\"read-more\" href=\"https:\/\/www.davofrio.com\/fr\/ahorro-energetico-en-edificios\/\" aria-label=\"En savoir plus sur Ahorro Energ\u00e9tico en Edificios\">Lire plus<\/a><\/p>","protected":false},"author":1,"featured_media":2906,"parent":0,"menu_order":0,"comment_status":"closed","ping_status":"closed","template":"","meta":{"footnotes":""},"class_list":["post-2344","page","type-page","status-publish","has-post-thumbnail"],"_links":{"self":[{"href":"https:\/\/www.davofrio.com\/fr\/wp-json\/wp\/v2\/pages\/2344","targetHints":{"allow":["GET"]}}],"collection":[{"href":"https:\/\/www.davofrio.com\/fr\/wp-json\/wp\/v2\/pages"}],"about":[{"href":"https:\/\/www.davofrio.com\/fr\/wp-json\/wp\/v2\/types\/page"}],"author":[{"embeddable":true,"href":"https:\/\/www.davofrio.com\/fr\/wp-json\/wp\/v2\/users\/1"}],"replies":[{"embeddable":true,"href":"https:\/\/www.davofrio.com\/fr\/wp-json\/wp\/v2\/comments?post=2344"}],"version-history":[{"count":6,"href":"https:\/\/www.davofrio.com\/fr\/wp-json\/wp\/v2\/pages\/2344\/revisions"}],"predecessor-version":[{"id":15839,"href":"https:\/\/www.davofrio.com\/fr\/wp-json\/wp\/v2\/pages\/2344\/revisions\/15839"}],"wp:featuredmedia":[{"embeddable":true,"href":"https:\/\/www.davofrio.com\/fr\/wp-json\/wp\/v2\/media\/2906"}],"wp:attachment":[{"href":"https:\/\/www.davofrio.com\/fr\/wp-json\/wp\/v2\/media?parent=2344"}],"curies":[{"name":"wp","href":"https:\/\/api.w.org\/{rel}","templated":true}]}}