{"id":3292,"date":"2021-02-24T16:51:35","date_gmt":"2021-02-24T15:51:35","guid":{"rendered":"https:\/\/www.davofrio.com\/?page_id=3292"},"modified":"2026-05-12T18:18:06","modified_gmt":"2026-05-12T16:18:06","slug":"servicio-tecnico-de-mitsubishi-daiya","status":"publish","type":"page","link":"https:\/\/www.davofrio.com\/en\/servicio-tecnico-oficial\/mitsubishi-daiya\/","title":{"rendered":"Servicio T\u00e9cnico de Mitsubishi Daiya en Alicante y Valencia"},"content":{"rendered":"\t\t<div data-elementor-type=\"wp-page\" data-elementor-id=\"3292\" class=\"elementor elementor-3292\" data-elementor-post-type=\"page\">\n\t\t\t\t\t\t<section class=\"elementor-section elementor-top-section elementor-element elementor-element-58504c19 elementor-section-boxed elementor-section-height-default elementor-section-height-default\" data-id=\"58504c19\" data-element_type=\"section\" data-e-type=\"section\">\n\t\t\t\t\t\t\t<div class=\"elementor-background-overlay\"><\/div>\n\t\t\t\t\t\t\t<div class=\"elementor-container elementor-column-gap-default\">\n\t\t\t\t\t<div class=\"elementor-column elementor-col-100 elementor-top-column elementor-element elementor-element-52372ae6\" data-id=\"52372ae6\" data-element_type=\"column\" data-e-type=\"column\">\n\t\t\t<div class=\"elementor-widget-wrap elementor-element-populated\">\n\t\t\t\t\t\t<div class=\"elementor-element elementor-element-273a5e81 elementor-widget elementor-widget-spacer\" data-id=\"273a5e81\" data-element_type=\"widget\" data-e-type=\"widget\" data-widget_type=\"spacer.default\">\n\t\t\t\t<div class=\"elementor-widget-container\">\n\t\t\t\t\t\t\t<div class=\"elementor-spacer\">\n\t\t\t<div class=\"elementor-spacer-inner\"><\/div>\n\t\t<\/div>\n\t\t\t\t\t\t<\/div>\n\t\t\t\t<\/div>\n\t\t\t\t<div class=\"elementor-element elementor-element-63886ccd elementor-widget elementor-widget-heading\" data-id=\"63886ccd\" data-element_type=\"widget\" data-e-type=\"widget\" data-widget_type=\"heading.default\">\n\t\t\t\t<div class=\"elementor-widget-container\">\n\t\t\t\t\t<h1 class=\"elementor-heading-title elementor-size-default\">Servicio T\u00e9cnico de Mitsubishi Daiya en Alicante, Valencia y Murcia<\/h1>\t\t\t\t<\/div>\n\t\t\t\t<\/div>\n\t\t\t\t<div class=\"elementor-element elementor-element-1c03d849 elementor-widget elementor-widget-text-editor\" data-id=\"1c03d849\" data-element_type=\"widget\" data-e-type=\"widget\" data-widget_type=\"text-editor.default\">\n\t\t\t\t<div class=\"elementor-widget-container\">\n\t\t\t\t\t\t\t\t\t<p>Mitsubishi es una de las marcas de electrodom\u00e9sticos m\u00e1s conocidas a nivel mundial. La calidad de sus productos es su carta de presentaci\u00f3n en un sector cada vez con m\u00e1s competencia. En Mitsubishi Daiya lo saben y crean aparatos de climatizaci\u00f3n perfectos para mejorar la comodidad en tu hogar.\u00a0Si cuentas con un sistema de aire acondicionado de esta marca ser\u00e1 porque valoras, por encima de todo, la calidad de los electrodom\u00e9sticos que compras.\u00a0<\/p><p>Si buscas la misma calidad cuando realizas cualquier tipo de arreglo o mantenimiento, al contratar el <b>servicio t\u00e9cnico Mitsubishi Daiya en Alicante, Valencia y Murcia<\/b> de Davofr\u00edo obtendr\u00e1s todas las garant\u00edas.<\/p><p>\u00a0<\/p>\t\t\t\t\t\t\t\t<\/div>\n\t\t\t\t<\/div>\n\t\t\t\t<section class=\"elementor-section elementor-inner-section elementor-element elementor-element-2cb1a58 elementor-section-boxed elementor-section-height-default elementor-section-height-default\" data-id=\"2cb1a58\" data-element_type=\"section\" data-e-type=\"section\">\n\t\t\t\t\t\t<div class=\"elementor-container elementor-column-gap-default\">\n\t\t\t\t\t<div class=\"elementor-column elementor-col-50 elementor-inner-column elementor-element elementor-element-7b73e85b\" data-id=\"7b73e85b\" data-element_type=\"column\" data-e-type=\"column\">\n\t\t\t<div class=\"elementor-widget-wrap elementor-element-populated\">\n\t\t\t\t\t\t<div class=\"elementor-element elementor-element-687265b7 elementor-align-right elementor-mobile-align-center elementor-widget elementor-widget-button\" data-id=\"687265b7\" data-element_type=\"widget\" data-e-type=\"widget\" data-widget_type=\"button.default\">\n\t\t\t\t<div class=\"elementor-widget-container\">\n\t\t\t\t\t\t\t\t\t<div class=\"elementor-button-wrapper\">\n\t\t\t\t\t<a class=\"elementor-button elementor-button-link elementor-size-lg\" href=\"tel:960002033\">\n\t\t\t\t\t\t<span class=\"elementor-button-content-wrapper\">\n\t\t\t\t\t\t<span class=\"elementor-button-icon\">\n\t\t\t\t<i aria-hidden=\"true\" class=\"fas fa-phone-alt\"><\/i>\t\t\t<\/span>\n\t\t\t\t\t\t\t\t\t<span class=\"elementor-button-text\">LLAMANOS<\/span>\n\t\t\t\t\t<\/span>\n\t\t\t\t\t<\/a>\n\t\t\t\t<\/div>\n\t\t\t\t\t\t\t\t<\/div>\n\t\t\t\t<\/div>\n\t\t\t\t\t<\/div>\n\t\t<\/div>\n\t\t\t\t<div class=\"elementor-column elementor-col-50 elementor-inner-column elementor-element elementor-element-243d8639\" data-id=\"243d8639\" data-element_type=\"column\" data-e-type=\"column\">\n\t\t\t<div class=\"elementor-widget-wrap elementor-element-populated\">\n\t\t\t\t\t\t<div class=\"elementor-element elementor-element-40a594a4 elementor-align-left elementor-mobile-align-center elementor-widget elementor-widget-button\" data-id=\"40a594a4\" data-element_type=\"widget\" data-e-type=\"widget\" data-widget_type=\"button.default\">\n\t\t\t\t<div class=\"elementor-widget-container\">\n\t\t\t\t\t\t\t\t\t<div class=\"elementor-button-wrapper\">\n\t\t\t\t\t<a class=\"elementor-button elementor-button-link elementor-size-lg\" href=\"https:\/\/www.davofrio.com\/contacto\">\n\t\t\t\t\t\t<span class=\"elementor-button-content-wrapper\">\n\t\t\t\t\t\t<span class=\"elementor-button-icon\">\n\t\t\t\t<i aria-hidden=\"true\" class=\"fas fa-envelope\"><\/i>\t\t\t<\/span>\n\t\t\t\t\t\t\t\t\t<span class=\"elementor-button-text\">CONTACTANOS<\/span>\n\t\t\t\t\t<\/span>\n\t\t\t\t\t<\/a>\n\t\t\t\t<\/div>\n\t\t\t\t\t\t\t\t<\/div>\n\t\t\t\t<\/div>\n\t\t\t\t\t<\/div>\n\t\t<\/div>\n\t\t\t\t\t<\/div>\n\t\t<\/section>\n\t\t\t\t<div class=\"elementor-element elementor-element-a8340ad elementor-widget elementor-widget-spacer\" data-id=\"a8340ad\" data-element_type=\"widget\" data-e-type=\"widget\" data-widget_type=\"spacer.default\">\n\t\t\t\t<div class=\"elementor-widget-container\">\n\t\t\t\t\t\t\t<div class=\"elementor-spacer\">\n\t\t\t<div class=\"elementor-spacer-inner\"><\/div>\n\t\t<\/div>\n\t\t\t\t\t\t<\/div>\n\t\t\t\t<\/div>\n\t\t\t\t\t<\/div>\n\t\t<\/div>\n\t\t\t\t\t<\/div>\n\t\t<\/section>\n\t\t\t\t<section class=\"elementor-section elementor-top-section elementor-element elementor-element-1be2cfe elementor-section-boxed elementor-section-height-default elementor-section-height-default\" data-id=\"1be2cfe\" data-element_type=\"section\" data-e-type=\"section\">\n\t\t\t\t\t\t<div class=\"elementor-container elementor-column-gap-default\">\n\t\t\t\t\t<div class=\"elementor-column elementor-col-66 elementor-top-column elementor-element elementor-element-7964190\" data-id=\"7964190\" data-element_type=\"column\" data-e-type=\"column\">\n\t\t\t<div class=\"elementor-widget-wrap elementor-element-populated\">\n\t\t\t\t\t\t<div class=\"elementor-element elementor-element-321510a0 elementor-widget elementor-widget-text-editor\" data-id=\"321510a0\" data-element_type=\"widget\" data-e-type=\"widget\" data-widget_type=\"text-editor.default\">\n\t\t\t\t<div class=\"elementor-widget-container\">\n\t\t\t\t\t\t\t\t\t<p><script type=\"application\/ld+json\">\n{\n  \"@context\": \"https:\/\/schema.org\",\n  \"@type\": \"HVACBusiness\",\n  \"name\": \"Davofrio\",\n  \"image\": \"https:\/\/www.davofrio.com\/wp-content\/uploads\/2020\/11\/cropped-favicon-davofrio.png\",\n  \"@id\": \"https:\/\/www.davofrio.com\/\",\n  \"url\": \"https:\/\/www.davofrio.com\/\",\n  \"telephone\": \"965 05 87 31\",\n  \"priceRange\": \"\u20ac\u20ac\u20ac\",\n  \"address\": {\n    \"@type\": \"PostalAddress\",\n    \"streetAddress\": \"Calle del Veterinario Manuel Isidro Rodr\u00edguez Garc\u00eda, 53\",\n    \"addressLocality\": \"Sant Vicent del Raspeig\",\n    \"postalCode\": \"03690\",\n    \"addressCountry\": \"ES\"\n  },\n  \"geo\": {\n    \"@type\": \"GeoCoordinates\",\n    \"latitude\": 38.3879266,\n    \"longitude\": -0.4961261\n  },\n\"openingHoursSpecification\": [\n  {\n    \"@type\": \"OpeningHoursSpecification\",\n    \"dayOfWeek\": [\n      \"Monday\",\n      \"Tuesday\",\n      \"Wednesday\",\n      \"Thursday\",\n      \"Friday\"\n    ],\n    \"opens\": \"09:00\",\n    \"closes\": \"14:00\"\n  },\n  {\n    \"@type\": \"OpeningHoursSpecification\",\n    \"dayOfWeek\": [\n      \"Monday\",\n      \"Tuesday\",\n      \"Wednesday\",\n      \"Thursday\",\n      \"Friday\"\n    ],\n    \"opens\": \"16:00\",\n    \"closes\": \"18:00\"\n  }\n ]\n}\n<\/script><\/p><p style=\"text-align: justify;\"><span style=\"font-family: inherit; font-size: 35px; font-style: inherit; color: var( --e-global-color-text );\">Todas las claves que debes buscar en un Servicio T\u00e9cnico Mitsubishi Daiya\u00a0 en Alicante y Valencia<\/span><\/p><p style=\"text-align: justify;\">Uno de los primeros aspectos que tienes que valorar cuando eliges el servicio t\u00e9cnico para tu aparato de aire acondicionado Mitsubishi Daiya es asegurar que los t\u00e9cnicos que contrates conozcan a la perfecci\u00f3n la marca. De esta manera te aseguras de que puedan encontrar y solucionar el problema lo antes posible y que, en caso de necesitar alguna pieza oficial la puedan conseguir antes que otros servicios t\u00e9cnicos.<\/p><p style=\"text-align: justify;\">Otro punto que te ofrecer\u00e1 mucha seguridad son los <strong>a\u00f1os de experiencia<\/strong> que el servicio t\u00e9cnico contratado tenga con la marca. Esto ya de por s\u00ed te ofrece una garant\u00eda extra en la reparaci\u00f3n de tus productos.<\/p><p>\n<div class=\"wpcf7 no-js\" id=\"wpcf7-f3245-o1\" lang=\"es-ES\" dir=\"ltr\" data-wpcf7-id=\"3245\">\n<div class=\"screen-reader-response\"><p role=\"status\" aria-live=\"polite\" aria-atomic=\"true\"><\/p> <ul><\/ul><\/div>\n<form action=\"\/en\/wp-json\/wp\/v2\/pages\/3292#wpcf7-f3245-o1\" method=\"post\" class=\"wpcf7-form init\" aria-label=\"Formulario de contacto\" novalidate=\"novalidate\" data-status=\"init\">\n<fieldset class=\"hidden-fields-container\"><input type=\"hidden\" name=\"_wpcf7\" value=\"3245\" \/><input type=\"hidden\" name=\"_wpcf7_version\" value=\"6.1.5\" \/><input type=\"hidden\" name=\"_wpcf7_locale\" value=\"es_ES\" \/><input type=\"hidden\" name=\"_wpcf7_unit_tag\" value=\"wpcf7-f3245-o1\" \/><input type=\"hidden\" name=\"_wpcf7_container_post\" value=\"0\" \/><input type=\"hidden\" name=\"_wpcf7_posted_data_hash\" value=\"\" \/><input type=\"hidden\" name=\"_wpcf7_recaptcha_response\" value=\"\" \/>\n<\/fieldset>\n<div class=\"formulariolinea\">\n\t<p style=\"font-size:24px; font-weight:800;\">\u00a1Si pasas frio o calor es porque quieres! Ll\u00e1manos 965 05 87 31\n\t<\/p>\n\t<p><br \/>\n<label> <span class=\"wpcf7-form-control-wrap\" data-name=\"text-45\"><input size=\"40\" maxlength=\"400\" class=\"wpcf7-form-control wpcf7-text wpcf7-validates-as-required\" aria-required=\"true\" aria-invalid=\"false\" placeholder=\"Nombre\" value=\"\" type=\"text\" name=\"text-45\" \/><\/span> <\/label><br \/>\n<label> <span class=\"wpcf7-form-control-wrap\" data-name=\"email-217\"><input size=\"40\" maxlength=\"400\" class=\"wpcf7-form-control wpcf7-email wpcf7-validates-as-required wpcf7-text wpcf7-validates-as-email\" aria-required=\"true\" aria-invalid=\"false\" placeholder=\"Correo electr\u00f3nico\" value=\"\" type=\"email\" name=\"email-217\" \/><\/span> <\/label><br \/>\n<label> <input class=\"wpcf7-form-control wpcf7-submit has-spinner\" type=\"submit\" value=\"Enviar\" \/> <\/label><br \/>\n<span> <span class=\"wpcf7-form-control-wrap\" data-name=\"acceptance-877\"><span class=\"wpcf7-form-control wpcf7-acceptance\"><span class=\"wpcf7-list-item\"><label><input type=\"checkbox\" name=\"acceptance-877\" value=\"1\" aria-invalid=\"false\" \/><span class=\"wpcf7-list-item-label\">He le\u00eddo y acepto la <a href=\"https:\/\/www.davofrio.com\/politica-de-privacidad\">Pol\u00edtica de Privacidad<\/a><\/span><\/label><\/span><\/span><\/span><\/span>\n\t<\/p>\n<\/div><div class=\"wpcf7-response-output\" aria-hidden=\"true\"><\/div>\n<\/form>\n<\/div>\n<\/p><h3 style=\"text-align: justify;\">La seguridad que te ofrece contratar un buen Servicio T\u00e9cnico Mitsubishi Daiya<\/h3><p style=\"text-align: justify;\">Si tienes que realizar un <strong>mantenimiento peri\u00f3dico<\/strong> o, por el contrario, precisas una <strong>reparaci\u00f3n algo m\u00e1s compleja<\/strong>, Davofr\u00edo puede ser tu opci\u00f3n perfecta de Servicio T\u00e9cnico Mitsubishi Daiya si resides en Alicante y Valencia.<\/p><p style=\"text-align: justify;\">No te la juegues eligiendo un servicio t\u00e9cnico que no pueda asegurarte encontrar y solucionar r\u00e1pidamente el problema o que haya trabajado durante a\u00f1os con productos de climatizaci\u00f3n de Mitsubishi Daiya. Si valoras tu aire acondicionado de la marca, seguro que quieres que quien lo repare sepa exactamente lo que hace con \u00e9l.<\/p><h2 style=\"text-align: justify;\">Davofr\u00edo, una opci\u00f3n excelente de Servicio T\u00e9cnico Mitsubishi Daiya en Alicante y Valencia<\/h2><p style=\"text-align: justify;\">En Davofr\u00edo tenemos muchos a\u00f1os de experiencia como<strong> Servicio T\u00e9cnico de aire acondicionado Mitsubishi Daiya en Alicante y Valencia.<\/strong> Todos nuestros t\u00e9cnicos est\u00e1n acostumbrados a trabajar realizando tanto mantenimientos como reparaciones de la marca para que puedas volver a disfrutar de tus aparatos de climatizaci\u00f3n a la mayor brevedad posible.<\/p>\t\t\t\t\t\t\t\t<\/div>\n\t\t\t\t<\/div>\n\t\t\t\t<div class=\"elementor-element elementor-element-3e8df26 elementor-widget elementor-widget-spacer\" data-id=\"3e8df26\" data-element_type=\"widget\" data-e-type=\"widget\" data-widget_type=\"spacer.default\">\n\t\t\t\t<div class=\"elementor-widget-container\">\n\t\t\t\t\t\t\t<div class=\"elementor-spacer\">\n\t\t\t<div class=\"elementor-spacer-inner\"><\/div>\n\t\t<\/div>\n\t\t\t\t\t\t<\/div>\n\t\t\t\t<\/div>\n\t\t\t\t\t<\/div>\n\t\t<\/div>\n\t\t\t\t<div class=\"elementor-column elementor-col-33 elementor-top-column elementor-element elementor-element-bd25e7b\" data-id=\"bd25e7b\" data-element_type=\"column\" data-e-type=\"column\">\n\t\t\t<div class=\"elementor-widget-wrap elementor-element-populated\">\n\t\t\t\t\t\t<div class=\"elementor-element elementor-element-9bc106c elementor-widget elementor-widget-sidebar\" data-id=\"9bc106c\" data-element_type=\"widget\" data-e-type=\"widget\" data-widget_type=\"sidebar.default\">\n\t\t\t\t<div class=\"elementor-widget-container\">\n\t\t\t\t\t<aside id=\"block-28\" class=\"widget inner-padding widget_block\">\n<h2 class=\"wp-block-heading has-text-align-left has-text-color has-link-color has-x-large-font-size wp-elements-cb61bb2b5d4eba75bb9c5d8d0081c890\" style=\"color:#0f5abf;font-style:normal;font-weight:700\">DAVOFR\u00cdO<\/h2>\n<\/aside><aside id=\"block-30\" class=\"widget inner-padding widget_block widget_media_image\">\n<figure class=\"wp-block-image size-large is-resized\"><img fetchpriority=\"high\" decoding=\"async\" fetchpriority=\"high\" width=\"1024\" height=\"796\" src=\"https:\/\/www.davofrio.com\/wp-content\/uploads\/2022\/10\/Davofrio-Fachada-1024x796.png\" alt=\"Davofrio Empresa de Climatizaci\u00f3n -Servicio T\u00e9cnico oficial en Alicante, Valencia y Murcia\" class=\"wp-image-8098\" style=\"width:345px;height:auto\" srcset=\"https:\/\/www.davofrio.com\/wp-content\/uploads\/2022\/10\/Davofrio-Fachada-1024x796.png 1024w, https:\/\/www.davofrio.com\/wp-content\/uploads\/2022\/10\/Davofrio-Fachada-300x233.png 300w, https:\/\/www.davofrio.com\/wp-content\/uploads\/2022\/10\/Davofrio-Fachada-600x466.png 600w, https:\/\/www.davofrio.com\/wp-content\/uploads\/2022\/10\/Davofrio-Fachada.png 1508w\" sizes=\"(max-width: 1024px) 100vw, 1024px\" \/><\/figure>\n<\/aside><aside id=\"block-32\" class=\"widget inner-padding widget_block widget_text\">\n<p class=\"\">Si est\u00e1s considerando la instalaci\u00f3n de un sistema de <strong>climatizaci\u00f3n <\/strong>en Alicante, Valencia o Murcia, conf\u00eda en nuestros expertos instaladores, tenemos m\u00e1s de 25 a\u00f1os de experiencia. En&nbsp;Davofr\u00edo&nbsp;llevamos a cabo el proyecto de manera eficiente y profesional. Cont\u00e1ctanos hoy mismo para obtener m\u00e1s informaci\u00f3n.<\/p>\n<\/aside><aside id=\"block-43\" class=\"widget inner-padding widget_block\">\n<div class=\"wp-block-buttons is-layout-flex wp-block-buttons-is-layout-flex\">\n<div class=\"wp-block-button is-style-fill\"><a class=\"wp-block-button__link has-base-3-color has-text-color has-background has-link-color wp-element-button\" href=\"https:\/\/www.davofrio.com\/\" style=\"border-radius:0px;background-color:#0f5abf\"><strong>CONOCE M\u00c1S<\/strong><\/a><\/div>\n<\/div>\n<\/aside><aside id=\"custom_html-2\" class=\"widget_text widget inner-padding widget_custom_html\"><div class=\"textwidget custom-html-widget\">\n<div class=\"wpcf7 no-js\" id=\"wpcf7-f1705-o2\" lang=\"es-ES\" dir=\"ltr\" data-wpcf7-id=\"1705\">\n<div class=\"screen-reader-response\"><p role=\"status\" aria-live=\"polite\" aria-atomic=\"true\"><\/p> <ul><\/ul><\/div>\n<form action=\"\/en\/wp-json\/wp\/v2\/pages\/3292#wpcf7-f1705-o2\" method=\"post\" class=\"wpcf7-form init\" aria-label=\"Formulario de contacto\" novalidate=\"novalidate\" data-status=\"init\">\n<fieldset class=\"hidden-fields-container\"><input type=\"hidden\" name=\"_wpcf7\" value=\"1705\" \/><input type=\"hidden\" name=\"_wpcf7_version\" value=\"6.1.5\" \/><input type=\"hidden\" name=\"_wpcf7_locale\" value=\"es_ES\" \/><input type=\"hidden\" name=\"_wpcf7_unit_tag\" value=\"wpcf7-f1705-o2\" \/><input type=\"hidden\" name=\"_wpcf7_container_post\" value=\"0\" \/><input type=\"hidden\" name=\"_wpcf7_posted_data_hash\" value=\"\" \/><input type=\"hidden\" name=\"_wpcf7_recaptcha_response\" value=\"\" \/>\n<\/fieldset>\n<div class=\"formulariogenerico\">\n\t<p style=\"font-size:22px; font-weight:700; text-align:center!important;\">Contacta con nosotros\n\t<\/p>\n\t<p><br \/>\n<label> <span class=\"wpcf7-form-control-wrap\" data-name=\"text-378\"><input size=\"40\" maxlength=\"400\" class=\"wpcf7-form-control wpcf7-text wpcf7-validates-as-required\" aria-required=\"true\" aria-invalid=\"false\" placeholder=\"Nombre\" value=\"\" type=\"text\" name=\"text-378\" \/><\/span><\/label><br \/>\n<label> <span class=\"wpcf7-form-control-wrap\" data-name=\"tel-879\"><input size=\"40\" maxlength=\"400\" class=\"wpcf7-form-control wpcf7-tel wpcf7-validates-as-required wpcf7-text wpcf7-validates-as-tel\" aria-required=\"true\" aria-invalid=\"false\" placeholder=\"Tel\u00e9fono\" value=\"\" type=\"tel\" name=\"tel-879\" \/><\/span><\/label><br \/>\n<label> <span class=\"wpcf7-form-control-wrap\" data-name=\"email-956\"><input size=\"40\" maxlength=\"400\" class=\"wpcf7-form-control wpcf7-email wpcf7-validates-as-required wpcf7-text wpcf7-validates-as-email\" aria-required=\"true\" aria-invalid=\"false\" placeholder=\"E-Mail\" value=\"\" type=\"email\" name=\"email-956\" \/><\/span> <\/label><br \/>\n<label> <span class=\"wpcf7-form-control-wrap\" data-name=\"textarea-212\"><textarea cols=\"40\" rows=\"10\" maxlength=\"2000\" class=\"wpcf7-form-control wpcf7-textarea wpcf7-validates-as-required\" aria-required=\"true\" aria-invalid=\"false\" placeholder=\"Tu consulta\" name=\"textarea-212\"><\/textarea><\/span><\/label><br \/>\n<span><span class=\"wpcf7-form-control-wrap\" data-name=\"acceptance-311\"><span class=\"wpcf7-form-control wpcf7-acceptance\"><span class=\"wpcf7-list-item\"><label><input type=\"checkbox\" name=\"acceptance-311\" value=\"1\" aria-invalid=\"false\" \/><span class=\"wpcf7-list-item-label\"><span>Acepto terminos de la <a href=\"https:\/\/www.davofrio.com\/politica-de-privacidad\"> Pol\u00edtica de Privacidad<\/a><\/span><\/span><\/label><\/span><\/span><\/span><\/span><br \/>\n<label><input class=\"wpcf7-form-control wpcf7-submit has-spinner\" type=\"submit\" value=\"Enviar\" \/> <\/label>\n\t<\/p>\n<\/div><div class=\"wpcf7-response-output\" aria-hidden=\"true\"><\/div>\n<\/form>\n<\/div>\n<\/div><\/aside><aside id=\"block-37\" class=\"widget inner-padding widget_block\">\n<h2 class=\"wp-block-heading\"><a href=\"\/blog\/\"><strong>VISITA NUESTRO BLOG<\/strong><\/a><\/h2>\n<\/aside><aside id=\"block-38\" class=\"widget inner-padding widget_block widget_categories\"><ul class=\"wp-block-categories-list categorias wp-block-categories\">\t<li class=\"cat-item cat-item-105\"><a href=\"https:\/\/www.davofrio.com\/en\/blog\/category\/blog\/\">blog<\/a>\n<\/li>\n<\/ul><\/aside><aside id=\"block-27\" class=\"widget inner-padding widget_block widget_search\"><form role=\"search\" method=\"get\" action=\"https:\/\/www.davofrio.com\/en\/\" class=\"wp-block-search__button-outside wp-block-search__text-button wp-block-search\"    ><label class=\"wp-block-search__label screen-reader-text\" for=\"wp-block-search__input-1\" >Search<\/label><div class=\"wp-block-search__inside-wrapper\"  style=\"width: 100%\"><input class=\"wp-block-search__input\" id=\"wp-block-search__input-1\" placeholder=\"Busca en el blog\" value=\"\" type=\"search\" name=\"s\" required \/><button aria-label=\"Buscar\" class=\"wp-block-search__button has-text-color has-base-3-color wp-element-button\" type=\"submit\" >Buscar<\/button><\/div><\/form><\/aside>\t\t\t\t<\/div>\n\t\t\t\t<\/div>\n\t\t\t\t\t<\/div>\n\t\t<\/div>\n\t\t\t\t\t<\/div>\n\t\t<\/section>\n\t\t\t\t<section class=\"elementor-section elementor-top-section elementor-element elementor-element-14663730 elementor-section-boxed elementor-section-height-default elementor-section-height-default\" data-id=\"14663730\" data-element_type=\"section\" data-e-type=\"section\">\n\t\t\t\t\t\t<div class=\"elementor-container elementor-column-gap-default\">\n\t\t\t\t\t<div class=\"elementor-column elementor-col-50 elementor-top-column elementor-element elementor-element-4ce719b\" data-id=\"4ce719b\" data-element_type=\"column\" data-e-type=\"column\">\n\t\t\t<div class=\"elementor-widget-wrap elementor-element-populated\">\n\t\t\t\t\t\t<div class=\"elementor-element elementor-element-409fe8c5 elementor-align-center elementor-widget elementor-widget-button\" data-id=\"409fe8c5\" data-element_type=\"widget\" data-e-type=\"widget\" data-widget_type=\"button.default\">\n\t\t\t\t<div class=\"elementor-widget-container\">\n\t\t\t\t\t\t\t\t\t<div class=\"elementor-button-wrapper\">\n\t\t\t\t\t<a class=\"elementor-button elementor-button-link elementor-size-md\" href=\"https:\/\/www.davofrio.com\/contacto\">\n\t\t\t\t\t\t<span class=\"elementor-button-content-wrapper\">\n\t\t\t\t\t\t<span class=\"elementor-button-icon\">\n\t\t\t\t<i aria-hidden=\"true\" class=\"far fa-eye\"><\/i>\t\t\t<\/span>\n\t\t\t\t\t\t\t\t\t<span class=\"elementor-button-text\">Solicita tu aviso de aver\u00eda Mitsubishi Daiya<\/span>\n\t\t\t\t\t<\/span>\n\t\t\t\t\t<\/a>\n\t\t\t\t<\/div>\n\t\t\t\t\t\t\t\t<\/div>\n\t\t\t\t<\/div>\n\t\t\t\t<div class=\"elementor-element elementor-element-65ea735 elementor-widget elementor-widget-spacer\" data-id=\"65ea735\" data-element_type=\"widget\" data-e-type=\"widget\" data-widget_type=\"spacer.default\">\n\t\t\t\t<div class=\"elementor-widget-container\">\n\t\t\t\t\t\t\t<div class=\"elementor-spacer\">\n\t\t\t<div class=\"elementor-spacer-inner\"><\/div>\n\t\t<\/div>\n\t\t\t\t\t\t<\/div>\n\t\t\t\t<\/div>\n\t\t\t\t\t<\/div>\n\t\t<\/div>\n\t\t\t\t<div class=\"elementor-column elementor-col-50 elementor-top-column elementor-element elementor-element-4693e4d4\" data-id=\"4693e4d4\" data-element_type=\"column\" data-e-type=\"column\">\n\t\t\t<div class=\"elementor-widget-wrap elementor-element-populated\">\n\t\t\t\t\t\t<div class=\"elementor-element elementor-element-4afd261f elementor-align-center elementor-widget elementor-widget-button\" data-id=\"4afd261f\" data-element_type=\"widget\" data-e-type=\"widget\" data-widget_type=\"button.default\">\n\t\t\t\t<div class=\"elementor-widget-container\">\n\t\t\t\t\t\t\t\t\t<div class=\"elementor-button-wrapper\">\n\t\t\t\t\t<a class=\"elementor-button elementor-button-link elementor-size-md\" href=\"https:\/\/www.davofrio.com\/solicita-presupuesto\">\n\t\t\t\t\t\t<span class=\"elementor-button-content-wrapper\">\n\t\t\t\t\t\t<span class=\"elementor-button-icon\">\n\t\t\t\t<i aria-hidden=\"true\" class=\"far fa-eye\"><\/i>\t\t\t<\/span>\n\t\t\t\t\t\t\t\t\t<span class=\"elementor-button-text\">Solicita tu Presupuesto Mitsubishi Daiya<\/span>\n\t\t\t\t\t<\/span>\n\t\t\t\t\t<\/a>\n\t\t\t\t<\/div>\n\t\t\t\t\t\t\t\t<\/div>\n\t\t\t\t<\/div>\n\t\t\t\t<div class=\"elementor-element elementor-element-e146080 elementor-widget elementor-widget-spacer\" data-id=\"e146080\" data-element_type=\"widget\" data-e-type=\"widget\" data-widget_type=\"spacer.default\">\n\t\t\t\t<div class=\"elementor-widget-container\">\n\t\t\t\t\t\t\t<div class=\"elementor-spacer\">\n\t\t\t<div class=\"elementor-spacer-inner\"><\/div>\n\t\t<\/div>\n\t\t\t\t\t\t<\/div>\n\t\t\t\t<\/div>\n\t\t\t\t\t<\/div>\n\t\t<\/div>\n\t\t\t\t\t<\/div>\n\t\t<\/section>\n\t\t\t\t<\/div>\n\t\t","protected":false},"excerpt":{"rendered":"<p>Servicio T\u00e9cnico de Mitsubishi Daiya en Alicante, Valencia y Murcia Mitsubishi es una de las marcas de electrodom\u00e9sticos m\u00e1s conocidas a nivel mundial. La calidad de sus productos es su carta de presentaci\u00f3n en un sector cada vez con m\u00e1s competencia. En Mitsubishi Daiya lo saben y crean aparatos de climatizaci\u00f3n perfectos para mejorar la &#8230; <a title=\"Servicio T\u00e9cnico de Mitsubishi Daiya en Alicante y Valencia\" class=\"read-more\" href=\"https:\/\/www.davofrio.com\/en\/servicio-tecnico-oficial\/mitsubishi-daiya\/\" aria-label=\"Read more about Servicio T\u00e9cnico de Mitsubishi Daiya en Alicante y Valencia\">Read more<\/a><\/p>","protected":false},"author":1,"featured_media":0,"parent":11,"menu_order":0,"comment_status":"closed","ping_status":"closed","template":"elementor_header_footer","meta":{"_joinchat":[],"footnotes":""},"class_list":["post-3292","page","type-page","status-publish"],"_links":{"self":[{"href":"https:\/\/www.davofrio.com\/en\/wp-json\/wp\/v2\/pages\/3292","targetHints":{"allow":["GET"]}}],"collection":[{"href":"https:\/\/www.davofrio.com\/en\/wp-json\/wp\/v2\/pages"}],"about":[{"href":"https:\/\/www.davofrio.com\/en\/wp-json\/wp\/v2\/types\/page"}],"author":[{"embeddable":true,"href":"https:\/\/www.davofrio.com\/en\/wp-json\/wp\/v2\/users\/1"}],"replies":[{"embeddable":true,"href":"https:\/\/www.davofrio.com\/en\/wp-json\/wp\/v2\/comments?post=3292"}],"version-history":[{"count":6,"href":"https:\/\/www.davofrio.com\/en\/wp-json\/wp\/v2\/pages\/3292\/revisions"}],"predecessor-version":[{"id":21777,"href":"https:\/\/www.davofrio.com\/en\/wp-json\/wp\/v2\/pages\/3292\/revisions\/21777"}],"up":[{"embeddable":true,"href":"https:\/\/www.davofrio.com\/en\/wp-json\/wp\/v2\/pages\/11"}],"wp:attachment":[{"href":"https:\/\/www.davofrio.com\/en\/wp-json\/wp\/v2\/media?parent=3292"}],"curies":[{"name":"wp","href":"https:\/\/api.w.org\/{rel}","templated":true}]}}