{"id":3258,"date":"2026-02-20T13:24:36","date_gmt":"2026-02-20T12:24:36","guid":{"rendered":"https:\/\/www.davofrio.com\/?page_id=3258"},"modified":"2026-02-21T07:28:44","modified_gmt":"2026-02-21T06:28:44","slug":"servicio-tecnico-oficial-johnson","status":"publish","type":"page","link":"https:\/\/www.davofrio.com\/en\/servicio-tecnico-oficial\/servicio-tecnico-johnson\/","title":{"rendered":"Servicio T\u00e9cnico Johnson en Alicante"},"content":{"rendered":"\t\t<div data-elementor-type=\"wp-page\" data-elementor-id=\"3258\" class=\"elementor elementor-3258\" data-elementor-post-type=\"page\">\n\t\t\t\t\t\t<section class=\"elementor-section elementor-top-section elementor-element elementor-element-2fdcdf46 elementor-section-boxed elementor-section-height-default elementor-section-height-default\" data-id=\"2fdcdf46\" data-element_type=\"section\" data-e-type=\"section\">\n\t\t\t\t\t\t\t<div class=\"elementor-background-overlay\"><\/div>\n\t\t\t\t\t\t\t<div class=\"elementor-container elementor-column-gap-default\">\n\t\t\t\t\t<div class=\"elementor-column elementor-col-100 elementor-top-column elementor-element elementor-element-4dfb8e6a\" data-id=\"4dfb8e6a\" data-element_type=\"column\" data-e-type=\"column\">\n\t\t\t<div class=\"elementor-widget-wrap elementor-element-populated\">\n\t\t\t\t\t\t<div class=\"elementor-element elementor-element-2052e7fb elementor-widget elementor-widget-spacer\" data-id=\"2052e7fb\" data-element_type=\"widget\" data-e-type=\"widget\" data-widget_type=\"spacer.default\">\n\t\t\t\t<div class=\"elementor-widget-container\">\n\t\t\t\t\t\t\t<div class=\"elementor-spacer\">\n\t\t\t<div class=\"elementor-spacer-inner\"><\/div>\n\t\t<\/div>\n\t\t\t\t\t\t<\/div>\n\t\t\t\t<\/div>\n\t\t\t\t<div class=\"elementor-element elementor-element-5c33c652 elementor-widget elementor-widget-heading\" data-id=\"5c33c652\" data-element_type=\"widget\" data-e-type=\"widget\" data-widget_type=\"heading.default\">\n\t\t\t\t<div class=\"elementor-widget-container\">\n\t\t\t\t\t<h1 class=\"elementor-heading-title elementor-size-default\">Servicio T\u00e9cnico Johnson en Alicante, Valencia y Murcia<\/h1>\t\t\t\t<\/div>\n\t\t\t\t<\/div>\n\t\t\t\t<div class=\"elementor-element elementor-element-17a35a9e elementor-widget elementor-widget-text-editor\" data-id=\"17a35a9e\" data-element_type=\"widget\" data-e-type=\"widget\" data-widget_type=\"text-editor.default\">\n\t\t\t\t<div class=\"elementor-widget-container\">\n\t\t\t\t\t\t\t\t\t<p>Los equipos de aire acondicionado de Johnson son conocidos tanto por lo silenciosos que resultan como por sus filtros anti bacterias, que hacen posible que el aire que respiras en tu casa sea lo m\u00e1s puro posible.\u00a0<span style=\"font-family: var( --e-global-typography-text-font-family ), Sans-serif; font-weight: var( --e-global-typography-text-font-weight );\">Otra de sus ventajas m\u00e1s populares es que sus dispositivos cuentan con dos a\u00f1os de garant\u00eda total y hasta cinco a\u00f1os de garant\u00eda en el compresor, lo que les convierte en una opci\u00f3n muy fiable en cuanto a aires acondicionados se refiere.\u00a0<\/span><\/p><p><span style=\"font-family: var( --e-global-typography-text-font-family ), Sans-serif; font-weight: var( --e-global-typography-text-font-weight );\">Sin embargo, de vez en cuando es necesario realizar mantenimientos o arreglar peque\u00f1as incidencias una vez pasado este plazo de garant\u00eda. Si es tu caso por alguna circunstancia te recomendamos que siempre optes por un buen <\/span><span style=\"font-family: var( --e-global-typography-text-font-family ), Sans-serif;\"><b>Servicio T\u00e9cnico de aire acondicionado de Johnson en Alicante, Valencia y Murcia<\/b><\/span><span style=\"font-family: var( --e-global-typography-text-font-family ), Sans-serif; font-weight: var( --e-global-typography-text-font-weight );\">.<\/span><\/p>\t\t\t\t\t\t\t\t<\/div>\n\t\t\t\t<\/div>\n\t\t\t\t<section class=\"elementor-section elementor-inner-section elementor-element elementor-element-52078ec4 elementor-section-boxed elementor-section-height-default elementor-section-height-default\" data-id=\"52078ec4\" data-element_type=\"section\" data-e-type=\"section\">\n\t\t\t\t\t\t<div class=\"elementor-container elementor-column-gap-default\">\n\t\t\t\t\t<div class=\"elementor-column elementor-col-50 elementor-inner-column elementor-element elementor-element-2cd56b16\" data-id=\"2cd56b16\" data-element_type=\"column\" data-e-type=\"column\">\n\t\t\t<div class=\"elementor-widget-wrap elementor-element-populated\">\n\t\t\t\t\t\t<div class=\"elementor-element elementor-element-282199e3 elementor-align-right elementor-mobile-align-center elementor-widget elementor-widget-button\" data-id=\"282199e3\" data-element_type=\"widget\" data-e-type=\"widget\" data-widget_type=\"button.default\">\n\t\t\t\t<div class=\"elementor-widget-container\">\n\t\t\t\t\t\t\t\t\t<div class=\"elementor-button-wrapper\">\n\t\t\t\t\t<a class=\"elementor-button elementor-button-link elementor-size-lg\" href=\"tel:960002033\">\n\t\t\t\t\t\t<span class=\"elementor-button-content-wrapper\">\n\t\t\t\t\t\t<span class=\"elementor-button-icon\">\n\t\t\t\t<i aria-hidden=\"true\" class=\"fas fa-phone-alt\"><\/i>\t\t\t<\/span>\n\t\t\t\t\t\t\t\t\t<span class=\"elementor-button-text\">LLAMANOS<\/span>\n\t\t\t\t\t<\/span>\n\t\t\t\t\t<\/a>\n\t\t\t\t<\/div>\n\t\t\t\t\t\t\t\t<\/div>\n\t\t\t\t<\/div>\n\t\t\t\t\t<\/div>\n\t\t<\/div>\n\t\t\t\t<div class=\"elementor-column elementor-col-50 elementor-inner-column elementor-element elementor-element-3caccbb5\" data-id=\"3caccbb5\" data-element_type=\"column\" data-e-type=\"column\">\n\t\t\t<div class=\"elementor-widget-wrap elementor-element-populated\">\n\t\t\t\t\t\t<div class=\"elementor-element elementor-element-aeab5ec elementor-align-left elementor-mobile-align-center elementor-widget elementor-widget-button\" data-id=\"aeab5ec\" data-element_type=\"widget\" data-e-type=\"widget\" data-widget_type=\"button.default\">\n\t\t\t\t<div class=\"elementor-widget-container\">\n\t\t\t\t\t\t\t\t\t<div class=\"elementor-button-wrapper\">\n\t\t\t\t\t<a class=\"elementor-button elementor-button-link elementor-size-lg\" href=\"https:\/\/www.davofrio.com\/contacto\">\n\t\t\t\t\t\t<span class=\"elementor-button-content-wrapper\">\n\t\t\t\t\t\t<span class=\"elementor-button-icon\">\n\t\t\t\t<i aria-hidden=\"true\" class=\"fas fa-envelope\"><\/i>\t\t\t<\/span>\n\t\t\t\t\t\t\t\t\t<span class=\"elementor-button-text\">CONTACTANOS<\/span>\n\t\t\t\t\t<\/span>\n\t\t\t\t\t<\/a>\n\t\t\t\t<\/div>\n\t\t\t\t\t\t\t\t<\/div>\n\t\t\t\t<\/div>\n\t\t\t\t\t<\/div>\n\t\t<\/div>\n\t\t\t\t\t<\/div>\n\t\t<\/section>\n\t\t\t\t<div class=\"elementor-element elementor-element-7ad288f9 elementor-widget elementor-widget-spacer\" data-id=\"7ad288f9\" data-element_type=\"widget\" data-e-type=\"widget\" data-widget_type=\"spacer.default\">\n\t\t\t\t<div class=\"elementor-widget-container\">\n\t\t\t\t\t\t\t<div class=\"elementor-spacer\">\n\t\t\t<div class=\"elementor-spacer-inner\"><\/div>\n\t\t<\/div>\n\t\t\t\t\t\t<\/div>\n\t\t\t\t<\/div>\n\t\t\t\t\t<\/div>\n\t\t<\/div>\n\t\t\t\t\t<\/div>\n\t\t<\/section>\n\t\t\t\t<section class=\"elementor-section elementor-top-section elementor-element elementor-element-2c4407a3 elementor-section-boxed elementor-section-height-default elementor-section-height-default\" data-id=\"2c4407a3\" data-element_type=\"section\" data-e-type=\"section\">\n\t\t\t\t\t\t<div class=\"elementor-container elementor-column-gap-default\">\n\t\t\t\t\t<div class=\"elementor-column elementor-col-100 elementor-top-column elementor-element elementor-element-545f0c94\" data-id=\"545f0c94\" data-element_type=\"column\" data-e-type=\"column\">\n\t\t\t<div class=\"elementor-widget-wrap elementor-element-populated\">\n\t\t\t\t\t\t<div class=\"elementor-element elementor-element-6295a86f elementor-widget elementor-widget-text-editor\" data-id=\"6295a86f\" data-element_type=\"widget\" data-e-type=\"widget\" data-widget_type=\"text-editor.default\">\n\t\t\t\t<div class=\"elementor-widget-container\">\n\t\t\t\t\t\t\t\t\t<p><script type=\"application\/ld+json\">\n{\n  \"@context\": \"https:\/\/schema.org\",\n  \"@type\": \"HVACBusiness\",\n  \"name\": \"Davofrio\",\n  \"image\": \"https:\/\/www.davofrio.com\/wp-content\/uploads\/2020\/11\/cropped-favicon-davofrio.png\",\n  \"@id\": \"https:\/\/www.davofrio.com\/\",\n  \"url\": \"https:\/\/www.davofrio.com\/\",\n  \"telephone\": \"965 05 87 31\",\n  \"priceRange\": \"\u20ac\u20ac\u20ac\",\n  \"address\": {\n    \"@type\": \"PostalAddress\",\n    \"streetAddress\": \"Calle del Veterinario Manuel Isidro Rodr\u00edguez Garc\u00eda, 53\",\n    \"addressLocality\": \"Sant Vicent del Raspeig\",\n    \"postalCode\": \"03690\",\n    \"addressCountry\": \"ES\"\n  },\n  \"geo\": {\n    \"@type\": \"GeoCoordinates\",\n    \"latitude\": 38.3879266,\n    \"longitude\": -0.4961261\n  },\n\"openingHoursSpecification\": [\n  {\n    \"@type\": \"OpeningHoursSpecification\",\n    \"dayOfWeek\": [\n      \"Monday\",\n      \"Tuesday\",\n      \"Wednesday\",\n      \"Thursday\",\n      \"Friday\"\n    ],\n    \"opens\": \"09:00\",\n    \"closes\": \"14:00\"\n  },\n  {\n    \"@type\": \"OpeningHoursSpecification\",\n    \"dayOfWeek\": [\n      \"Monday\",\n      \"Tuesday\",\n      \"Wednesday\",\n      \"Thursday\",\n      \"Friday\"\n    ],\n    \"opens\": \"16:00\",\n    \"closes\": \"18:00\"\n  }\n ]\n}\n<\/script><\/p>\n<p style=\"text-align: justify;\"><span style=\"font-family: inherit; font-size: 35px; font-style: inherit; color: var( --e-global-color-text );\">Encontrando el Servicio T\u00e9cnico de aire acondicionado Johnson que tu hogar en Alicante necesita<\/span><\/p>\n<p style=\"text-align: justify;\">Johnson cuenta con un amplio cat\u00e1logo de equipos de climatizaci\u00f3n tanto dom\u00e9stica como comercial, ambos con un refrigerante que resulta respetuoso para el medio ambiente y con cero emisiones a la capa de ozono. Sus aparatos est\u00e1n al d\u00eda en cuanto a innovaci\u00f3n se refiere, consiguiendo siempre acercar a sus clientes los \u00faltimos avances en cuanto a climatizaci\u00f3n.<\/p>\n<p style=\"text-align: justify;\">Es precisamente por eso por lo que el<strong> Servicio T\u00e9cnico Johnson de Davofr\u00edo<\/strong> est\u00e1 al d\u00eda de todos los avances y nuevas tecnolog\u00edas de la marca, siendo capaces de conseguir cualquier tipo de recambio si es precisa una reparaci\u00f3n.<\/p>\n<h3 style=\"text-align: justify;\">Busca todas las garant\u00edas en tu Servicio T\u00e9cnico de Johnson de referencia en Alicante<\/h3>\n<p style=\"text-align: justify;\">A la hora de realizar el mantenimiento o alguna reparaci\u00f3n de tu sistema de climatizaci\u00f3n de Johnson, te recomendamos que busques el Servicio T\u00e9cnico O de tu ciudad. Solo ellos ser\u00e1n capaces de ofrecerte todas las garant\u00edas en tiempo de respuesta y calidad de la atenci\u00f3n.<\/p>\n<p style=\"text-align: justify;\"><strong>Si vives en Alicante o alrededores, cuenta con los profesionales del Servicio T\u00e9cnico Johnson de Davofr\u00edo<\/strong>. Gracias a estar acreditados en la marca, somos capaces de localizar y arreglar r\u00e1pidamente cualquier tipo de incidencia en aparatos de la misma. Ofrecemos nuestro asesoramiento, sin ning\u00fan tipo de compromiso, y servicio tanto a empresas como a particulares.<\/p>\n<h2 style=\"text-align: justify;\">Davofr\u00edo soluciona cualquier tipo de problema de climatizaci\u00f3n con su Servicio T\u00e9cnico de Johnson<\/h2>\n<p style=\"text-align: justify;\">El profesional de Davofr\u00edo que te atienda con la puesta a punto o reparaci\u00f3n de tu aire acondicionado Johnson estar\u00e1 <strong>familiarizado con los \u00faltimos modelos de la marca<\/strong> y localizar\u00e1 cualquier tipo de incidencia en los elementos que m\u00e1s sufren con el paso de los a\u00f1os: los circuitos el\u00e9ctricos, la unidad externa y el split.<\/p>\t\t\t\t\t\t\t\t<\/div>\n\t\t\t\t<\/div>\n\t\t\t\t<div class=\"elementor-element elementor-element-38108d8 elementor-widget elementor-widget-spacer\" data-id=\"38108d8\" data-element_type=\"widget\" data-e-type=\"widget\" data-widget_type=\"spacer.default\">\n\t\t\t\t<div class=\"elementor-widget-container\">\n\t\t\t\t\t\t\t<div class=\"elementor-spacer\">\n\t\t\t<div class=\"elementor-spacer-inner\"><\/div>\n\t\t<\/div>\n\t\t\t\t\t\t<\/div>\n\t\t\t\t<\/div>\n\t\t\t\t\t<\/div>\n\t\t<\/div>\n\t\t\t\t\t<\/div>\n\t\t<\/section>\n\t\t\t\t<section class=\"elementor-section elementor-top-section elementor-element elementor-element-799f23a3 elementor-section-boxed elementor-section-height-default elementor-section-height-default\" data-id=\"799f23a3\" data-element_type=\"section\" data-e-type=\"section\">\n\t\t\t\t\t\t<div class=\"elementor-container elementor-column-gap-default\">\n\t\t\t\t\t<div class=\"elementor-column elementor-col-50 elementor-top-column elementor-element elementor-element-4545134e\" data-id=\"4545134e\" data-element_type=\"column\" data-e-type=\"column\">\n\t\t\t<div class=\"elementor-widget-wrap elementor-element-populated\">\n\t\t\t\t\t\t<div class=\"elementor-element elementor-element-5bbb0cc8 elementor-align-center elementor-widget elementor-widget-button\" data-id=\"5bbb0cc8\" data-element_type=\"widget\" data-e-type=\"widget\" data-widget_type=\"button.default\">\n\t\t\t\t<div class=\"elementor-widget-container\">\n\t\t\t\t\t\t\t\t\t<div class=\"elementor-button-wrapper\">\n\t\t\t\t\t<a class=\"elementor-button elementor-button-link elementor-size-md\" href=\"https:\/\/www.davofrio.com\/contacto\">\n\t\t\t\t\t\t<span class=\"elementor-button-content-wrapper\">\n\t\t\t\t\t\t<span class=\"elementor-button-icon\">\n\t\t\t\t<i aria-hidden=\"true\" class=\"far fa-eye\"><\/i>\t\t\t<\/span>\n\t\t\t\t\t\t\t\t\t<span class=\"elementor-button-text\">Solicita tu aviso de aver\u00eda Johnson<\/span>\n\t\t\t\t\t<\/span>\n\t\t\t\t\t<\/a>\n\t\t\t\t<\/div>\n\t\t\t\t\t\t\t\t<\/div>\n\t\t\t\t<\/div>\n\t\t\t\t<div class=\"elementor-element elementor-element-265b229 elementor-widget elementor-widget-spacer\" data-id=\"265b229\" data-element_type=\"widget\" data-e-type=\"widget\" data-widget_type=\"spacer.default\">\n\t\t\t\t<div class=\"elementor-widget-container\">\n\t\t\t\t\t\t\t<div class=\"elementor-spacer\">\n\t\t\t<div class=\"elementor-spacer-inner\"><\/div>\n\t\t<\/div>\n\t\t\t\t\t\t<\/div>\n\t\t\t\t<\/div>\n\t\t\t\t\t<\/div>\n\t\t<\/div>\n\t\t\t\t<div class=\"elementor-column elementor-col-50 elementor-top-column elementor-element elementor-element-1924904f\" data-id=\"1924904f\" data-element_type=\"column\" data-e-type=\"column\">\n\t\t\t<div class=\"elementor-widget-wrap elementor-element-populated\">\n\t\t\t\t\t\t<div class=\"elementor-element elementor-element-20e831bf elementor-align-center elementor-widget elementor-widget-button\" data-id=\"20e831bf\" data-element_type=\"widget\" data-e-type=\"widget\" data-widget_type=\"button.default\">\n\t\t\t\t<div class=\"elementor-widget-container\">\n\t\t\t\t\t\t\t\t\t<div class=\"elementor-button-wrapper\">\n\t\t\t\t\t<a class=\"elementor-button elementor-button-link elementor-size-md\" href=\"https:\/\/www.davofrio.com\/solicita-presupuesto\">\n\t\t\t\t\t\t<span class=\"elementor-button-content-wrapper\">\n\t\t\t\t\t\t<span class=\"elementor-button-icon\">\n\t\t\t\t<i aria-hidden=\"true\" class=\"far fa-eye\"><\/i>\t\t\t<\/span>\n\t\t\t\t\t\t\t\t\t<span class=\"elementor-button-text\">Solicita tu Presupuesto Johnson<\/span>\n\t\t\t\t\t<\/span>\n\t\t\t\t\t<\/a>\n\t\t\t\t<\/div>\n\t\t\t\t\t\t\t\t<\/div>\n\t\t\t\t<\/div>\n\t\t\t\t<div class=\"elementor-element elementor-element-3bbc649 elementor-widget elementor-widget-spacer\" data-id=\"3bbc649\" data-element_type=\"widget\" data-e-type=\"widget\" data-widget_type=\"spacer.default\">\n\t\t\t\t<div class=\"elementor-widget-container\">\n\t\t\t\t\t\t\t<div class=\"elementor-spacer\">\n\t\t\t<div class=\"elementor-spacer-inner\"><\/div>\n\t\t<\/div>\n\t\t\t\t\t\t<\/div>\n\t\t\t\t<\/div>\n\t\t\t\t\t<\/div>\n\t\t<\/div>\n\t\t\t\t\t<\/div>\n\t\t<\/section>\n\t\t\t\t<\/div>\n\t\t","protected":false},"excerpt":{"rendered":"<p>Servicio T\u00e9cnico Johnson en Alicante, Valencia y Murcia Los equipos de aire acondicionado de Johnson son conocidos tanto por lo silenciosos que resultan como por sus filtros anti bacterias, que hacen posible que el aire que respiras en tu casa sea lo m\u00e1s puro posible.\u00a0Otra de sus ventajas m\u00e1s populares es que sus dispositivos cuentan &#8230; <a title=\"Servicio T\u00e9cnico Johnson en Alicante\" class=\"read-more\" href=\"https:\/\/www.davofrio.com\/en\/servicio-tecnico-oficial\/servicio-tecnico-johnson\/\" aria-label=\"Read more about Servicio T\u00e9cnico Johnson en Alicante\">Read more<\/a><\/p>","protected":false},"author":1,"featured_media":0,"parent":11,"menu_order":0,"comment_status":"closed","ping_status":"closed","template":"elementor_header_footer","meta":{"footnotes":""},"class_list":["post-3258","page","type-page","status-publish"],"_links":{"self":[{"href":"https:\/\/www.davofrio.com\/en\/wp-json\/wp\/v2\/pages\/3258","targetHints":{"allow":["GET"]}}],"collection":[{"href":"https:\/\/www.davofrio.com\/en\/wp-json\/wp\/v2\/pages"}],"about":[{"href":"https:\/\/www.davofrio.com\/en\/wp-json\/wp\/v2\/types\/page"}],"author":[{"embeddable":true,"href":"https:\/\/www.davofrio.com\/en\/wp-json\/wp\/v2\/users\/1"}],"replies":[{"embeddable":true,"href":"https:\/\/www.davofrio.com\/en\/wp-json\/wp\/v2\/comments?post=3258"}],"version-history":[{"count":12,"href":"https:\/\/www.davofrio.com\/en\/wp-json\/wp\/v2\/pages\/3258\/revisions"}],"predecessor-version":[{"id":17781,"href":"https:\/\/www.davofrio.com\/en\/wp-json\/wp\/v2\/pages\/3258\/revisions\/17781"}],"up":[{"embeddable":true,"href":"https:\/\/www.davofrio.com\/en\/wp-json\/wp\/v2\/pages\/11"}],"wp:attachment":[{"href":"https:\/\/www.davofrio.com\/en\/wp-json\/wp\/v2\/media?parent=3258"}],"curies":[{"name":"wp","href":"https:\/\/api.w.org\/{rel}","templated":true}]}}