{"id":3190,"date":"2021-01-21T14:04:49","date_gmt":"2021-01-21T13:04:49","guid":{"rendered":"https:\/\/www.davofrio.com\/?page_id=3190"},"modified":"2022-01-28T11:05:14","modified_gmt":"2022-01-28T10:05:14","slug":"servicio-tecnico-lennox","status":"publish","type":"page","link":"https:\/\/www.davofrio.com\/en\/servicio-tecnico-lennox\/","title":{"rendered":"Servicio T\u00e9cnico Lennox en Alicante"},"content":{"rendered":"\t\t<div data-elementor-type=\"wp-page\" data-elementor-id=\"3190\" class=\"elementor elementor-3190\" data-elementor-post-type=\"page\">\n\t\t\t\t\t\t<section class=\"elementor-section elementor-top-section elementor-element elementor-element-4f7118ec elementor-section-boxed elementor-section-height-default elementor-section-height-default\" data-id=\"4f7118ec\" data-element_type=\"section\" data-e-type=\"section\">\n\t\t\t\t\t\t\t<div class=\"elementor-background-overlay\"><\/div>\n\t\t\t\t\t\t\t<div class=\"elementor-container elementor-column-gap-default\">\n\t\t\t\t\t<div class=\"elementor-column elementor-col-100 elementor-top-column elementor-element elementor-element-295b8b98\" data-id=\"295b8b98\" data-element_type=\"column\" data-e-type=\"column\">\n\t\t\t<div class=\"elementor-widget-wrap elementor-element-populated\">\n\t\t\t\t\t\t<div class=\"elementor-element elementor-element-1881ffc1 elementor-widget elementor-widget-spacer\" data-id=\"1881ffc1\" data-element_type=\"widget\" data-e-type=\"widget\" data-widget_type=\"spacer.default\">\n\t\t\t\t<div class=\"elementor-widget-container\">\n\t\t\t\t\t\t\t<div class=\"elementor-spacer\">\n\t\t\t<div class=\"elementor-spacer-inner\"><\/div>\n\t\t<\/div>\n\t\t\t\t\t\t<\/div>\n\t\t\t\t<\/div>\n\t\t\t\t<div class=\"elementor-element elementor-element-4508a7b6 elementor-widget elementor-widget-heading\" data-id=\"4508a7b6\" data-element_type=\"widget\" data-e-type=\"widget\" data-widget_type=\"heading.default\">\n\t\t\t\t<div class=\"elementor-widget-container\">\n\t\t\t\t\t<h1 class=\"elementor-heading-title elementor-size-default\">Servicio T\u00e9cnico Lennox en Alicante, Valencia y Murcia<\/h1>\t\t\t\t<\/div>\n\t\t\t\t<\/div>\n\t\t\t\t<div class=\"elementor-element elementor-element-6e18350a elementor-widget elementor-widget-text-editor\" data-id=\"6e18350a\" data-element_type=\"widget\" data-e-type=\"widget\" data-widget_type=\"text-editor.default\">\n\t\t\t\t<div class=\"elementor-widget-container\">\n\t\t\t\t\t\t\t\t\t<p><b>Lennox es una de las marcas de aire acondicionado m\u00e1s vers\u00e1tiles<\/b> que existen en el mercado. Cuenta con l\u00edneas de climatizaci\u00f3n para todo tipo de clientes y todo tipo de necesidades, lo que la convierte en una apuesta segura cuando estamos buscando algo concreto pero, a la vez, de calidad.\u00a0<span style=\"font-family: var( --e-global-typography-text-font-family ), Sans-serif; font-weight: var( --e-global-typography-text-font-weight );\">Si conoces ya la marca y has llegado hasta aqu\u00ed buscando <\/span><span style=\"font-family: var( --e-global-typography-text-font-family ), Sans-serif;\"><b>un buen Servicio T\u00e9cnico de Lennox<\/b><\/span><span style=\"font-family: var( --e-global-typography-text-font-family ), Sans-serif; font-weight: var( --e-global-typography-text-font-weight );\"> en Alicante o zonas cercanas, en Davofr\u00edo responderemos a tus necesidades gracias a m\u00e1s de 35 a\u00f1os de experiencia.<\/span><\/p>\t\t\t\t\t\t\t\t<\/div>\n\t\t\t\t<\/div>\n\t\t\t\t<section class=\"elementor-section elementor-inner-section elementor-element elementor-element-4c559deb elementor-section-boxed elementor-section-height-default elementor-section-height-default\" data-id=\"4c559deb\" data-element_type=\"section\" data-e-type=\"section\">\n\t\t\t\t\t\t<div class=\"elementor-container elementor-column-gap-default\">\n\t\t\t\t\t<div class=\"elementor-column elementor-col-50 elementor-inner-column elementor-element elementor-element-117510d6\" data-id=\"117510d6\" data-element_type=\"column\" data-e-type=\"column\">\n\t\t\t<div class=\"elementor-widget-wrap elementor-element-populated\">\n\t\t\t\t\t\t<div class=\"elementor-element elementor-element-20ad8719 elementor-align-right elementor-mobile-align-center elementor-widget elementor-widget-button\" data-id=\"20ad8719\" data-element_type=\"widget\" data-e-type=\"widget\" data-widget_type=\"button.default\">\n\t\t\t\t<div class=\"elementor-widget-container\">\n\t\t\t\t\t\t\t\t\t<div class=\"elementor-button-wrapper\">\n\t\t\t\t\t<a class=\"elementor-button elementor-button-link elementor-size-lg\" href=\"tel:960002033\">\n\t\t\t\t\t\t<span class=\"elementor-button-content-wrapper\">\n\t\t\t\t\t\t<span class=\"elementor-button-icon\">\n\t\t\t\t<i aria-hidden=\"true\" class=\"fas fa-phone-alt\"><\/i>\t\t\t<\/span>\n\t\t\t\t\t\t\t\t\t<span class=\"elementor-button-text\">LLAMANOS<\/span>\n\t\t\t\t\t<\/span>\n\t\t\t\t\t<\/a>\n\t\t\t\t<\/div>\n\t\t\t\t\t\t\t\t<\/div>\n\t\t\t\t<\/div>\n\t\t\t\t\t<\/div>\n\t\t<\/div>\n\t\t\t\t<div class=\"elementor-column elementor-col-50 elementor-inner-column elementor-element elementor-element-e4c4f8\" data-id=\"e4c4f8\" data-element_type=\"column\" data-e-type=\"column\">\n\t\t\t<div class=\"elementor-widget-wrap elementor-element-populated\">\n\t\t\t\t\t\t<div class=\"elementor-element elementor-element-b6ea48c elementor-align-left elementor-mobile-align-center elementor-widget elementor-widget-button\" data-id=\"b6ea48c\" data-element_type=\"widget\" data-e-type=\"widget\" data-widget_type=\"button.default\">\n\t\t\t\t<div class=\"elementor-widget-container\">\n\t\t\t\t\t\t\t\t\t<div class=\"elementor-button-wrapper\">\n\t\t\t\t\t<a class=\"elementor-button elementor-button-link elementor-size-lg\" href=\"https:\/\/www.davofrio.com\/contacto\">\n\t\t\t\t\t\t<span class=\"elementor-button-content-wrapper\">\n\t\t\t\t\t\t<span class=\"elementor-button-icon\">\n\t\t\t\t<i aria-hidden=\"true\" class=\"fas fa-envelope\"><\/i>\t\t\t<\/span>\n\t\t\t\t\t\t\t\t\t<span class=\"elementor-button-text\">CONTACTANOS<\/span>\n\t\t\t\t\t<\/span>\n\t\t\t\t\t<\/a>\n\t\t\t\t<\/div>\n\t\t\t\t\t\t\t\t<\/div>\n\t\t\t\t<\/div>\n\t\t\t\t\t<\/div>\n\t\t<\/div>\n\t\t\t\t\t<\/div>\n\t\t<\/section>\n\t\t\t\t<div class=\"elementor-element elementor-element-3187a8be elementor-widget elementor-widget-spacer\" data-id=\"3187a8be\" data-element_type=\"widget\" data-e-type=\"widget\" data-widget_type=\"spacer.default\">\n\t\t\t\t<div class=\"elementor-widget-container\">\n\t\t\t\t\t\t\t<div class=\"elementor-spacer\">\n\t\t\t<div class=\"elementor-spacer-inner\"><\/div>\n\t\t<\/div>\n\t\t\t\t\t\t<\/div>\n\t\t\t\t<\/div>\n\t\t\t\t\t<\/div>\n\t\t<\/div>\n\t\t\t\t\t<\/div>\n\t\t<\/section>\n\t\t\t\t<section class=\"elementor-section elementor-top-section elementor-element elementor-element-3ac9491 elementor-section-boxed elementor-section-height-default elementor-section-height-default\" data-id=\"3ac9491\" data-element_type=\"section\" data-e-type=\"section\">\n\t\t\t\t\t\t<div class=\"elementor-container elementor-column-gap-default\">\n\t\t\t\t\t<div class=\"elementor-column elementor-col-66 elementor-top-column elementor-element elementor-element-6a94d16\" data-id=\"6a94d16\" data-element_type=\"column\" data-e-type=\"column\">\n\t\t\t<div class=\"elementor-widget-wrap elementor-element-populated\">\n\t\t\t\t\t\t<div class=\"elementor-element elementor-element-73c6468c elementor-widget elementor-widget-text-editor\" data-id=\"73c6468c\" data-element_type=\"widget\" data-e-type=\"widget\" data-widget_type=\"text-editor.default\">\n\t\t\t\t<div class=\"elementor-widget-container\">\n\t\t\t\t\t\t\t\t\t<p><script type=\"application\/ld+json\">\n{\n  \"@context\": \"https:\/\/schema.org\",\n  \"@type\": \"HVACBusiness\",\n  \"name\": \"Davofrio\",\n  \"image\": \"https:\/\/www.davofrio.com\/wp-content\/uploads\/2020\/11\/cropped-favicon-davofrio.png\",\n  \"@id\": \"https:\/\/www.davofrio.com\/\",\n  \"url\": \"https:\/\/www.davofrio.com\/\",\n  \"telephone\": \"965 05 87 31\",\n  \"priceRange\": \"\u20ac\u20ac\u20ac\",\n  \"address\": {\n    \"@type\": \"PostalAddress\",\n    \"streetAddress\": \"Calle del Veterinario Manuel Isidro Rodr\u00edguez Garc\u00eda, 53\",\n    \"addressLocality\": \"Sant Vicent del Raspeig\",\n    \"postalCode\": \"03690\",\n    \"addressCountry\": \"ES\"\n  },\n  \"geo\": {\n    \"@type\": \"GeoCoordinates\",\n    \"latitude\": 38.3879266,\n    \"longitude\": -0.4961261\n  },\n\"openingHoursSpecification\": [\n  {\n    \"@type\": \"OpeningHoursSpecification\",\n    \"dayOfWeek\": [\n      \"Monday\",\n      \"Tuesday\",\n      \"Wednesday\",\n      \"Thursday\",\n      \"Friday\"\n    ],\n    \"opens\": \"09:00\",\n    \"closes\": \"14:00\"\n  },\n  {\n    \"@type\": \"OpeningHoursSpecification\",\n    \"dayOfWeek\": [\n      \"Monday\",\n      \"Tuesday\",\n      \"Wednesday\",\n      \"Thursday\",\n      \"Friday\"\n    ],\n    \"opens\": \"16:00\",\n    \"closes\": \"18:00\"\n  }\n ]\n}\n<\/script><\/p><p style=\"text-align: justify;\"><span style=\"font-family: inherit; font-size: 35px; font-style: inherit; color: var( --e-global-color-text );\">El Servicio T\u00e9cnico para tus aparatos de climatizaci\u00f3n Lennox en Alicante<\/span><\/p><p style=\"text-align: justify;\">A la hora de buscar el Servicio T\u00e9cnico de Lennox perfecto, lo primero que te recomendamos mirar es que el t\u00e9cnico que acuda a tu hogar o tu oficina cuente con <strong>experiencia demostrada<\/strong> en los aparatos de la marca. Esto ser\u00e1 clave para que puedas tener una confianza total cuando empiece con la reparaci\u00f3n de los mismos.<\/p><h3 style=\"text-align: justify;\">La importancia de contar con profesionales con experiencia cuando buscas servicio t\u00e9cnico para tu aparato Lennox<\/h3><p style=\"text-align: justify;\">Lennox tienen<strong> numerosos modelos de aparatos de aire acondicionado y climatizaci\u00f3n<\/strong> tanto para uso particular como para uso empresarial. Sea cual sea tu necesidad seguro que pueden encontrar el aparato que re\u00fane todas las caracter\u00edsticas que est\u00e1s buscando ahora mismo.<\/p><p style=\"text-align: justify;\">Precisamente, debido a la gran variedad de aparatos que tiene la marca, cuando buscas a un<strong> Servicio T\u00e9cnico Lennox en Alicante<\/strong> que pueda realizar ya sea un peque\u00f1o mantenimiento o una reparaci\u00f3n algo m\u00e1s compleja, lo primero que debes preguntar es hasta qu\u00e9 punto est\u00e1 familiarizado con los modelos de Lennox.<\/p><p style=\"text-align: justify;\">Si los conoce a la perfecci\u00f3n, te aseguras de que sea <strong>capaz de encontrar el problema mucho antes<\/strong> y, por lo tanto, solucionarlo a la mayor brevedad posible. Y, por igual, un buen Servicio T\u00e9cnico de Lennox en Alicante ciudad y provincia encontrar\u00e1 las <strong>piezas necesarias<\/strong> para realizar cualquier tipo de arreglo antes que cualquier otro t\u00e9cnico no familiarizado con estos aparatos.<\/p><h2 style=\"text-align: justify;\">Apuesta por el Servicio T\u00e9cnico de Lennox de Davofr\u00edo en Alicante y alrededores<\/h2><p style=\"text-align: justify;\">En<strong> Davofr\u00edo<\/strong> somos <strong>Servicio T\u00e9cnico de aire acondicionado de Lennox<\/strong> desde hace a\u00f1os. Por eso <strong>conocemos perfectamente todas las piezas, particularidad y posibles incidencias<\/strong> que puedes llegar a tener con la marca y estamos acostumbrados a solucionarlas de forma r\u00e1pida y eficiente. De este modo no tendr\u00e1s que esperar m\u00e1s de lo necesario para volver a tener tu aparato Lennox en perfectas condiciones de nuevo.<\/p>\t\t\t\t\t\t\t\t<\/div>\n\t\t\t\t<\/div>\n\t\t\t\t\t<\/div>\n\t\t<\/div>\n\t\t\t\t<div class=\"elementor-column elementor-col-33 elementor-top-column elementor-element elementor-element-8c06c7b\" data-id=\"8c06c7b\" data-element_type=\"column\" data-e-type=\"column\">\n\t\t\t<div class=\"elementor-widget-wrap elementor-element-populated\">\n\t\t\t\t\t\t<div class=\"elementor-element elementor-element-92ea33f elementor-widget elementor-widget-sidebar\" data-id=\"92ea33f\" data-element_type=\"widget\" data-e-type=\"widget\" data-widget_type=\"sidebar.default\">\n\t\t\t\t<div class=\"elementor-widget-container\">\n\t\t\t\t\t<aside id=\"block-28\" class=\"widget inner-padding widget_block\">\n<h2 class=\"wp-block-heading has-text-align-left has-text-color has-link-color has-x-large-font-size wp-elements-cb61bb2b5d4eba75bb9c5d8d0081c890\" style=\"color:#0f5abf;font-style:normal;font-weight:700\">DAVOFR\u00cdO<\/h2>\n<\/aside><aside id=\"block-30\" class=\"widget inner-padding widget_block widget_media_image\">\n<figure class=\"wp-block-image size-large is-resized\"><img fetchpriority=\"high\" decoding=\"async\" fetchpriority=\"high\" width=\"1024\" height=\"796\" src=\"https:\/\/www.davofrio.com\/wp-content\/uploads\/2022\/10\/Davofrio-Fachada-1024x796.png\" alt=\"Davofrio Empresa de Climatizaci\u00f3n -Servicio T\u00e9cnico oficial en Alicante, Valencia y Murcia\" class=\"wp-image-8098\" style=\"width:345px;height:auto\" srcset=\"https:\/\/www.davofrio.com\/wp-content\/uploads\/2022\/10\/Davofrio-Fachada-1024x796.png 1024w, https:\/\/www.davofrio.com\/wp-content\/uploads\/2022\/10\/Davofrio-Fachada-300x233.png 300w, https:\/\/www.davofrio.com\/wp-content\/uploads\/2022\/10\/Davofrio-Fachada-600x466.png 600w, https:\/\/www.davofrio.com\/wp-content\/uploads\/2022\/10\/Davofrio-Fachada.png 1508w\" sizes=\"(max-width: 1024px) 100vw, 1024px\" \/><\/figure>\n<\/aside><aside id=\"block-32\" class=\"widget inner-padding widget_block widget_text\">\n<p class=\"\">Si est\u00e1s considerando la instalaci\u00f3n de un sistema de <strong>climatizaci\u00f3n <\/strong>en Alicante, Valencia o Murcia, conf\u00eda en nuestros expertos instaladores, tenemos m\u00e1s de 25 a\u00f1os de experiencia. En&nbsp;Davofr\u00edo&nbsp;llevamos a cabo el proyecto de manera eficiente y profesional. Cont\u00e1ctanos hoy mismo para obtener m\u00e1s informaci\u00f3n.<\/p>\n<\/aside><aside id=\"block-43\" class=\"widget inner-padding widget_block\">\n<div class=\"wp-block-buttons is-layout-flex wp-block-buttons-is-layout-flex\">\n<div class=\"wp-block-button is-style-fill\"><a class=\"wp-block-button__link has-base-3-color has-text-color has-background has-link-color wp-element-button\" href=\"https:\/\/www.davofrio.com\/\" style=\"border-radius:0px;background-color:#0f5abf\"><strong>CONOCE M\u00c1S<\/strong><\/a><\/div>\n<\/div>\n<\/aside><aside id=\"custom_html-2\" class=\"widget_text widget inner-padding widget_custom_html\"><div class=\"textwidget custom-html-widget\">\n<div class=\"wpcf7 no-js\" id=\"wpcf7-f1705-o1\" lang=\"es-ES\" dir=\"ltr\" data-wpcf7-id=\"1705\">\n<div class=\"screen-reader-response\"><p role=\"status\" aria-live=\"polite\" aria-atomic=\"true\"><\/p> <ul><\/ul><\/div>\n<form action=\"\/en\/wp-json\/wp\/v2\/pages\/3190#wpcf7-f1705-o1\" method=\"post\" class=\"wpcf7-form init\" aria-label=\"Formulario de contacto\" novalidate=\"novalidate\" data-status=\"init\">\n<fieldset class=\"hidden-fields-container\"><input type=\"hidden\" name=\"_wpcf7\" value=\"1705\" \/><input type=\"hidden\" name=\"_wpcf7_version\" value=\"6.1.5\" \/><input type=\"hidden\" name=\"_wpcf7_locale\" value=\"es_ES\" \/><input type=\"hidden\" name=\"_wpcf7_unit_tag\" value=\"wpcf7-f1705-o1\" \/><input type=\"hidden\" name=\"_wpcf7_container_post\" value=\"0\" \/><input type=\"hidden\" name=\"_wpcf7_posted_data_hash\" value=\"\" \/><input type=\"hidden\" name=\"_wpcf7_recaptcha_response\" value=\"\" \/>\n<\/fieldset>\n<div class=\"formulariogenerico\">\n\t<p style=\"font-size:22px; font-weight:700; text-align:center!important;\">Contacta con nosotros\n\t<\/p>\n\t<p><br \/>\n<label> <span class=\"wpcf7-form-control-wrap\" data-name=\"text-378\"><input size=\"40\" maxlength=\"400\" class=\"wpcf7-form-control wpcf7-text wpcf7-validates-as-required\" aria-required=\"true\" aria-invalid=\"false\" placeholder=\"Nombre\" value=\"\" type=\"text\" name=\"text-378\" \/><\/span><\/label><br \/>\n<label> <span class=\"wpcf7-form-control-wrap\" data-name=\"tel-879\"><input size=\"40\" maxlength=\"400\" class=\"wpcf7-form-control wpcf7-tel wpcf7-validates-as-required wpcf7-text wpcf7-validates-as-tel\" aria-required=\"true\" aria-invalid=\"false\" placeholder=\"Tel\u00e9fono\" value=\"\" type=\"tel\" name=\"tel-879\" \/><\/span><\/label><br \/>\n<label> <span class=\"wpcf7-form-control-wrap\" data-name=\"email-956\"><input size=\"40\" maxlength=\"400\" class=\"wpcf7-form-control wpcf7-email wpcf7-validates-as-required wpcf7-text wpcf7-validates-as-email\" aria-required=\"true\" aria-invalid=\"false\" placeholder=\"E-Mail\" value=\"\" type=\"email\" name=\"email-956\" \/><\/span> <\/label><br \/>\n<label> <span class=\"wpcf7-form-control-wrap\" data-name=\"textarea-212\"><textarea cols=\"40\" rows=\"10\" maxlength=\"2000\" class=\"wpcf7-form-control wpcf7-textarea wpcf7-validates-as-required\" aria-required=\"true\" aria-invalid=\"false\" placeholder=\"Tu consulta\" name=\"textarea-212\"><\/textarea><\/span><\/label><br \/>\n<span><span class=\"wpcf7-form-control-wrap\" data-name=\"acceptance-311\"><span class=\"wpcf7-form-control wpcf7-acceptance\"><span class=\"wpcf7-list-item\"><label><input type=\"checkbox\" name=\"acceptance-311\" value=\"1\" aria-invalid=\"false\" \/><span class=\"wpcf7-list-item-label\"><span>Acepto terminos de la <a href=\"https:\/\/www.davofrio.com\/politica-de-privacidad\"> Pol\u00edtica de Privacidad<\/a><\/span><\/span><\/label><\/span><\/span><\/span><\/span><br \/>\n<label><input class=\"wpcf7-form-control wpcf7-submit has-spinner\" type=\"submit\" value=\"Enviar\" \/> <\/label>\n\t<\/p>\n<\/div><div class=\"wpcf7-response-output\" aria-hidden=\"true\"><\/div>\n<\/form>\n<\/div>\n<\/div><\/aside><aside id=\"block-37\" class=\"widget inner-padding widget_block\">\n<h2 class=\"wp-block-heading\"><a href=\"\/blog\/\"><strong>VISITA NUESTRO BLOG<\/strong><\/a><\/h2>\n<\/aside><aside id=\"block-38\" class=\"widget inner-padding widget_block widget_categories\"><ul class=\"wp-block-categories-list categorias wp-block-categories\">\t<li class=\"cat-item cat-item-272\"><a href=\"https:\/\/www.davofrio.com\/en\/category\/aerotermia\/\">Aerotermia<\/a>\n<\/li>\n\t<li class=\"cat-item cat-item-279\"><a href=\"https:\/\/www.davofrio.com\/en\/category\/aire-acondicionado\/\">Aire acondicionado<\/a>\n<\/li>\n\t<li class=\"cat-item cat-item-277\"><a href=\"https:\/\/www.davofrio.com\/en\/category\/biomasa\/\">Biomasa<\/a>\n<\/li>\n\t<li class=\"cat-item cat-item-105\"><a href=\"https:\/\/www.davofrio.com\/en\/category\/blog\/\">blog<\/a>\n<\/li>\n\t<li class=\"cat-item cat-item-287\"><a href=\"https:\/\/www.davofrio.com\/en\/category\/caldera\/\">Caldera<\/a>\n<\/li>\n\t<li class=\"cat-item cat-item-283\"><a href=\"https:\/\/www.davofrio.com\/en\/category\/casas-bioclimaticas\/\">Casas bioclimaticas<\/a>\n<\/li>\n\t<li class=\"cat-item cat-item-285\"><a href=\"https:\/\/www.davofrio.com\/en\/category\/climatizacion\/\">Climatizaci\u00f3n<\/a>\n<\/li>\n\t<li class=\"cat-item cat-item-282\"><a href=\"https:\/\/www.davofrio.com\/en\/category\/domotica\/\">Domotica<\/a>\n<\/li>\n\t<li class=\"cat-item cat-item-286\"><a href=\"https:\/\/www.davofrio.com\/en\/category\/ecoeficiencia\/\">Ecoeficiencia<\/a>\n<\/li>\n\t<li class=\"cat-item cat-item-281\"><a href=\"https:\/\/www.davofrio.com\/en\/category\/eolica\/\">E\u00f3lica<\/a>\n<\/li>\n\t<li class=\"cat-item cat-item-276\"><a href=\"https:\/\/www.davofrio.com\/en\/category\/fotovoltaica\/\">Fotovoltaica<\/a>\n<\/li>\n\t<li class=\"cat-item cat-item-275\"><a href=\"https:\/\/www.davofrio.com\/en\/category\/geotermia\/\">Geotermia<\/a>\n<\/li>\n\t<li class=\"cat-item cat-item-278\"><a href=\"https:\/\/www.davofrio.com\/en\/category\/mantenimiento-aerotermia\/\">Mantenimiento Aerotermia<\/a>\n<\/li>\n\t<li class=\"cat-item cat-item-273\"><a href=\"https:\/\/www.davofrio.com\/en\/category\/mantenimientos-aire-acondicionado\/\">Mantenimientos aire acondicionado<\/a>\n<\/li>\n\t<li class=\"cat-item cat-item-280\"><a href=\"https:\/\/www.davofrio.com\/en\/category\/noticias\/\">Noticias<\/a>\n<\/li>\n\t<li class=\"cat-item cat-item-274\"><a href=\"https:\/\/www.davofrio.com\/en\/category\/servicio-tecnico-oficial\/\">Servicio t\u00e9cnico Oficial<\/a>\n<\/li>\n\t<li class=\"cat-item cat-item-284\"><a href=\"https:\/\/www.davofrio.com\/en\/category\/suelo-radiante\/\">Suelo radiante<\/a>\n<\/li>\n<\/ul><\/aside><aside id=\"block-27\" class=\"widget inner-padding widget_block widget_search\"><form role=\"search\" method=\"get\" action=\"https:\/\/www.davofrio.com\/en\/\" class=\"wp-block-search__button-outside wp-block-search__text-button wp-block-search\"    ><label class=\"wp-block-search__label screen-reader-text\" for=\"wp-block-search__input-1\" >Search<\/label><div class=\"wp-block-search__inside-wrapper\"  style=\"width: 100%\"><input class=\"wp-block-search__input\" id=\"wp-block-search__input-1\" placeholder=\"Busca en el blog\" value=\"\" type=\"search\" name=\"s\" required \/><button aria-label=\"Buscar\" class=\"wp-block-search__button has-text-color has-base-3-color wp-element-button\" type=\"submit\" >Buscar<\/button><\/div><\/form><\/aside>\t\t\t\t<\/div>\n\t\t\t\t<\/div>\n\t\t\t\t\t<\/div>\n\t\t<\/div>\n\t\t\t\t\t<\/div>\n\t\t<\/section>\n\t\t\t\t<section class=\"elementor-section elementor-top-section elementor-element elementor-element-465782e5 elementor-section-boxed elementor-section-height-default elementor-section-height-default\" data-id=\"465782e5\" data-element_type=\"section\" data-e-type=\"section\">\n\t\t\t\t\t\t<div class=\"elementor-container elementor-column-gap-default\">\n\t\t\t\t\t<div class=\"elementor-column elementor-col-50 elementor-top-column elementor-element elementor-element-4c24f595\" data-id=\"4c24f595\" data-element_type=\"column\" data-e-type=\"column\">\n\t\t\t<div class=\"elementor-widget-wrap elementor-element-populated\">\n\t\t\t\t\t\t<div class=\"elementor-element elementor-element-1f731e1e elementor-align-center elementor-widget elementor-widget-button\" data-id=\"1f731e1e\" data-element_type=\"widget\" data-e-type=\"widget\" data-widget_type=\"button.default\">\n\t\t\t\t<div class=\"elementor-widget-container\">\n\t\t\t\t\t\t\t\t\t<div class=\"elementor-button-wrapper\">\n\t\t\t\t\t<a class=\"elementor-button elementor-button-link elementor-size-md\" href=\"https:\/\/www.davofrio.com\/contacto\">\n\t\t\t\t\t\t<span class=\"elementor-button-content-wrapper\">\n\t\t\t\t\t\t<span class=\"elementor-button-icon\">\n\t\t\t\t<i aria-hidden=\"true\" class=\"far fa-eye\"><\/i>\t\t\t<\/span>\n\t\t\t\t\t\t\t\t\t<span class=\"elementor-button-text\">Solicita tu aviso de aver\u00eda Lennox<\/span>\n\t\t\t\t\t<\/span>\n\t\t\t\t\t<\/a>\n\t\t\t\t<\/div>\n\t\t\t\t\t\t\t\t<\/div>\n\t\t\t\t<\/div>\n\t\t\t\t<div class=\"elementor-element elementor-element-6d7ba7b elementor-widget elementor-widget-spacer\" data-id=\"6d7ba7b\" data-element_type=\"widget\" data-e-type=\"widget\" data-widget_type=\"spacer.default\">\n\t\t\t\t<div class=\"elementor-widget-container\">\n\t\t\t\t\t\t\t<div class=\"elementor-spacer\">\n\t\t\t<div class=\"elementor-spacer-inner\"><\/div>\n\t\t<\/div>\n\t\t\t\t\t\t<\/div>\n\t\t\t\t<\/div>\n\t\t\t\t\t<\/div>\n\t\t<\/div>\n\t\t\t\t<div class=\"elementor-column elementor-col-50 elementor-top-column elementor-element elementor-element-df966f8\" data-id=\"df966f8\" data-element_type=\"column\" data-e-type=\"column\">\n\t\t\t<div class=\"elementor-widget-wrap elementor-element-populated\">\n\t\t\t\t\t\t<div class=\"elementor-element elementor-element-38d13e7e elementor-align-center elementor-widget elementor-widget-button\" data-id=\"38d13e7e\" data-element_type=\"widget\" data-e-type=\"widget\" data-widget_type=\"button.default\">\n\t\t\t\t<div class=\"elementor-widget-container\">\n\t\t\t\t\t\t\t\t\t<div class=\"elementor-button-wrapper\">\n\t\t\t\t\t<a class=\"elementor-button elementor-button-link elementor-size-md\" href=\"https:\/\/www.davofrio.com\/solicita-presupuesto\">\n\t\t\t\t\t\t<span class=\"elementor-button-content-wrapper\">\n\t\t\t\t\t\t<span class=\"elementor-button-icon\">\n\t\t\t\t<i aria-hidden=\"true\" class=\"far fa-eye\"><\/i>\t\t\t<\/span>\n\t\t\t\t\t\t\t\t\t<span class=\"elementor-button-text\">Solicita tu Presupuesto Lennox<\/span>\n\t\t\t\t\t<\/span>\n\t\t\t\t\t<\/a>\n\t\t\t\t<\/div>\n\t\t\t\t\t\t\t\t<\/div>\n\t\t\t\t<\/div>\n\t\t\t\t<div class=\"elementor-element elementor-element-5b9dba3 elementor-widget elementor-widget-spacer\" data-id=\"5b9dba3\" data-element_type=\"widget\" data-e-type=\"widget\" data-widget_type=\"spacer.default\">\n\t\t\t\t<div class=\"elementor-widget-container\">\n\t\t\t\t\t\t\t<div class=\"elementor-spacer\">\n\t\t\t<div class=\"elementor-spacer-inner\"><\/div>\n\t\t<\/div>\n\t\t\t\t\t\t<\/div>\n\t\t\t\t<\/div>\n\t\t\t\t\t<\/div>\n\t\t<\/div>\n\t\t\t\t\t<\/div>\n\t\t<\/section>\n\t\t\t\t<\/div>\n\t\t","protected":false},"excerpt":{"rendered":"<p>Servicio T\u00e9cnico Lennox en Alicante, Valencia y Murcia Lennox es una de las marcas de aire acondicionado m\u00e1s vers\u00e1tiles que existen en el mercado. Cuenta con l\u00edneas de climatizaci\u00f3n para todo tipo de clientes y todo tipo de necesidades, lo que la convierte en una apuesta segura cuando estamos buscando algo concreto pero, a la &#8230; <a title=\"Servicio T\u00e9cnico Lennox en Alicante\" class=\"read-more\" href=\"https:\/\/www.davofrio.com\/en\/servicio-tecnico-lennox\/\" aria-label=\"Read more about Servicio T\u00e9cnico Lennox en Alicante\">Read more<\/a><\/p>","protected":false},"author":1,"featured_media":0,"parent":0,"menu_order":0,"comment_status":"closed","ping_status":"closed","template":"elementor_header_footer","meta":{"footnotes":""},"class_list":["post-3190","page","type-page","status-publish"],"_links":{"self":[{"href":"https:\/\/www.davofrio.com\/en\/wp-json\/wp\/v2\/pages\/3190","targetHints":{"allow":["GET"]}}],"collection":[{"href":"https:\/\/www.davofrio.com\/en\/wp-json\/wp\/v2\/pages"}],"about":[{"href":"https:\/\/www.davofrio.com\/en\/wp-json\/wp\/v2\/types\/page"}],"author":[{"embeddable":true,"href":"https:\/\/www.davofrio.com\/en\/wp-json\/wp\/v2\/users\/1"}],"replies":[{"embeddable":true,"href":"https:\/\/www.davofrio.com\/en\/wp-json\/wp\/v2\/comments?post=3190"}],"version-history":[{"count":5,"href":"https:\/\/www.davofrio.com\/en\/wp-json\/wp\/v2\/pages\/3190\/revisions"}],"predecessor-version":[{"id":6679,"href":"https:\/\/www.davofrio.com\/en\/wp-json\/wp\/v2\/pages\/3190\/revisions\/6679"}],"wp:attachment":[{"href":"https:\/\/www.davofrio.com\/en\/wp-json\/wp\/v2\/media?parent=3190"}],"curies":[{"name":"wp","href":"https:\/\/api.w.org\/{rel}","templated":true}]}}