{"id":3186,"date":"2021-01-21T13:43:36","date_gmt":"2021-01-21T12:43:36","guid":{"rendered":"https:\/\/www.davofrio.com\/?page_id=3186"},"modified":"2022-01-31T16:09:58","modified_gmt":"2022-01-31T15:09:58","slug":"servicio-tecnico-oficial-ecoforest","status":"publish","type":"page","link":"https:\/\/www.davofrio.com\/en\/servicio-tecnico-oficial\/servicio-tecnico-oficial-ecoforest\/","title":{"rendered":"Servicio T\u00e9cnico Oficial de Ecoforest en Alicante"},"content":{"rendered":"\t\t<div data-elementor-type=\"wp-page\" data-elementor-id=\"3186\" class=\"elementor elementor-3186\" data-elementor-post-type=\"page\">\n\t\t\t\t\t\t<section class=\"elementor-section elementor-top-section elementor-element elementor-element-ca5c8d0 elementor-section-boxed elementor-section-height-default elementor-section-height-default\" data-id=\"ca5c8d0\" data-element_type=\"section\" data-e-type=\"section\">\n\t\t\t\t\t\t\t<div class=\"elementor-background-overlay\"><\/div>\n\t\t\t\t\t\t\t<div class=\"elementor-container elementor-column-gap-default\">\n\t\t\t\t\t<div class=\"elementor-column elementor-col-100 elementor-top-column elementor-element elementor-element-69617a99\" data-id=\"69617a99\" data-element_type=\"column\" data-e-type=\"column\">\n\t\t\t<div class=\"elementor-widget-wrap elementor-element-populated\">\n\t\t\t\t\t\t<div class=\"elementor-element elementor-element-532cc8ae elementor-widget elementor-widget-spacer\" data-id=\"532cc8ae\" data-element_type=\"widget\" data-e-type=\"widget\" data-widget_type=\"spacer.default\">\n\t\t\t\t<div class=\"elementor-widget-container\">\n\t\t\t\t\t\t\t<div class=\"elementor-spacer\">\n\t\t\t<div class=\"elementor-spacer-inner\"><\/div>\n\t\t<\/div>\n\t\t\t\t\t\t<\/div>\n\t\t\t\t<\/div>\n\t\t\t\t<div class=\"elementor-element elementor-element-67ef6961 elementor-widget elementor-widget-heading\" data-id=\"67ef6961\" data-element_type=\"widget\" data-e-type=\"widget\" data-widget_type=\"heading.default\">\n\t\t\t\t<div class=\"elementor-widget-container\">\n\t\t\t\t\t<h1 class=\"elementor-heading-title elementor-size-default\">Servicio T\u00e9cnico Oficial de Ecoforest en Alicante, Valencia y Murcia<\/h1>\t\t\t\t<\/div>\n\t\t\t\t<\/div>\n\t\t\t\t<div class=\"elementor-element elementor-element-17aedf49 elementor-widget elementor-widget-text-editor\" data-id=\"17aedf49\" data-element_type=\"widget\" data-e-type=\"widget\" data-widget_type=\"text-editor.default\">\n\t\t\t\t<div class=\"elementor-widget-container\">\n\t\t\t\t\t\t\t\t\t<p>Ecoforest es referencia en climatizaci\u00f3n de calidad, habiendo creado sistemas de bombas de calor para proyectos tanto particulares como empresariales a lo largo de todo el mundo.\u00a0<span style=\"font-family: var( --e-global-typography-text-font-family ), Sans-serif; font-weight: var( --e-global-typography-text-font-weight );\">Si est\u00e1s buscando <\/span><span style=\"font-family: var( --e-global-typography-text-font-family ), Sans-serif;\"><b>Servicio T\u00e9cnico Oficial de Ecoforest en Alicante, Valencia y Murcia<\/b><\/span><span style=\"font-family: var( --e-global-typography-text-font-family ), Sans-serif; font-weight: var( --e-global-typography-text-font-weight );\"> te recomendamos que apuestes por Davofr\u00edo, una empresa con probada experiencia en mantenimiento y arreglos de aparatos de climatizaci\u00f3n de la marca.<\/span><\/p>\t\t\t\t\t\t\t\t<\/div>\n\t\t\t\t<\/div>\n\t\t\t\t<section class=\"elementor-section elementor-inner-section elementor-element elementor-element-6ed21daf elementor-section-boxed elementor-section-height-default elementor-section-height-default\" data-id=\"6ed21daf\" data-element_type=\"section\" data-e-type=\"section\">\n\t\t\t\t\t\t<div class=\"elementor-container elementor-column-gap-default\">\n\t\t\t\t\t<div class=\"elementor-column elementor-col-50 elementor-inner-column elementor-element elementor-element-786bd20e\" data-id=\"786bd20e\" data-element_type=\"column\" data-e-type=\"column\">\n\t\t\t<div class=\"elementor-widget-wrap elementor-element-populated\">\n\t\t\t\t\t\t<div class=\"elementor-element elementor-element-1cae50d2 elementor-align-right elementor-mobile-align-center elementor-widget elementor-widget-button\" data-id=\"1cae50d2\" data-element_type=\"widget\" data-e-type=\"widget\" data-widget_type=\"button.default\">\n\t\t\t\t<div class=\"elementor-widget-container\">\n\t\t\t\t\t\t\t\t\t<div class=\"elementor-button-wrapper\">\n\t\t\t\t\t<a class=\"elementor-button elementor-button-link elementor-size-lg\" href=\"tel:960002033\">\n\t\t\t\t\t\t<span class=\"elementor-button-content-wrapper\">\n\t\t\t\t\t\t<span class=\"elementor-button-icon\">\n\t\t\t\t<i aria-hidden=\"true\" class=\"fas fa-phone-alt\"><\/i>\t\t\t<\/span>\n\t\t\t\t\t\t\t\t\t<span class=\"elementor-button-text\">LLAMANOS<\/span>\n\t\t\t\t\t<\/span>\n\t\t\t\t\t<\/a>\n\t\t\t\t<\/div>\n\t\t\t\t\t\t\t\t<\/div>\n\t\t\t\t<\/div>\n\t\t\t\t\t<\/div>\n\t\t<\/div>\n\t\t\t\t<div class=\"elementor-column elementor-col-50 elementor-inner-column elementor-element elementor-element-7586211\" data-id=\"7586211\" data-element_type=\"column\" data-e-type=\"column\">\n\t\t\t<div class=\"elementor-widget-wrap elementor-element-populated\">\n\t\t\t\t\t\t<div class=\"elementor-element elementor-element-5caef9ef elementor-align-left elementor-mobile-align-center elementor-widget elementor-widget-button\" data-id=\"5caef9ef\" data-element_type=\"widget\" data-e-type=\"widget\" data-widget_type=\"button.default\">\n\t\t\t\t<div class=\"elementor-widget-container\">\n\t\t\t\t\t\t\t\t\t<div class=\"elementor-button-wrapper\">\n\t\t\t\t\t<a class=\"elementor-button elementor-button-link elementor-size-lg\" href=\"https:\/\/www.davofrio.com\/contacto\">\n\t\t\t\t\t\t<span class=\"elementor-button-content-wrapper\">\n\t\t\t\t\t\t<span class=\"elementor-button-icon\">\n\t\t\t\t<i aria-hidden=\"true\" class=\"fas fa-envelope\"><\/i>\t\t\t<\/span>\n\t\t\t\t\t\t\t\t\t<span class=\"elementor-button-text\">CONTACTANOS<\/span>\n\t\t\t\t\t<\/span>\n\t\t\t\t\t<\/a>\n\t\t\t\t<\/div>\n\t\t\t\t\t\t\t\t<\/div>\n\t\t\t\t<\/div>\n\t\t\t\t\t<\/div>\n\t\t<\/div>\n\t\t\t\t\t<\/div>\n\t\t<\/section>\n\t\t\t\t<div class=\"elementor-element elementor-element-5b00a3d elementor-widget elementor-widget-spacer\" data-id=\"5b00a3d\" data-element_type=\"widget\" data-e-type=\"widget\" data-widget_type=\"spacer.default\">\n\t\t\t\t<div class=\"elementor-widget-container\">\n\t\t\t\t\t\t\t<div class=\"elementor-spacer\">\n\t\t\t<div class=\"elementor-spacer-inner\"><\/div>\n\t\t<\/div>\n\t\t\t\t\t\t<\/div>\n\t\t\t\t<\/div>\n\t\t\t\t\t<\/div>\n\t\t<\/div>\n\t\t\t\t\t<\/div>\n\t\t<\/section>\n\t\t\t\t<section class=\"elementor-section elementor-top-section elementor-element elementor-element-6d3eff5e elementor-section-boxed elementor-section-height-default elementor-section-height-default\" data-id=\"6d3eff5e\" data-element_type=\"section\" data-e-type=\"section\">\n\t\t\t\t\t\t<div class=\"elementor-container elementor-column-gap-default\">\n\t\t\t\t\t<div class=\"elementor-column elementor-col-100 elementor-top-column elementor-element elementor-element-467247fa\" data-id=\"467247fa\" data-element_type=\"column\" data-e-type=\"column\">\n\t\t\t<div class=\"elementor-widget-wrap elementor-element-populated\">\n\t\t\t\t\t\t<div class=\"elementor-element elementor-element-7b98ef7c elementor-widget elementor-widget-text-editor\" data-id=\"7b98ef7c\" data-element_type=\"widget\" data-e-type=\"widget\" data-widget_type=\"text-editor.default\">\n\t\t\t\t<div class=\"elementor-widget-container\">\n\t\t\t\t\t\t\t\t\t<p><script type=\"application\/ld+json\">\n{\n  \"@context\": \"https:\/\/schema.org\",\n  \"@type\": \"HVACBusiness\",\n  \"name\": \"Davofrio\",\n  \"image\": \"https:\/\/www.davofrio.com\/wp-content\/uploads\/2020\/11\/cropped-favicon-davofrio.png\",\n  \"@id\": \"https:\/\/www.davofrio.com\/\",\n  \"url\": \"https:\/\/www.davofrio.com\/\",\n  \"telephone\": \"965 05 87 31\",\n  \"priceRange\": \"\u20ac\u20ac\u20ac\",\n  \"address\": {\n    \"@type\": \"PostalAddress\",\n    \"streetAddress\": \"Calle del Veterinario Manuel Isidro Rodr\u00edguez Garc\u00eda, 53\",\n    \"addressLocality\": \"Sant Vicent del Raspeig\",\n    \"postalCode\": \"03690\",\n    \"addressCountry\": \"ES\"\n  },\n  \"geo\": {\n    \"@type\": \"GeoCoordinates\",\n    \"latitude\": 38.3879266,\n    \"longitude\": -0.4961261\n  },\n\"openingHoursSpecification\": [\n  {\n    \"@type\": \"OpeningHoursSpecification\",\n    \"dayOfWeek\": [\n      \"Monday\",\n      \"Tuesday\",\n      \"Wednesday\",\n      \"Thursday\",\n      \"Friday\"\n    ],\n    \"opens\": \"09:00\",\n    \"closes\": \"14:00\"\n  },\n  {\n    \"@type\": \"OpeningHoursSpecification\",\n    \"dayOfWeek\": [\n      \"Monday\",\n      \"Tuesday\",\n      \"Wednesday\",\n      \"Thursday\",\n      \"Friday\"\n    ],\n    \"opens\": \"16:00\",\n    \"closes\": \"18:00\"\n  }\n ]\n}\n<\/script><\/p><p style=\"text-align: justify;\"><span style=\"font-family: inherit; font-size: 35px; font-style: inherit; color: var( --e-global-color-text );\">Buscando el Servicio T\u00e9cnico Oficial perfecto para tus aparatos de climatizaci\u00f3n Ecoforest<\/span><\/p><p style=\"text-align: justify;\">A la hora de elegir un buen servicio t\u00e9cnico, una de las primeras claves que tienes que tener en cuenta es si se trata de un Servicio T\u00e9cnico Oficial.<\/p><p style=\"text-align: justify;\">De ello depender\u00e1 que cuentes con todas las garant\u00edas de un t\u00e9cnico que est\u00e1 acostumbrado a trabajar con la marca y que, realmente, te ayudar\u00e1 a extender la vida de tu aparato de climatizaci\u00f3n Ecoforest.<\/p><h3 style=\"text-align: justify;\">Davofr\u00edo, la tranquilidad de contar con un Servicio T\u00e9cnico Oficial Ecoforest en Alicante para garantizar climatizaci\u00f3n de calidad<\/h3><p style=\"text-align: justify;\">Ecoforest cuenta con sistemas de climatizaci\u00f3n completamente particulares gracias a los que nos permite contar con <strong>bombas de calor y frio de altas potencias y elevados rendimientos<\/strong> incluso cuando las condiciones meteorol\u00f3gicas externas son extremas. O utilizar el aire de exterior como fuente de energ\u00eda en sus modelos ecoGEO.<\/p><p style=\"text-align: justify;\">Estas particularidades son las que hacen necesario que el profesional del <strong>Servicio T\u00e9cnico Oficial Ecoforest de Davofr\u00edo<\/strong> que acuda a tu hogar o a tu empresa conozca perfectamente <strong>todos los modelos<\/strong> y las particularidades de cada uno de ellos para poder solventar cualquier tipo de incidencia de la forma m\u00e1s r\u00e1pida y eficiente posible.<\/p><p style=\"text-align: justify;\">Por eso es importante que los profesionales que contrates para realizar el <strong>mantenimiento o reparaci\u00f3n de\u00a0cualquier incidencia\u00a0en tu aire acondicionado Ecoforest en Alicante<\/strong> cuenten con acreditaci\u00f3n de la marca, lo que te ofrece todas las garant\u00edas de que la conocen a la perfecci\u00f3n y es un t\u00e9cnico seguro.<\/p><h2 style=\"text-align: justify;\">Servicio T\u00e9cnico Oficial de Ecoforest de Davofr\u00edo en Alicante y provincia, resultados cuando m\u00e1s los necesitas<\/h2><p style=\"text-align: justify;\">En Davofr\u00edo conocemos perfectamente las particularidades de los sistemas de climatizaci\u00f3n de Ecoforest gracias a estar acreditados\u00a0por la marca y haber trabajado durante ellos realizando mantenimientos y reparaciones.<\/p><p style=\"text-align: justify;\">Como <strong><em>Servicio T\u00e9cnico Oficial Ecoforest en Alicante<\/em><\/strong>, somos capaces de localizar y arreglar r\u00e1pidamente cualquier tipo de problema e incluso encontrar las <strong>piezas oficiales<\/strong> que necesitar\u00edas al tener acceso directo con la marca.<\/p><p style=\"text-align: justify;\">Si tienes alg\u00fan problema con tu sistema de climatizaci\u00f3n Ecoforest en Alicante o quieres realizarle un mantenimiento, te recomendamos que contactes cuando antes con nosotros.<\/p><p style=\"text-align: justify;\">Te asesoraremos y desarrollaremos un presupuesto sin compromiso, con todas las garant\u00edas de ser el Servicio T\u00e9cnico Oficial de Ecoforest en Alicante y alrededores.<\/p>\t\t\t\t\t\t\t\t<\/div>\n\t\t\t\t<\/div>\n\t\t\t\t<div class=\"elementor-element elementor-element-647f270 elementor-widget elementor-widget-spacer\" data-id=\"647f270\" data-element_type=\"widget\" data-e-type=\"widget\" data-widget_type=\"spacer.default\">\n\t\t\t\t<div class=\"elementor-widget-container\">\n\t\t\t\t\t\t\t<div class=\"elementor-spacer\">\n\t\t\t<div class=\"elementor-spacer-inner\"><\/div>\n\t\t<\/div>\n\t\t\t\t\t\t<\/div>\n\t\t\t\t<\/div>\n\t\t\t\t\t<\/div>\n\t\t<\/div>\n\t\t\t\t\t<\/div>\n\t\t<\/section>\n\t\t\t\t<section class=\"elementor-section elementor-top-section elementor-element elementor-element-24f23895 elementor-section-boxed elementor-section-height-default elementor-section-height-default\" data-id=\"24f23895\" data-element_type=\"section\" data-e-type=\"section\">\n\t\t\t\t\t\t<div class=\"elementor-container elementor-column-gap-default\">\n\t\t\t\t\t<div class=\"elementor-column elementor-col-50 elementor-top-column elementor-element elementor-element-7b882aa7\" data-id=\"7b882aa7\" data-element_type=\"column\" data-e-type=\"column\">\n\t\t\t<div class=\"elementor-widget-wrap elementor-element-populated\">\n\t\t\t\t\t\t<div class=\"elementor-element elementor-element-5cad439 elementor-align-center elementor-widget elementor-widget-button\" data-id=\"5cad439\" data-element_type=\"widget\" data-e-type=\"widget\" data-widget_type=\"button.default\">\n\t\t\t\t<div class=\"elementor-widget-container\">\n\t\t\t\t\t\t\t\t\t<div class=\"elementor-button-wrapper\">\n\t\t\t\t\t<a class=\"elementor-button elementor-button-link elementor-size-md\" href=\"https:\/\/www.davofrio.com\/contacto\">\n\t\t\t\t\t\t<span class=\"elementor-button-content-wrapper\">\n\t\t\t\t\t\t<span class=\"elementor-button-icon\">\n\t\t\t\t<i aria-hidden=\"true\" class=\"far fa-eye\"><\/i>\t\t\t<\/span>\n\t\t\t\t\t\t\t\t\t<span class=\"elementor-button-text\">Solicita tu aviso de aver\u00eda Ecoforest<\/span>\n\t\t\t\t\t<\/span>\n\t\t\t\t\t<\/a>\n\t\t\t\t<\/div>\n\t\t\t\t\t\t\t\t<\/div>\n\t\t\t\t<\/div>\n\t\t\t\t<div class=\"elementor-element elementor-element-066e6a1 elementor-widget elementor-widget-spacer\" data-id=\"066e6a1\" data-element_type=\"widget\" data-e-type=\"widget\" data-widget_type=\"spacer.default\">\n\t\t\t\t<div class=\"elementor-widget-container\">\n\t\t\t\t\t\t\t<div class=\"elementor-spacer\">\n\t\t\t<div class=\"elementor-spacer-inner\"><\/div>\n\t\t<\/div>\n\t\t\t\t\t\t<\/div>\n\t\t\t\t<\/div>\n\t\t\t\t\t<\/div>\n\t\t<\/div>\n\t\t\t\t<div class=\"elementor-column elementor-col-50 elementor-top-column elementor-element elementor-element-41b276a0\" data-id=\"41b276a0\" data-element_type=\"column\" data-e-type=\"column\">\n\t\t\t<div class=\"elementor-widget-wrap elementor-element-populated\">\n\t\t\t\t\t\t<div class=\"elementor-element elementor-element-4e888ee7 elementor-align-center elementor-widget elementor-widget-button\" data-id=\"4e888ee7\" data-element_type=\"widget\" data-e-type=\"widget\" data-widget_type=\"button.default\">\n\t\t\t\t<div class=\"elementor-widget-container\">\n\t\t\t\t\t\t\t\t\t<div class=\"elementor-button-wrapper\">\n\t\t\t\t\t<a class=\"elementor-button elementor-button-link elementor-size-md\" href=\"https:\/\/www.davofrio.com\/solicita-presupuesto\">\n\t\t\t\t\t\t<span class=\"elementor-button-content-wrapper\">\n\t\t\t\t\t\t<span class=\"elementor-button-icon\">\n\t\t\t\t<i aria-hidden=\"true\" class=\"far fa-eye\"><\/i>\t\t\t<\/span>\n\t\t\t\t\t\t\t\t\t<span class=\"elementor-button-text\">Solicita tu Presupuesto Ecoforest<\/span>\n\t\t\t\t\t<\/span>\n\t\t\t\t\t<\/a>\n\t\t\t\t<\/div>\n\t\t\t\t\t\t\t\t<\/div>\n\t\t\t\t<\/div>\n\t\t\t\t<div class=\"elementor-element elementor-element-9bd09a7 elementor-widget elementor-widget-spacer\" data-id=\"9bd09a7\" data-element_type=\"widget\" data-e-type=\"widget\" data-widget_type=\"spacer.default\">\n\t\t\t\t<div class=\"elementor-widget-container\">\n\t\t\t\t\t\t\t<div class=\"elementor-spacer\">\n\t\t\t<div class=\"elementor-spacer-inner\"><\/div>\n\t\t<\/div>\n\t\t\t\t\t\t<\/div>\n\t\t\t\t<\/div>\n\t\t\t\t\t<\/div>\n\t\t<\/div>\n\t\t\t\t\t<\/div>\n\t\t<\/section>\n\t\t\t\t<\/div>\n\t\t","protected":false},"excerpt":{"rendered":"<p>Servicio T\u00e9cnico Oficial de Ecoforest en Alicante, Valencia y Murcia Ecoforest es referencia en climatizaci\u00f3n de calidad, habiendo creado sistemas de bombas de calor para proyectos tanto particulares como empresariales a lo largo de todo el mundo.\u00a0Si est\u00e1s buscando Servicio T\u00e9cnico Oficial de Ecoforest en Alicante, Valencia y Murcia te recomendamos que apuestes por Davofr\u00edo, &#8230; <a title=\"Servicio T\u00e9cnico Oficial de Ecoforest en Alicante\" class=\"read-more\" href=\"https:\/\/www.davofrio.com\/en\/servicio-tecnico-oficial\/servicio-tecnico-oficial-ecoforest\/\" aria-label=\"Read more about Servicio T\u00e9cnico Oficial de Ecoforest en Alicante\">Read more<\/a><\/p>","protected":false},"author":1,"featured_media":0,"parent":11,"menu_order":0,"comment_status":"closed","ping_status":"closed","template":"elementor_header_footer","meta":{"_joinchat":[],"footnotes":""},"class_list":["post-3186","page","type-page","status-publish"],"_links":{"self":[{"href":"https:\/\/www.davofrio.com\/en\/wp-json\/wp\/v2\/pages\/3186","targetHints":{"allow":["GET"]}}],"collection":[{"href":"https:\/\/www.davofrio.com\/en\/wp-json\/wp\/v2\/pages"}],"about":[{"href":"https:\/\/www.davofrio.com\/en\/wp-json\/wp\/v2\/types\/page"}],"author":[{"embeddable":true,"href":"https:\/\/www.davofrio.com\/en\/wp-json\/wp\/v2\/users\/1"}],"replies":[{"embeddable":true,"href":"https:\/\/www.davofrio.com\/en\/wp-json\/wp\/v2\/comments?post=3186"}],"version-history":[{"count":5,"href":"https:\/\/www.davofrio.com\/en\/wp-json\/wp\/v2\/pages\/3186\/revisions"}],"predecessor-version":[{"id":6836,"href":"https:\/\/www.davofrio.com\/en\/wp-json\/wp\/v2\/pages\/3186\/revisions\/6836"}],"up":[{"embeddable":true,"href":"https:\/\/www.davofrio.com\/en\/wp-json\/wp\/v2\/pages\/11"}],"wp:attachment":[{"href":"https:\/\/www.davofrio.com\/en\/wp-json\/wp\/v2\/media?parent=3186"}],"curies":[{"name":"wp","href":"https:\/\/api.w.org\/{rel}","templated":true}]}}