{"id":3102,"date":"2020-12-22T07:06:59","date_gmt":"2020-12-22T06:06:59","guid":{"rendered":"https:\/\/www.davofrio.com\/?page_id=3102"},"modified":"2022-01-31T16:58:38","modified_gmt":"2022-01-31T15:58:38","slug":"servicio-tecnico-oficial-airwell","status":"publish","type":"page","link":"https:\/\/www.davofrio.com\/en\/servicio-tecnico-oficial\/servicio-tecnico-oficial-airwell\/","title":{"rendered":"Servicio T\u00e9cnico Oficial Airwell en Alicante"},"content":{"rendered":"\t\t<div data-elementor-type=\"wp-page\" data-elementor-id=\"3102\" class=\"elementor elementor-3102\" data-elementor-post-type=\"page\">\n\t\t\t\t\t\t<section class=\"elementor-section elementor-top-section elementor-element elementor-element-7f4164e elementor-section-boxed elementor-section-height-default elementor-section-height-default\" data-id=\"7f4164e\" data-element_type=\"section\" data-e-type=\"section\">\n\t\t\t\t\t\t\t<div class=\"elementor-background-overlay\"><\/div>\n\t\t\t\t\t\t\t<div class=\"elementor-container elementor-column-gap-default\">\n\t\t\t\t\t<div class=\"elementor-column elementor-col-100 elementor-top-column elementor-element elementor-element-60229581\" data-id=\"60229581\" data-element_type=\"column\" data-e-type=\"column\">\n\t\t\t<div class=\"elementor-widget-wrap elementor-element-populated\">\n\t\t\t\t\t\t<div class=\"elementor-element elementor-element-7d470c61 elementor-widget elementor-widget-spacer\" data-id=\"7d470c61\" data-element_type=\"widget\" data-e-type=\"widget\" data-widget_type=\"spacer.default\">\n\t\t\t\t<div class=\"elementor-widget-container\">\n\t\t\t\t\t\t\t<div class=\"elementor-spacer\">\n\t\t\t<div class=\"elementor-spacer-inner\"><\/div>\n\t\t<\/div>\n\t\t\t\t\t\t<\/div>\n\t\t\t\t<\/div>\n\t\t\t\t<div class=\"elementor-element elementor-element-15250fdd elementor-widget elementor-widget-heading\" data-id=\"15250fdd\" data-element_type=\"widget\" data-e-type=\"widget\" data-widget_type=\"heading.default\">\n\t\t\t\t<div class=\"elementor-widget-container\">\n\t\t\t\t\t<h1 class=\"elementor-heading-title elementor-size-default\">Servicio T\u00e9cnico Oficial Airwell en Alicante, Valencia y Murcia<\/h1>\t\t\t\t<\/div>\n\t\t\t\t<\/div>\n\t\t\t\t<div class=\"elementor-element elementor-element-13d6a41e elementor-widget elementor-widget-text-editor\" data-id=\"13d6a41e\" data-element_type=\"widget\" data-e-type=\"widget\" data-widget_type=\"text-editor.default\">\n\t\t\t\t<div class=\"elementor-widget-container\">\n\t\t\t\t\t\t\t\t\t<p>Los nuevos sistemas de aire acondicionado est\u00e1n dise\u00f1ados para aportar m\u00e1xima comodidad y bienestar a los usuarios.\u00a0<span style=\"font-family: var( --e-global-typography-text-font-family ), Sans-serif; font-weight: var( --e-global-typography-text-font-weight );\">Con esta prioridad en mente, Airwell ofrece innovaciones como los detectores de presencia o la conectividad wifi. Y todo ello sin perder el foco en el medio ambiente, a trav\u00e9s de la utilizaci\u00f3n de gases no contaminantes.\u00a0<\/span><span style=\"font-family: var( --e-global-typography-text-font-family ), Sans-serif; font-weight: var( --e-global-typography-text-font-weight );\">Para asegurar un funcionamiento \u00f3ptimo de estos dispositivos lo mejor es contar con Davofr\u00edo, <\/span><span style=\"font-family: var( --e-global-typography-text-font-family ), Sans-serif;\"><b>Servicio T\u00e9cnico Oficial de Airwell en Alicante, Valencia y Murcia.<\/b><\/span><\/p>\t\t\t\t\t\t\t\t<\/div>\n\t\t\t\t<\/div>\n\t\t\t\t<section class=\"elementor-section elementor-inner-section elementor-element elementor-element-103c1432 elementor-section-boxed elementor-section-height-default elementor-section-height-default\" data-id=\"103c1432\" data-element_type=\"section\" data-e-type=\"section\">\n\t\t\t\t\t\t<div class=\"elementor-container elementor-column-gap-default\">\n\t\t\t\t\t<div class=\"elementor-column elementor-col-50 elementor-inner-column elementor-element elementor-element-2b175726\" data-id=\"2b175726\" data-element_type=\"column\" data-e-type=\"column\">\n\t\t\t<div class=\"elementor-widget-wrap elementor-element-populated\">\n\t\t\t\t\t\t<div class=\"elementor-element elementor-element-3f0ac9b7 elementor-align-right elementor-mobile-align-center elementor-widget elementor-widget-button\" data-id=\"3f0ac9b7\" data-element_type=\"widget\" data-e-type=\"widget\" data-widget_type=\"button.default\">\n\t\t\t\t<div class=\"elementor-widget-container\">\n\t\t\t\t\t\t\t\t\t<div class=\"elementor-button-wrapper\">\n\t\t\t\t\t<a class=\"elementor-button elementor-button-link elementor-size-lg\" href=\"tel:960002033\">\n\t\t\t\t\t\t<span class=\"elementor-button-content-wrapper\">\n\t\t\t\t\t\t<span class=\"elementor-button-icon\">\n\t\t\t\t<i aria-hidden=\"true\" class=\"fas fa-phone-alt\"><\/i>\t\t\t<\/span>\n\t\t\t\t\t\t\t\t\t<span class=\"elementor-button-text\">LLAMANOS<\/span>\n\t\t\t\t\t<\/span>\n\t\t\t\t\t<\/a>\n\t\t\t\t<\/div>\n\t\t\t\t\t\t\t\t<\/div>\n\t\t\t\t<\/div>\n\t\t\t\t\t<\/div>\n\t\t<\/div>\n\t\t\t\t<div class=\"elementor-column elementor-col-50 elementor-inner-column elementor-element elementor-element-6513ca7f\" data-id=\"6513ca7f\" data-element_type=\"column\" data-e-type=\"column\">\n\t\t\t<div class=\"elementor-widget-wrap elementor-element-populated\">\n\t\t\t\t\t\t<div class=\"elementor-element elementor-element-5c297f6e elementor-align-left elementor-mobile-align-center elementor-widget elementor-widget-button\" data-id=\"5c297f6e\" data-element_type=\"widget\" data-e-type=\"widget\" data-widget_type=\"button.default\">\n\t\t\t\t<div class=\"elementor-widget-container\">\n\t\t\t\t\t\t\t\t\t<div class=\"elementor-button-wrapper\">\n\t\t\t\t\t<a class=\"elementor-button elementor-button-link elementor-size-lg\" href=\"https:\/\/www.davofrio.com\/contacto\">\n\t\t\t\t\t\t<span class=\"elementor-button-content-wrapper\">\n\t\t\t\t\t\t<span class=\"elementor-button-icon\">\n\t\t\t\t<i aria-hidden=\"true\" class=\"fas fa-envelope\"><\/i>\t\t\t<\/span>\n\t\t\t\t\t\t\t\t\t<span class=\"elementor-button-text\">CONTACTANOS<\/span>\n\t\t\t\t\t<\/span>\n\t\t\t\t\t<\/a>\n\t\t\t\t<\/div>\n\t\t\t\t\t\t\t\t<\/div>\n\t\t\t\t<\/div>\n\t\t\t\t\t<\/div>\n\t\t<\/div>\n\t\t\t\t\t<\/div>\n\t\t<\/section>\n\t\t\t\t<div class=\"elementor-element elementor-element-7069c87c elementor-widget elementor-widget-spacer\" data-id=\"7069c87c\" data-element_type=\"widget\" data-e-type=\"widget\" data-widget_type=\"spacer.default\">\n\t\t\t\t<div class=\"elementor-widget-container\">\n\t\t\t\t\t\t\t<div class=\"elementor-spacer\">\n\t\t\t<div class=\"elementor-spacer-inner\"><\/div>\n\t\t<\/div>\n\t\t\t\t\t\t<\/div>\n\t\t\t\t<\/div>\n\t\t\t\t\t<\/div>\n\t\t<\/div>\n\t\t\t\t\t<\/div>\n\t\t<\/section>\n\t\t\t\t<section class=\"elementor-section elementor-top-section elementor-element elementor-element-574664ba elementor-section-boxed elementor-section-height-default elementor-section-height-default\" data-id=\"574664ba\" data-element_type=\"section\" data-e-type=\"section\">\n\t\t\t\t\t\t<div class=\"elementor-container elementor-column-gap-default\">\n\t\t\t\t\t<div class=\"elementor-column elementor-col-100 elementor-top-column elementor-element elementor-element-7ba99d41\" data-id=\"7ba99d41\" data-element_type=\"column\" data-e-type=\"column\">\n\t\t\t<div class=\"elementor-widget-wrap elementor-element-populated\">\n\t\t\t\t\t\t<div class=\"elementor-element elementor-element-2b439ecd elementor-widget elementor-widget-text-editor\" data-id=\"2b439ecd\" data-element_type=\"widget\" data-e-type=\"widget\" data-widget_type=\"text-editor.default\">\n\t\t\t\t<div class=\"elementor-widget-container\">\n\t\t\t\t\t\t\t\t\t<p><script type=\"application\/ld+json\">\n{\n  \"@context\": \"https:\/\/schema.org\",\n  \"@type\": \"HVACBusiness\",\n  \"name\": \"Davofrio\",\n  \"image\": \"https:\/\/www.davofrio.com\/wp-content\/uploads\/2020\/11\/cropped-favicon-davofrio.png\",\n  \"@id\": \"https:\/\/www.davofrio.com\/\",\n  \"url\": \"https:\/\/www.davofrio.com\/\",\n  \"telephone\": \"965 05 87 31\",\n  \"priceRange\": \"\u20ac\u20ac\u20ac\",\n  \"address\": {\n    \"@type\": \"PostalAddress\",\n    \"streetAddress\": \"Calle del Veterinario Manuel Isidro Rodr\u00edguez Garc\u00eda, 53\",\n    \"addressLocality\": \"Sant Vicent del Raspeig\",\n    \"postalCode\": \"03690\",\n    \"addressCountry\": \"ES\"\n  },\n  \"geo\": {\n    \"@type\": \"GeoCoordinates\",\n    \"latitude\": 38.3879266,\n    \"longitude\": -0.4961261\n  },\n\"openingHoursSpecification\": [\n  {\n    \"@type\": \"OpeningHoursSpecification\",\n    \"dayOfWeek\": [\n      \"Monday\",\n      \"Tuesday\",\n      \"Wednesday\",\n      \"Thursday\",\n      \"Friday\"\n    ],\n    \"opens\": \"09:00\",\n    \"closes\": \"14:00\"\n  },\n  {\n    \"@type\": \"OpeningHoursSpecification\",\n    \"dayOfWeek\": [\n      \"Monday\",\n      \"Tuesday\",\n      \"Wednesday\",\n      \"Thursday\",\n      \"Friday\"\n    ],\n    \"opens\": \"16:00\",\n    \"closes\": \"18:00\"\n  }\n ]\n}\n<\/script><\/p><p style=\"text-align: justify;\"><span style=\"font-family: inherit; font-size: 35px; font-style: inherit; color: var( --e-global-color-text );\">Davofr\u00edo, experiencia y confiabilidad en el Servicio T\u00e9cnico Oficial de la marca Airwell<\/span><\/p><p style=\"text-align: justify;\">Para la <strong>instalaci\u00f3n o la reparaci\u00f3n de aparatos de aire acondicionado modernos<\/strong> como los de Airwell es necesario <strong>acudir a profesionales especializados<\/strong> y con amplia experiencia en el sector.<\/p><p style=\"text-align: justify;\">En este sentido, en nuestra empresa, disponemos de un equipo de instaladores de confianza que recibe formaci\u00f3n constante sobre las \u00faltimas tecnolog\u00edas de la marca, actuando como <strong>Servicio T\u00e9cnico Oficial Airwell en Alicante<\/strong>.<\/p><p style=\"text-align: justify;\">Sea cual sea tu modelo de aire acondicionado Airwell, las <strong>revisiones peri\u00f3dicas<\/strong> son fundamentales para garantizar un correcto funcionamiento.<\/p><p style=\"text-align: justify;\">Confiando en el <strong>Servicio T\u00e9cnico Oficial de Airwell<\/strong> te asegurar\u00e1s de que tu equipo proporcione la temperatura deseada tanto en verano como en invierno.<\/p><p style=\"text-align: justify;\">Asimismo, <strong>el mantenimiento regular de tu sistema de climatizaci\u00f3n es clave para alargar la vida \u00fatil de la instalaci\u00f3n.<\/strong><\/p><p style=\"text-align: justify;\">Tareas como la <strong>limpieza y el cambio de filtros<\/strong> o la revisi\u00f3n peri\u00f3dica de los circuitos en busca de fugas deben ser llevadas a cabo por t\u00e9cnicos que cuenten con el respaldo del agente oficial.<\/p><h2 style=\"text-align: justify;\">Como Servicio T\u00e9cnico Oficial Airwell en Alicante resolvemos cualquier incidencia<\/h2><p style=\"text-align: justify;\">La<strong> l\u00ednea dom\u00e9stica de Airwell Group<\/strong> ofrece soluciones para diferentes tipos de hogares y ambientes. Una de sus caracter\u00edsticas m\u00e1s innovadoras es el <strong>sistema <\/strong><em><strong>inverter<\/strong>,<\/em> que, a diferencia de los mecanismos tradicionales, var\u00eda su potencia de acuerdo con las necesidades del momento. Esto se traduce en un consumo m\u00e1s bajo y menos ruido.<\/p><p style=\"text-align: justify;\">Son dispositivos que ofrecen homogeneidad en la climatizaci\u00f3n de cualquier estancia y una alternativa m\u00e1s ecol\u00f3gica. Para disfrutar de todas estas ventajas, la fase de instalaci\u00f3n resulta fundamental.<\/p><p style=\"text-align: justify;\">Por eso, al ser tecnolog\u00eda puntera, lo mejor es confiar en <strong>instaladores del Servicio T\u00e9cnico Oficial de Airwell como los de Davofr\u00edo<\/strong>.<\/p><p style=\"text-align: justify;\">Otro de los grandes beneficios de este sistema es que las bombas de calor son mucho m\u00e1s eficientes. Por tanto, pueden operar a m\u00e1ximo rendimiento en temperaturas extremas.<\/p><p style=\"text-align: justify;\">Un sistema con esa capacidad de trabajo requiere de un uso correcto y de un mantenimiento adecuado.<\/p><p style=\"text-align: justify;\">Una vez m\u00e1s, lo mejor es confiar sus <strong>revisiones y reparaciones<\/strong> a especialistas como los del <strong><em>Servicio T\u00e9cnico Oficial Airwell en Alicante<\/em><\/strong>. \u00bfDeseas m\u00e1s informaci\u00f3n? Cons\u00faltanos sin compromiso para que podamos asesorarte.<\/p>\t\t\t\t\t\t\t\t<\/div>\n\t\t\t\t<\/div>\n\t\t\t\t<div class=\"elementor-element elementor-element-ac930ef elementor-widget elementor-widget-spacer\" data-id=\"ac930ef\" data-element_type=\"widget\" data-e-type=\"widget\" data-widget_type=\"spacer.default\">\n\t\t\t\t<div class=\"elementor-widget-container\">\n\t\t\t\t\t\t\t<div class=\"elementor-spacer\">\n\t\t\t<div class=\"elementor-spacer-inner\"><\/div>\n\t\t<\/div>\n\t\t\t\t\t\t<\/div>\n\t\t\t\t<\/div>\n\t\t\t\t\t<\/div>\n\t\t<\/div>\n\t\t\t\t\t<\/div>\n\t\t<\/section>\n\t\t\t\t<section class=\"elementor-section elementor-top-section elementor-element elementor-element-5657d631 elementor-section-boxed elementor-section-height-default elementor-section-height-default\" data-id=\"5657d631\" data-element_type=\"section\" data-e-type=\"section\">\n\t\t\t\t\t\t<div class=\"elementor-container elementor-column-gap-default\">\n\t\t\t\t\t<div class=\"elementor-column elementor-col-50 elementor-top-column elementor-element elementor-element-37969c3b\" data-id=\"37969c3b\" data-element_type=\"column\" data-e-type=\"column\">\n\t\t\t<div class=\"elementor-widget-wrap elementor-element-populated\">\n\t\t\t\t\t\t<div class=\"elementor-element elementor-element-21266ce5 elementor-align-center elementor-widget elementor-widget-button\" data-id=\"21266ce5\" data-element_type=\"widget\" data-e-type=\"widget\" data-widget_type=\"button.default\">\n\t\t\t\t<div class=\"elementor-widget-container\">\n\t\t\t\t\t\t\t\t\t<div class=\"elementor-button-wrapper\">\n\t\t\t\t\t<a class=\"elementor-button elementor-button-link elementor-size-md\" href=\"https:\/\/www.davofrio.com\/contacto\">\n\t\t\t\t\t\t<span class=\"elementor-button-content-wrapper\">\n\t\t\t\t\t\t<span class=\"elementor-button-icon\">\n\t\t\t\t<i aria-hidden=\"true\" class=\"far fa-eye\"><\/i>\t\t\t<\/span>\n\t\t\t\t\t\t\t\t\t<span class=\"elementor-button-text\">Solicita tu aviso de aver\u00eda Airwell<\/span>\n\t\t\t\t\t<\/span>\n\t\t\t\t\t<\/a>\n\t\t\t\t<\/div>\n\t\t\t\t\t\t\t\t<\/div>\n\t\t\t\t<\/div>\n\t\t\t\t<div class=\"elementor-element elementor-element-00d65bf elementor-widget elementor-widget-spacer\" data-id=\"00d65bf\" data-element_type=\"widget\" data-e-type=\"widget\" data-widget_type=\"spacer.default\">\n\t\t\t\t<div class=\"elementor-widget-container\">\n\t\t\t\t\t\t\t<div class=\"elementor-spacer\">\n\t\t\t<div class=\"elementor-spacer-inner\"><\/div>\n\t\t<\/div>\n\t\t\t\t\t\t<\/div>\n\t\t\t\t<\/div>\n\t\t\t\t\t<\/div>\n\t\t<\/div>\n\t\t\t\t<div class=\"elementor-column elementor-col-50 elementor-top-column elementor-element elementor-element-1fe012ef\" data-id=\"1fe012ef\" data-element_type=\"column\" data-e-type=\"column\">\n\t\t\t<div class=\"elementor-widget-wrap elementor-element-populated\">\n\t\t\t\t\t\t<div class=\"elementor-element elementor-element-5b70392d elementor-align-center elementor-widget elementor-widget-button\" data-id=\"5b70392d\" data-element_type=\"widget\" data-e-type=\"widget\" data-widget_type=\"button.default\">\n\t\t\t\t<div class=\"elementor-widget-container\">\n\t\t\t\t\t\t\t\t\t<div class=\"elementor-button-wrapper\">\n\t\t\t\t\t<a class=\"elementor-button elementor-button-link elementor-size-md\" href=\"https:\/\/www.davofrio.com\/solicita-presupuesto\">\n\t\t\t\t\t\t<span class=\"elementor-button-content-wrapper\">\n\t\t\t\t\t\t<span class=\"elementor-button-icon\">\n\t\t\t\t<i aria-hidden=\"true\" class=\"far fa-eye\"><\/i>\t\t\t<\/span>\n\t\t\t\t\t\t\t\t\t<span class=\"elementor-button-text\">Solicita tu Presupuesto Airwell<\/span>\n\t\t\t\t\t<\/span>\n\t\t\t\t\t<\/a>\n\t\t\t\t<\/div>\n\t\t\t\t\t\t\t\t<\/div>\n\t\t\t\t<\/div>\n\t\t\t\t<div class=\"elementor-element elementor-element-4944eb9 elementor-widget elementor-widget-spacer\" data-id=\"4944eb9\" data-element_type=\"widget\" data-e-type=\"widget\" data-widget_type=\"spacer.default\">\n\t\t\t\t<div class=\"elementor-widget-container\">\n\t\t\t\t\t\t\t<div class=\"elementor-spacer\">\n\t\t\t<div class=\"elementor-spacer-inner\"><\/div>\n\t\t<\/div>\n\t\t\t\t\t\t<\/div>\n\t\t\t\t<\/div>\n\t\t\t\t\t<\/div>\n\t\t<\/div>\n\t\t\t\t\t<\/div>\n\t\t<\/section>\n\t\t\t\t<\/div>\n\t\t","protected":false},"excerpt":{"rendered":"<p>Servicio T\u00e9cnico Oficial Airwell en Alicante, Valencia y Murcia Los nuevos sistemas de aire acondicionado est\u00e1n dise\u00f1ados para aportar m\u00e1xima comodidad y bienestar a los usuarios.\u00a0Con esta prioridad en mente, Airwell ofrece innovaciones como los detectores de presencia o la conectividad wifi. Y todo ello sin perder el foco en el medio ambiente, a trav\u00e9s &#8230; <a title=\"Servicio T\u00e9cnico Oficial Airwell en Alicante\" class=\"read-more\" href=\"https:\/\/www.davofrio.com\/en\/servicio-tecnico-oficial\/servicio-tecnico-oficial-airwell\/\" aria-label=\"Read more about Servicio T\u00e9cnico Oficial Airwell en Alicante\">Read more<\/a><\/p>","protected":false},"author":1,"featured_media":0,"parent":11,"menu_order":0,"comment_status":"closed","ping_status":"closed","template":"elementor_header_footer","meta":{"footnotes":""},"class_list":["post-3102","page","type-page","status-publish"],"_links":{"self":[{"href":"https:\/\/www.davofrio.com\/en\/wp-json\/wp\/v2\/pages\/3102","targetHints":{"allow":["GET"]}}],"collection":[{"href":"https:\/\/www.davofrio.com\/en\/wp-json\/wp\/v2\/pages"}],"about":[{"href":"https:\/\/www.davofrio.com\/en\/wp-json\/wp\/v2\/types\/page"}],"author":[{"embeddable":true,"href":"https:\/\/www.davofrio.com\/en\/wp-json\/wp\/v2\/users\/1"}],"replies":[{"embeddable":true,"href":"https:\/\/www.davofrio.com\/en\/wp-json\/wp\/v2\/comments?post=3102"}],"version-history":[{"count":5,"href":"https:\/\/www.davofrio.com\/en\/wp-json\/wp\/v2\/pages\/3102\/revisions"}],"predecessor-version":[{"id":6857,"href":"https:\/\/www.davofrio.com\/en\/wp-json\/wp\/v2\/pages\/3102\/revisions\/6857"}],"up":[{"embeddable":true,"href":"https:\/\/www.davofrio.com\/en\/wp-json\/wp\/v2\/pages\/11"}],"wp:attachment":[{"href":"https:\/\/www.davofrio.com\/en\/wp-json\/wp\/v2\/media?parent=3102"}],"curies":[{"name":"wp","href":"https:\/\/api.w.org\/{rel}","templated":true}]}}