{"id":29,"date":"2017-10-22T12:44:52","date_gmt":"2017-10-22T12:44:52","guid":{"rendered":"https:\/\/www.davofrio.com\/?page_id=29"},"modified":"2020-07-10T19:16:46","modified_gmt":"2020-07-10T17:16:46","slug":"politica-de-privacidad","status":"publish","type":"page","link":"https:\/\/www.davofrio.com\/en\/politica-de-privacidad\/","title":{"rendered":"Privacy Policy"},"content":{"rendered":"<p>1. USO Y TRATAMIENTO DE DATOS DE CAR\u00c1CTER PERSONAL<\/p>\n<p>Davofr\u00edo le informa que los datos de car\u00e1cter personal que pudieran proporcionarse, a trav\u00e9s del website, as\u00ed como los que pudiera facilitar en el futuro en el marco de su relaci\u00f3n jur\u00eddica con esta entidad, ser\u00e1n incorporados en los ficheros titularidad de Davofr\u00edo, cuyos datos constan en el encabezamiento.<\/p>\n<p>Estos ficheros tienen la finalidad de gestionar, administrar, prestarle los servicios o facilitarle los productos que solicite, y en su caso, para el cumplimiento y ejecuci\u00f3n de los contratos que pudiera celebrar, conocer mejor sus gustos, adecuar los servicios a sus preferencias, as\u00ed como poder ofrecerle nuevos servicios o productos y enviarle informaci\u00f3n relacionada con las actividades de Davofr\u00edo, a trav\u00e9s de cualquier medio, incluso el electr\u00f3nico. Los destinatarios de la informaci\u00f3n recogida ser\u00e1n, principalmente, los empleados de Davofr\u00edo.<\/p>\n<p>Salvo en los campos en que expresamente se determine lo contrario por medio de un asterisco (*), las respuestas a las preguntas sobre datos personales son voluntarias, sin que la falta de contestaci\u00f3n a dichas preguntas implique una merma en la calidad de los servicios que Usted solicita. La falta de cumplimentaci\u00f3n de los campos determinados como obligatorios o el suministro de datos incorrectos imposibilitar\u00e1 que Davofr\u00edo pueda prestarle los servicios o le facilite los productos que solicite.<\/p>\n<p>El consentimiento otorgado para el tratamiento de sus datos personales, puede ser revocado en cualquier momento, dirigi\u00e9ndose a la direcci\u00f3n de Davofr\u00edo.<\/p>\n<p>Los usuarios garantizan y responden, en cualquier caso, de la exactitud, vigencia y autenticidad de los datos personales facilitados y se comprometen a mantenerlos debidamente actualizados.<\/p>\n<p>2. EJERCICIO DE DERECHOS: ACCESO, RECTIFICACI\u00d3N, CANCELACI\u00d3N Y OPOSICI\u00d3N<\/p>\n<p>Aquellas personas f\u00edsicas que hayan facilitado sus datos a Davofr\u00edo podr\u00e1n ejercitar gratuitamente los derechos de acceso, rectificaci\u00f3n, cancelaci\u00f3n y oposici\u00f3n respecto de los datos incorporados en los ficheros de Davofr\u00edo.<\/p>\n<p>Dado el car\u00e1cter confidencial de la informaci\u00f3n, Ud. no podr\u00e1 ejercitar sus derechos telef\u00f3nicamente, lo debe solicitar por cualquier medio que deje constancia de su env\u00edo y de su recepci\u00f3n y remitir copia de su DNI o documento equivalente.<\/p>\n<p>El interesado podr\u00e1 ejercitar sus derechos mediante comunicaci\u00f3n por escrito dirigida a Davofr\u00edo en la direcci\u00f3n indicada al inicio.<\/p>\n<p>3. MEDIDAS DE SEGURIDAD<\/p>\n<p>Davofr\u00edo le informa que tiene implantadas las medidas de seguridad de \u00edndole t\u00e9cnica y organizativas necesarias para garantizar la seguridad de sus datos de car\u00e1cter personal y evitar su alteraci\u00f3n, p\u00e9rdida y tratamiento y\/o acceso no autorizado, habida cuenta del estado de la tecnolog\u00eda, la naturaleza de los datos almacenados y los riesgos a que est\u00e1n expuestos, ya provengan de la acci\u00f3n humana o del medio f\u00edsico o natural.<\/p>\n<p>El usuario debe ser consciente de que las medidas de seguridad en Internet no son inexpugnables y enteramente fiables y que Davofr\u00edo no puede garantizar la inexistencia de virus u otros elementos que pudieran producir alteraciones en los sistemas inform\u00e1ticos (software y hardware) del usuario.<\/p>\n<p>4. USO DE COOKIES<\/p>\n<p>Las \u201ccookies\u201d constituyen una herramienta empleada por los servidores Web para almacenar y recuperar informaci\u00f3n acerca de sus usuarios.<\/p>\n<p>Las \u201ccookies\u201d son mensajes enviados por el servidor al ordenador del usuario, consistentes en ficheros de texto que se almacenan en la memoria del ordenador y que recogen informaci\u00f3n relativa a las p\u00e1ginas que se visitan, el tiempo de conexi\u00f3n a Internet, etc. Las \u201ccookies\u201d vuelven a ser enviadas al servidor cada vez que el usuario entra en esa p\u00e1gina.<\/p>\n<p>La finalidad de las \u201ccookies\u201d de Davofr\u00edo es personalizar los servicios que le ofrecemos, facilit\u00e1ndole informaci\u00f3n que pueda ser de su inter\u00e9s. Si no desea que se instale en su disco duro una cookie puede configurar el navegador de su ordenador para no recibirlas. Sin embargo, le hacemos notar que, en ese caso, la calidad del funcionamiento del website puede disminuir.<\/p>\n<p>Las \u201ccookies\u201d se asocian \u00fanicamente con un usuario an\u00f3nimo y su ordenador, y no proporcionan por s\u00ed solas los datos personales del cliente, ni pueden leer datos de su disco duro, ni leer los archivos cookie creados por otros proveedores.<\/p>\n<p>Los \u201clogs\u201d son unos archivos almacenados en el servidor de Davofr\u00edo que registran datos sobre su navegaci\u00f3n y nos permiten seguirle prestando los servicios que solicita. Asimismo, nos ayudan a analizar el funcionamiento del sistema, localizar las incidencias y problemas que puedan surgir y solventarlos en el menor plazo posible.<\/p>\n<p>5. MENORES DE EDAD<\/p>\n<p>En el supuesto que alguno de los servicios y productos vayan dirigidos a menores de 14 a\u00f1os. Davofr\u00edo solicitar\u00e1 el consentimiento de los padres o tutores para la recogida de los datos personales del menor.<\/p>\n<p>Davofr\u00edo No responde de aquellos datos de menores que sin poder conocer Davofr\u00edo este hecho se haya facilitado sin el consentimiento de los padres o tutores.<\/p>\n<p>6. MODIFICACI\u00d3N DE LA POL\u00cdTICA DE PRIVACIDAD.<\/p>\n<p>Davofr\u00edo se reserva el derecho a modificar su Pol\u00edtica de Privacidad, de acuerdo a su propio criterio, o motivado por un cambio doctrinal de la Autoridad competente en Protecci\u00f3n de Datos, legislativo o jurisprudencial. Cualquier modificaci\u00f3n de la Pol\u00edtica de Privacidad ser\u00e1 publicada, antes de su efectiva aplicaci\u00f3n. El uso del Web despu\u00e9s de dichos cambios, implicar\u00e1 la aceptaci\u00f3n de \u00e9stos.<\/p>\n<p>7. LEGISLACI\u00d3N APLICABLE<\/p>\n<p>Cualquier controversia que se derive del uso de este site, ser\u00e1 regida, interpretada y sometida de acuerdo con las leyes de Espa\u00f1a.<\/p>","protected":false},"excerpt":{"rendered":"<p>1. USO Y TRATAMIENTO DE DATOS DE CAR\u00c1CTER PERSONAL Davofr\u00edo le informa que los datos de car\u00e1cter personal que pudieran proporcionarse, a trav\u00e9s del website, as\u00ed como los que pudiera facilitar en el futuro en el marco de su relaci\u00f3n jur\u00eddica con esta entidad, ser\u00e1n incorporados en los ficheros titularidad de Davofr\u00edo, cuyos datos constan &#8230; <a title=\"Privacy Policy\" class=\"read-more\" href=\"https:\/\/www.davofrio.com\/en\/politica-de-privacidad\/\" aria-label=\"Read more about Pol\u00edtica de privacidad\">Read more<\/a><\/p>","protected":false},"author":1,"featured_media":0,"parent":0,"menu_order":30,"comment_status":"closed","ping_status":"closed","template":"template-interna.php","meta":{"footnotes":""},"class_list":["post-29","page","type-page","status-publish"],"_links":{"self":[{"href":"https:\/\/www.davofrio.com\/en\/wp-json\/wp\/v2\/pages\/29","targetHints":{"allow":["GET"]}}],"collection":[{"href":"https:\/\/www.davofrio.com\/en\/wp-json\/wp\/v2\/pages"}],"about":[{"href":"https:\/\/www.davofrio.com\/en\/wp-json\/wp\/v2\/types\/page"}],"author":[{"embeddable":true,"href":"https:\/\/www.davofrio.com\/en\/wp-json\/wp\/v2\/users\/1"}],"replies":[{"embeddable":true,"href":"https:\/\/www.davofrio.com\/en\/wp-json\/wp\/v2\/comments?post=29"}],"version-history":[{"count":2,"href":"https:\/\/www.davofrio.com\/en\/wp-json\/wp\/v2\/pages\/29\/revisions"}],"predecessor-version":[{"id":162,"href":"https:\/\/www.davofrio.com\/en\/wp-json\/wp\/v2\/pages\/29\/revisions\/162"}],"wp:attachment":[{"href":"https:\/\/www.davofrio.com\/en\/wp-json\/wp\/v2\/media?parent=29"}],"curies":[{"name":"wp","href":"https:\/\/api.w.org\/{rel}","templated":true}]}}