{"id":2832,"date":"2021-02-24T13:41:57","date_gmt":"2021-02-24T12:41:57","guid":{"rendered":"https:\/\/www.davofrio.com\/?page_id=2832"},"modified":"2022-01-31T12:27:51","modified_gmt":"2022-01-31T11:27:51","slug":"servicio-tecnico-mitsubishi-heavy-industries","status":"publish","type":"page","link":"https:\/\/www.davofrio.com\/en\/servicio-tecnico-mitsubishi-heavy-industries\/","title":{"rendered":"Servicio t\u00e9cnico Mitsubishi Heavy industries en Alicante, Valencia"},"content":{"rendered":"\t\t<div data-elementor-type=\"wp-page\" data-elementor-id=\"2832\" class=\"elementor elementor-2832\" data-elementor-post-type=\"page\">\n\t\t\t\t\t\t<section class=\"elementor-section elementor-top-section elementor-element elementor-element-752c04cf elementor-section-boxed elementor-section-height-default elementor-section-height-default\" data-id=\"752c04cf\" data-element_type=\"section\" data-e-type=\"section\">\n\t\t\t\t\t\t\t<div class=\"elementor-background-overlay\"><\/div>\n\t\t\t\t\t\t\t<div class=\"elementor-container elementor-column-gap-default\">\n\t\t\t\t\t<div class=\"elementor-column elementor-col-100 elementor-top-column elementor-element elementor-element-3c96d170\" data-id=\"3c96d170\" data-element_type=\"column\" data-e-type=\"column\">\n\t\t\t<div class=\"elementor-widget-wrap elementor-element-populated\">\n\t\t\t\t\t\t<div class=\"elementor-element elementor-element-79f371a7 elementor-widget elementor-widget-spacer\" data-id=\"79f371a7\" data-element_type=\"widget\" data-e-type=\"widget\" data-widget_type=\"spacer.default\">\n\t\t\t\t<div class=\"elementor-widget-container\">\n\t\t\t\t\t\t\t<div class=\"elementor-spacer\">\n\t\t\t<div class=\"elementor-spacer-inner\"><\/div>\n\t\t<\/div>\n\t\t\t\t\t\t<\/div>\n\t\t\t\t<\/div>\n\t\t\t\t<div class=\"elementor-element elementor-element-4df525a0 elementor-widget elementor-widget-heading\" data-id=\"4df525a0\" data-element_type=\"widget\" data-e-type=\"widget\" data-widget_type=\"heading.default\">\n\t\t\t\t<div class=\"elementor-widget-container\">\n\t\t\t\t\t<h1 class=\"elementor-heading-title elementor-size-default\">Servicio t\u00e9cnico Mitsubishi Heavy Industries en Alicante, Valencia y Murcia<\/h1>\t\t\t\t<\/div>\n\t\t\t\t<\/div>\n\t\t\t\t<div class=\"elementor-element elementor-element-6b8f4f76 elementor-widget elementor-widget-text-editor\" data-id=\"6b8f4f76\" data-element_type=\"widget\" data-e-type=\"widget\" data-widget_type=\"text-editor.default\">\n\t\t\t\t<div class=\"elementor-widget-container\">\n\t\t\t\t\t\t\t\t\t<p>En caso de que tengas un sistema de aire acondicionado de Mitsubishi Heavy Industries y est\u00e1s buscando un t\u00e9cnico que pueda realizar las labores de mantenimiento peri\u00f3dico de tu aparato o un arreglo puntual en Alicante o alrededores te recomendamos que optes tambi\u00e9n por la calidad.\u00a0<span style=\"font-family: var( --e-global-typography-text-font-family ), Sans-serif; font-weight: var( --e-global-typography-text-font-weight );\">En Davofr\u00edo tenemos a\u00f1os de experiencia como <\/span><span style=\"font-family: var( --e-global-typography-text-font-family ), Sans-serif;\"><b>servicio t\u00e9cnico Mitsubishi Heavy Industries en Alicante y Valencia y Murcia<\/b><\/span><span style=\"font-family: var( --e-global-typography-text-font-family ), Sans-serif; font-weight: var( --e-global-typography-text-font-weight );\">, por lo que podemos ser la opci\u00f3n perfecta para ti.<\/span><\/p>\t\t\t\t\t\t\t\t<\/div>\n\t\t\t\t<\/div>\n\t\t\t\t<section class=\"elementor-section elementor-inner-section elementor-element elementor-element-196b19b2 elementor-section-boxed elementor-section-height-default elementor-section-height-default\" data-id=\"196b19b2\" data-element_type=\"section\" data-e-type=\"section\">\n\t\t\t\t\t\t<div class=\"elementor-container elementor-column-gap-default\">\n\t\t\t\t\t<div class=\"elementor-column elementor-col-50 elementor-inner-column elementor-element elementor-element-2186862a\" data-id=\"2186862a\" data-element_type=\"column\" data-e-type=\"column\">\n\t\t\t<div class=\"elementor-widget-wrap elementor-element-populated\">\n\t\t\t\t\t\t<div class=\"elementor-element elementor-element-41d149e0 elementor-align-right elementor-mobile-align-center elementor-widget elementor-widget-button\" data-id=\"41d149e0\" data-element_type=\"widget\" data-e-type=\"widget\" data-widget_type=\"button.default\">\n\t\t\t\t<div class=\"elementor-widget-container\">\n\t\t\t\t\t\t\t\t\t<div class=\"elementor-button-wrapper\">\n\t\t\t\t\t<a class=\"elementor-button elementor-button-link elementor-size-lg\" href=\"tel:960002033\">\n\t\t\t\t\t\t<span class=\"elementor-button-content-wrapper\">\n\t\t\t\t\t\t<span class=\"elementor-button-icon\">\n\t\t\t\t<i aria-hidden=\"true\" class=\"fas fa-phone-alt\"><\/i>\t\t\t<\/span>\n\t\t\t\t\t\t\t\t\t<span class=\"elementor-button-text\">LLAMANOS<\/span>\n\t\t\t\t\t<\/span>\n\t\t\t\t\t<\/a>\n\t\t\t\t<\/div>\n\t\t\t\t\t\t\t\t<\/div>\n\t\t\t\t<\/div>\n\t\t\t\t\t<\/div>\n\t\t<\/div>\n\t\t\t\t<div class=\"elementor-column elementor-col-50 elementor-inner-column elementor-element elementor-element-1a5ed5ce\" data-id=\"1a5ed5ce\" data-element_type=\"column\" data-e-type=\"column\">\n\t\t\t<div class=\"elementor-widget-wrap elementor-element-populated\">\n\t\t\t\t\t\t<div class=\"elementor-element elementor-element-3758cdd5 elementor-align-left elementor-mobile-align-center elementor-widget elementor-widget-button\" data-id=\"3758cdd5\" data-element_type=\"widget\" data-e-type=\"widget\" data-widget_type=\"button.default\">\n\t\t\t\t<div class=\"elementor-widget-container\">\n\t\t\t\t\t\t\t\t\t<div class=\"elementor-button-wrapper\">\n\t\t\t\t\t<a class=\"elementor-button elementor-button-link elementor-size-lg\" href=\"https:\/\/www.davofrio.com\/contacto\">\n\t\t\t\t\t\t<span class=\"elementor-button-content-wrapper\">\n\t\t\t\t\t\t<span class=\"elementor-button-icon\">\n\t\t\t\t<i aria-hidden=\"true\" class=\"fas fa-envelope\"><\/i>\t\t\t<\/span>\n\t\t\t\t\t\t\t\t\t<span class=\"elementor-button-text\">CONTACTANOS<\/span>\n\t\t\t\t\t<\/span>\n\t\t\t\t\t<\/a>\n\t\t\t\t<\/div>\n\t\t\t\t\t\t\t\t<\/div>\n\t\t\t\t<\/div>\n\t\t\t\t\t<\/div>\n\t\t<\/div>\n\t\t\t\t\t<\/div>\n\t\t<\/section>\n\t\t\t\t<div class=\"elementor-element elementor-element-2cc7b26c elementor-widget elementor-widget-spacer\" data-id=\"2cc7b26c\" data-element_type=\"widget\" data-e-type=\"widget\" data-widget_type=\"spacer.default\">\n\t\t\t\t<div class=\"elementor-widget-container\">\n\t\t\t\t\t\t\t<div class=\"elementor-spacer\">\n\t\t\t<div class=\"elementor-spacer-inner\"><\/div>\n\t\t<\/div>\n\t\t\t\t\t\t<\/div>\n\t\t\t\t<\/div>\n\t\t\t\t\t<\/div>\n\t\t<\/div>\n\t\t\t\t\t<\/div>\n\t\t<\/section>\n\t\t\t\t<section class=\"elementor-section elementor-top-section elementor-element elementor-element-4728add elementor-section-boxed elementor-section-height-default elementor-section-height-default\" data-id=\"4728add\" data-element_type=\"section\" data-e-type=\"section\">\n\t\t\t\t\t\t<div class=\"elementor-container elementor-column-gap-default\">\n\t\t\t\t\t<div class=\"elementor-column elementor-col-66 elementor-top-column elementor-element elementor-element-cacad33\" data-id=\"cacad33\" data-element_type=\"column\" data-e-type=\"column\">\n\t\t\t<div class=\"elementor-widget-wrap elementor-element-populated\">\n\t\t\t\t\t\t<div class=\"elementor-element elementor-element-4d785104 elementor-widget elementor-widget-text-editor\" data-id=\"4d785104\" data-element_type=\"widget\" data-e-type=\"widget\" data-widget_type=\"text-editor.default\">\n\t\t\t\t<div class=\"elementor-widget-container\">\n\t\t\t\t\t\t\t\t\t<p><script type=\"application\/ld+json\">\n{\n  \"@context\": \"https:\/\/schema.org\",\n  \"@type\": \"HVACBusiness\",\n  \"name\": \"Davofrio\",\n  \"image\": \"https:\/\/www.davofrio.com\/wp-content\/uploads\/2020\/11\/cropped-favicon-davofrio.png\",\n  \"@id\": \"https:\/\/www.davofrio.com\/\",\n  \"url\": \"https:\/\/www.davofrio.com\/\",\n  \"telephone\": \"965 05 87 31\",\n  \"priceRange\": \"\u20ac\u20ac\u20ac\",\n  \"address\": {\n    \"@type\": \"PostalAddress\",\n    \"streetAddress\": \"Calle del Veterinario Manuel Isidro Rodr\u00edguez Garc\u00eda, 53\",\n    \"addressLocality\": \"Sant Vicent del Raspeig\",\n    \"postalCode\": \"03690\",\n    \"addressCountry\": \"ES\"\n  },\n  \"geo\": {\n    \"@type\": \"GeoCoordinates\",\n    \"latitude\": 38.3879266,\n    \"longitude\": -0.4961261\n  },\n\"openingHoursSpecification\": [\n  {\n    \"@type\": \"OpeningHoursSpecification\",\n    \"dayOfWeek\": [\n      \"Monday\",\n      \"Tuesday\",\n      \"Wednesday\",\n      \"Thursday\",\n      \"Friday\"\n    ],\n    \"opens\": \"09:00\",\n    \"closes\": \"14:00\"\n  },\n  {\n    \"@type\": \"OpeningHoursSpecification\",\n    \"dayOfWeek\": [\n      \"Monday\",\n      \"Tuesday\",\n      \"Wednesday\",\n      \"Thursday\",\n      \"Friday\"\n    ],\n    \"opens\": \"16:00\",\n    \"closes\": \"18:00\"\n  }\n ]\n}\n<\/script><\/p><p style=\"text-align: justify;\">Son muchos los que conocen Mitsubishi Heavy Industries como una de las marcas de aire acondicionado y climatizaci\u00f3n m\u00e1s conocida a lo largo de todo el mundo. La calidad de sus electrodom\u00e9sticos hace que muchos la busquen de forma exclusiva cuando necesitan un <strong>producto de climatizaci\u00f3n de confianza<\/strong>.<\/p><h2 style=\"text-align: justify;\">\u00bfQu\u00e9 es importante buscar en un Servicio T\u00e9cnico Mitsubishi Heavy Industries en Alicante, Valencia y zonas cercanas?<\/h2><p style=\"text-align: justify;\">Cuando est\u00e1s buscando un buen <strong>servicio t\u00e9cnico para tu aparato de aire acondicionado Mitsubishi Heavy Industries en Alicante y Valencia<\/strong> es importante que puedas contratar un servicio que cuente con numerosos a\u00f1os de experiencia en mantenimiento y reparaci\u00f3n de la marca.<\/p><p style=\"text-align: justify;\">Tambi\u00e9n ser\u00e1 un punto a favor que la empresa que contrates cuente con t\u00e9cnicos que puedan <strong>acreditar su conocimiento en la marca<\/strong>, lo que asegura que pueden reparar de forma m\u00e1s r\u00e1pida y efectiva posible tus aparatos de climatizaci\u00f3n.<\/p><h3 style=\"text-align: justify;\">Si\u00e9ntete seguro con Davofr\u00edo, tu Servicio T\u00e9cnico Mitsubishi Heavy Industries en Alicante y Valencia<\/h3><p style=\"text-align: justify;\">Precisamente, si buscas <strong>a\u00f1os de experiencia<\/strong> y adem\u00e1s especialistas que conozcan la marca en tu servicio t\u00e9cnico de Mitsubishi Heavy Industries en la provincia de Alicante y Valencia, <strong>Davofr\u00edo<\/strong> puede ser la opci\u00f3n perfecta para ti.<\/p><p style=\"text-align: justify;\">Si has buscado la calidad total cuando has comprado tus <strong>productos de climatizaci\u00f3n de Mitsubishi Heavy Industries<\/strong>, seguramente busques la misma calidad cuando contrates un servicio t\u00e9cnico. Lo impecable de su servicio y, a la vez, la rapidez con la que trabajen ser\u00e1 clave para que puedas tener una confianza total en ellos.<\/p><h2 style=\"text-align: justify;\">Davofr\u00edo, tu aliado como Servicio T\u00e9cnico Mitsubishi Heavy Industries en Alicante y Valencia<\/h2><p style=\"text-align: justify;\">En Davofr\u00edo contamos con mucha experiencia trabajando como <em><strong>Servicio T\u00e9cnico de aire acondicionado Mitsubishi Heavy Industries en Alicante, Valencia<\/strong><\/em>\u00a0y alrededores. Trabajamos con rapidez sin dejar de lado la calidad de nuestras reparaciones, gracias a conocer a la perfecci\u00f3n los productos de la marca y poder conseguir antes que nadie las piezas oficiales para cualquier tipo de arreglo necesario.<\/p><p style=\"text-align: justify;\">Por eso, si has llegado hasta aqu\u00ed buscando el mejor servicio t\u00e9cnico para la marca en Alicante, creemos que puede ser justo lo que necesitas.<\/p>\t\t\t\t\t\t\t\t<\/div>\n\t\t\t\t<\/div>\n\t\t\t\t<div class=\"elementor-element elementor-element-9c02d52 elementor-widget elementor-widget-spacer\" data-id=\"9c02d52\" data-element_type=\"widget\" data-e-type=\"widget\" data-widget_type=\"spacer.default\">\n\t\t\t\t<div class=\"elementor-widget-container\">\n\t\t\t\t\t\t\t<div class=\"elementor-spacer\">\n\t\t\t<div class=\"elementor-spacer-inner\"><\/div>\n\t\t<\/div>\n\t\t\t\t\t\t<\/div>\n\t\t\t\t<\/div>\n\t\t\t\t\t<\/div>\n\t\t<\/div>\n\t\t\t\t<div class=\"elementor-column elementor-col-33 elementor-top-column elementor-element elementor-element-9d97ee2\" data-id=\"9d97ee2\" data-element_type=\"column\" data-e-type=\"column\">\n\t\t\t<div class=\"elementor-widget-wrap elementor-element-populated\">\n\t\t\t\t\t\t<div class=\"elementor-element elementor-element-31994ff elementor-widget elementor-widget-sidebar\" data-id=\"31994ff\" data-element_type=\"widget\" data-e-type=\"widget\" data-widget_type=\"sidebar.default\">\n\t\t\t\t<div class=\"elementor-widget-container\">\n\t\t\t\t\t<aside id=\"block-28\" class=\"widget inner-padding widget_block\">\n<h2 class=\"wp-block-heading has-text-align-left has-text-color has-link-color has-x-large-font-size wp-elements-cb61bb2b5d4eba75bb9c5d8d0081c890\" style=\"color:#0f5abf;font-style:normal;font-weight:700\">DAVOFR\u00cdO<\/h2>\n<\/aside><aside id=\"block-30\" class=\"widget inner-padding widget_block widget_media_image\">\n<figure class=\"wp-block-image size-large is-resized\"><img fetchpriority=\"high\" decoding=\"async\" fetchpriority=\"high\" width=\"1024\" height=\"796\" src=\"https:\/\/www.davofrio.com\/wp-content\/uploads\/2022\/10\/Davofrio-Fachada-1024x796.png\" alt=\"Davofrio Empresa de Climatizaci\u00f3n -Servicio T\u00e9cnico oficial en Alicante, Valencia y Murcia\" class=\"wp-image-8098\" style=\"width:345px;height:auto\" srcset=\"https:\/\/www.davofrio.com\/wp-content\/uploads\/2022\/10\/Davofrio-Fachada-1024x796.png 1024w, https:\/\/www.davofrio.com\/wp-content\/uploads\/2022\/10\/Davofrio-Fachada-300x233.png 300w, https:\/\/www.davofrio.com\/wp-content\/uploads\/2022\/10\/Davofrio-Fachada-600x466.png 600w, https:\/\/www.davofrio.com\/wp-content\/uploads\/2022\/10\/Davofrio-Fachada.png 1508w\" sizes=\"(max-width: 1024px) 100vw, 1024px\" \/><\/figure>\n<\/aside><aside id=\"block-32\" class=\"widget inner-padding widget_block widget_text\">\n<p class=\"\">Si est\u00e1s considerando la instalaci\u00f3n de un sistema de <strong>climatizaci\u00f3n <\/strong>en Alicante, Valencia o Murcia, conf\u00eda en nuestros expertos instaladores, tenemos m\u00e1s de 25 a\u00f1os de experiencia. En&nbsp;Davofr\u00edo&nbsp;llevamos a cabo el proyecto de manera eficiente y profesional. Cont\u00e1ctanos hoy mismo para obtener m\u00e1s informaci\u00f3n.<\/p>\n<\/aside><aside id=\"block-43\" class=\"widget inner-padding widget_block\">\n<div class=\"wp-block-buttons is-layout-flex wp-block-buttons-is-layout-flex\">\n<div class=\"wp-block-button is-style-fill\"><a class=\"wp-block-button__link has-base-3-color has-text-color has-background has-link-color wp-element-button\" href=\"https:\/\/www.davofrio.com\/\" style=\"border-radius:0px;background-color:#0f5abf\"><strong>CONOCE M\u00c1S<\/strong><\/a><\/div>\n<\/div>\n<\/aside><aside id=\"custom_html-2\" class=\"widget_text widget inner-padding widget_custom_html\"><div class=\"textwidget custom-html-widget\">\n<div class=\"wpcf7 no-js\" id=\"wpcf7-f1705-o1\" lang=\"es-ES\" dir=\"ltr\" data-wpcf7-id=\"1705\">\n<div class=\"screen-reader-response\"><p role=\"status\" aria-live=\"polite\" aria-atomic=\"true\"><\/p> <ul><\/ul><\/div>\n<form action=\"\/en\/wp-json\/wp\/v2\/pages\/2832#wpcf7-f1705-o1\" method=\"post\" class=\"wpcf7-form init\" aria-label=\"Formulario de contacto\" novalidate=\"novalidate\" data-status=\"init\">\n<fieldset class=\"hidden-fields-container\"><input type=\"hidden\" name=\"_wpcf7\" value=\"1705\" \/><input type=\"hidden\" name=\"_wpcf7_version\" value=\"6.1.5\" \/><input type=\"hidden\" name=\"_wpcf7_locale\" value=\"es_ES\" \/><input type=\"hidden\" name=\"_wpcf7_unit_tag\" value=\"wpcf7-f1705-o1\" \/><input type=\"hidden\" name=\"_wpcf7_container_post\" value=\"0\" \/><input type=\"hidden\" name=\"_wpcf7_posted_data_hash\" value=\"\" \/><input type=\"hidden\" name=\"_wpcf7_recaptcha_response\" value=\"\" \/>\n<\/fieldset>\n<div class=\"formulariogenerico\">\n\t<p style=\"font-size:22px; font-weight:700; text-align:center!important;\">Contacta con nosotros\n\t<\/p>\n\t<p><br \/>\n<label> <span class=\"wpcf7-form-control-wrap\" data-name=\"text-378\"><input size=\"40\" maxlength=\"400\" class=\"wpcf7-form-control wpcf7-text wpcf7-validates-as-required\" aria-required=\"true\" aria-invalid=\"false\" placeholder=\"Nombre\" value=\"\" type=\"text\" name=\"text-378\" \/><\/span><\/label><br \/>\n<label> <span class=\"wpcf7-form-control-wrap\" data-name=\"tel-879\"><input size=\"40\" maxlength=\"400\" class=\"wpcf7-form-control wpcf7-tel wpcf7-validates-as-required wpcf7-text wpcf7-validates-as-tel\" aria-required=\"true\" aria-invalid=\"false\" placeholder=\"Tel\u00e9fono\" value=\"\" type=\"tel\" name=\"tel-879\" \/><\/span><\/label><br \/>\n<label> <span class=\"wpcf7-form-control-wrap\" data-name=\"email-956\"><input size=\"40\" maxlength=\"400\" class=\"wpcf7-form-control wpcf7-email wpcf7-validates-as-required wpcf7-text wpcf7-validates-as-email\" aria-required=\"true\" aria-invalid=\"false\" placeholder=\"E-Mail\" value=\"\" type=\"email\" name=\"email-956\" \/><\/span> <\/label><br \/>\n<label> <span class=\"wpcf7-form-control-wrap\" data-name=\"textarea-212\"><textarea cols=\"40\" rows=\"10\" maxlength=\"2000\" class=\"wpcf7-form-control wpcf7-textarea wpcf7-validates-as-required\" aria-required=\"true\" aria-invalid=\"false\" placeholder=\"Tu consulta\" name=\"textarea-212\"><\/textarea><\/span><\/label><br \/>\n<span><span class=\"wpcf7-form-control-wrap\" data-name=\"acceptance-311\"><span class=\"wpcf7-form-control wpcf7-acceptance\"><span class=\"wpcf7-list-item\"><label><input type=\"checkbox\" name=\"acceptance-311\" value=\"1\" aria-invalid=\"false\" \/><span class=\"wpcf7-list-item-label\"><span>Acepto terminos de la <a href=\"https:\/\/www.davofrio.com\/politica-de-privacidad\"> Pol\u00edtica de Privacidad<\/a><\/span><\/span><\/label><\/span><\/span><\/span><\/span><br \/>\n<label><input class=\"wpcf7-form-control wpcf7-submit has-spinner\" type=\"submit\" value=\"Enviar\" \/> <\/label>\n\t<\/p>\n<\/div><div class=\"wpcf7-response-output\" aria-hidden=\"true\"><\/div>\n<\/form>\n<\/div>\n<\/div><\/aside><aside id=\"block-37\" class=\"widget inner-padding widget_block\">\n<h2 class=\"wp-block-heading\"><a href=\"\/blog\/\"><strong>VISITA NUESTRO BLOG<\/strong><\/a><\/h2>\n<\/aside><aside id=\"block-38\" class=\"widget inner-padding widget_block widget_categories\"><ul class=\"wp-block-categories-list categorias wp-block-categories\">\t<li class=\"cat-item cat-item-105\"><a href=\"https:\/\/www.davofrio.com\/en\/category\/blog\/\">blog<\/a>\n<\/li>\n<\/ul><\/aside><aside id=\"block-27\" class=\"widget inner-padding widget_block widget_search\"><form role=\"search\" method=\"get\" action=\"https:\/\/www.davofrio.com\/en\/\" class=\"wp-block-search__button-outside wp-block-search__text-button wp-block-search\"    ><label class=\"wp-block-search__label screen-reader-text\" for=\"wp-block-search__input-1\" >Search<\/label><div class=\"wp-block-search__inside-wrapper\"  style=\"width: 100%\"><input class=\"wp-block-search__input\" id=\"wp-block-search__input-1\" placeholder=\"Busca en el blog\" value=\"\" type=\"search\" name=\"s\" required \/><button aria-label=\"Buscar\" class=\"wp-block-search__button has-text-color has-base-3-color wp-element-button\" type=\"submit\" >Buscar<\/button><\/div><\/form><\/aside>\t\t\t\t<\/div>\n\t\t\t\t<\/div>\n\t\t\t\t\t<\/div>\n\t\t<\/div>\n\t\t\t\t\t<\/div>\n\t\t<\/section>\n\t\t\t\t<section class=\"elementor-section elementor-top-section elementor-element elementor-element-f9643bc elementor-section-boxed elementor-section-height-default elementor-section-height-default\" data-id=\"f9643bc\" data-element_type=\"section\" data-e-type=\"section\">\n\t\t\t\t\t\t<div class=\"elementor-container elementor-column-gap-default\">\n\t\t\t\t\t<div class=\"elementor-column elementor-col-50 elementor-top-column elementor-element elementor-element-55d4435d\" data-id=\"55d4435d\" data-element_type=\"column\" data-e-type=\"column\">\n\t\t\t<div class=\"elementor-widget-wrap elementor-element-populated\">\n\t\t\t\t\t\t<div class=\"elementor-element elementor-element-13eadd03 elementor-align-center elementor-widget elementor-widget-button\" data-id=\"13eadd03\" data-element_type=\"widget\" data-e-type=\"widget\" data-widget_type=\"button.default\">\n\t\t\t\t<div class=\"elementor-widget-container\">\n\t\t\t\t\t\t\t\t\t<div class=\"elementor-button-wrapper\">\n\t\t\t\t\t<a class=\"elementor-button elementor-button-link elementor-size-md\" href=\"https:\/\/www.davofrio.com\/contacto\">\n\t\t\t\t\t\t<span class=\"elementor-button-content-wrapper\">\n\t\t\t\t\t\t<span class=\"elementor-button-icon\">\n\t\t\t\t<i aria-hidden=\"true\" class=\"far fa-eye\"><\/i>\t\t\t<\/span>\n\t\t\t\t\t\t\t\t\t<span class=\"elementor-button-text\">Solicita tu aviso de aver\u00eda Mitsubishi Heavy Industries<\/span>\n\t\t\t\t\t<\/span>\n\t\t\t\t\t<\/a>\n\t\t\t\t<\/div>\n\t\t\t\t\t\t\t\t<\/div>\n\t\t\t\t<\/div>\n\t\t\t\t<div class=\"elementor-element elementor-element-ffb0d99 elementor-widget elementor-widget-spacer\" data-id=\"ffb0d99\" data-element_type=\"widget\" data-e-type=\"widget\" data-widget_type=\"spacer.default\">\n\t\t\t\t<div class=\"elementor-widget-container\">\n\t\t\t\t\t\t\t<div class=\"elementor-spacer\">\n\t\t\t<div class=\"elementor-spacer-inner\"><\/div>\n\t\t<\/div>\n\t\t\t\t\t\t<\/div>\n\t\t\t\t<\/div>\n\t\t\t\t\t<\/div>\n\t\t<\/div>\n\t\t\t\t<div class=\"elementor-column elementor-col-50 elementor-top-column elementor-element elementor-element-1bfca382\" data-id=\"1bfca382\" data-element_type=\"column\" data-e-type=\"column\">\n\t\t\t<div class=\"elementor-widget-wrap elementor-element-populated\">\n\t\t\t\t\t\t<div class=\"elementor-element elementor-element-6b951c2c elementor-align-center elementor-widget elementor-widget-button\" data-id=\"6b951c2c\" data-element_type=\"widget\" data-e-type=\"widget\" data-widget_type=\"button.default\">\n\t\t\t\t<div class=\"elementor-widget-container\">\n\t\t\t\t\t\t\t\t\t<div class=\"elementor-button-wrapper\">\n\t\t\t\t\t<a class=\"elementor-button elementor-button-link elementor-size-md\" href=\"https:\/\/www.davofrio.com\/solicita-presupuesto\">\n\t\t\t\t\t\t<span class=\"elementor-button-content-wrapper\">\n\t\t\t\t\t\t<span class=\"elementor-button-icon\">\n\t\t\t\t<i aria-hidden=\"true\" class=\"far fa-eye\"><\/i>\t\t\t<\/span>\n\t\t\t\t\t\t\t\t\t<span class=\"elementor-button-text\">Solicita tu Presupuesto Mitsubishi Heavy Industries<\/span>\n\t\t\t\t\t<\/span>\n\t\t\t\t\t<\/a>\n\t\t\t\t<\/div>\n\t\t\t\t\t\t\t\t<\/div>\n\t\t\t\t<\/div>\n\t\t\t\t<div class=\"elementor-element elementor-element-b5d5c5a elementor-widget elementor-widget-spacer\" data-id=\"b5d5c5a\" data-element_type=\"widget\" data-e-type=\"widget\" data-widget_type=\"spacer.default\">\n\t\t\t\t<div class=\"elementor-widget-container\">\n\t\t\t\t\t\t\t<div class=\"elementor-spacer\">\n\t\t\t<div class=\"elementor-spacer-inner\"><\/div>\n\t\t<\/div>\n\t\t\t\t\t\t<\/div>\n\t\t\t\t<\/div>\n\t\t\t\t\t<\/div>\n\t\t<\/div>\n\t\t\t\t\t<\/div>\n\t\t<\/section>\n\t\t\t\t<\/div>\n\t\t","protected":false},"excerpt":{"rendered":"<p>Servicio t\u00e9cnico Mitsubishi Heavy Industries en Alicante, Valencia y Murcia En caso de que tengas un sistema de aire acondicionado de Mitsubishi Heavy Industries y est\u00e1s buscando un t\u00e9cnico que pueda realizar las labores de mantenimiento peri\u00f3dico de tu aparato o un arreglo puntual en Alicante o alrededores te recomendamos que optes tambi\u00e9n por la &#8230; <a title=\"Servicio t\u00e9cnico Mitsubishi Heavy industries en Alicante, Valencia\" class=\"read-more\" href=\"https:\/\/www.davofrio.com\/en\/servicio-tecnico-mitsubishi-heavy-industries\/\" aria-label=\"Read more about Servicio t\u00e9cnico Mitsubishi Heavy industries en Alicante, Valencia\">Read more<\/a><\/p>","protected":false},"author":1,"featured_media":0,"parent":0,"menu_order":0,"comment_status":"closed","ping_status":"closed","template":"elementor_header_footer","meta":{"footnotes":""},"class_list":["post-2832","page","type-page","status-publish"],"_links":{"self":[{"href":"https:\/\/www.davofrio.com\/en\/wp-json\/wp\/v2\/pages\/2832","targetHints":{"allow":["GET"]}}],"collection":[{"href":"https:\/\/www.davofrio.com\/en\/wp-json\/wp\/v2\/pages"}],"about":[{"href":"https:\/\/www.davofrio.com\/en\/wp-json\/wp\/v2\/types\/page"}],"author":[{"embeddable":true,"href":"https:\/\/www.davofrio.com\/en\/wp-json\/wp\/v2\/users\/1"}],"replies":[{"embeddable":true,"href":"https:\/\/www.davofrio.com\/en\/wp-json\/wp\/v2\/comments?post=2832"}],"version-history":[{"count":6,"href":"https:\/\/www.davofrio.com\/en\/wp-json\/wp\/v2\/pages\/2832\/revisions"}],"predecessor-version":[{"id":14283,"href":"https:\/\/www.davofrio.com\/en\/wp-json\/wp\/v2\/pages\/2832\/revisions\/14283"}],"wp:attachment":[{"href":"https:\/\/www.davofrio.com\/en\/wp-json\/wp\/v2\/media?parent=2832"}],"curies":[{"name":"wp","href":"https:\/\/api.w.org\/{rel}","templated":true}]}}