{"id":2804,"date":"2020-12-10T13:13:37","date_gmt":"2020-12-10T12:13:37","guid":{"rendered":"https:\/\/www.davofrio.com\/?page_id=2804"},"modified":"2026-05-13T10:51:47","modified_gmt":"2026-05-13T08:51:47","slug":"mantenimiento-reparacion-geotermia","status":"publish","type":"page","link":"https:\/\/www.davofrio.com\/en\/mantenimiento\/geotermia\/","title":{"rendered":"Mantenimiento para geotermia en Alicante"},"content":{"rendered":"\t\t<div data-elementor-type=\"wp-page\" data-elementor-id=\"2804\" class=\"elementor elementor-2804\" data-elementor-post-type=\"page\">\n\t\t\t\t\t\t<section class=\"elementor-section elementor-top-section elementor-element elementor-element-76d63a8d elementor-section-boxed elementor-section-height-default elementor-section-height-default\" data-id=\"76d63a8d\" data-element_type=\"section\" data-e-type=\"section\">\n\t\t\t\t\t\t\t<div class=\"elementor-background-overlay\"><\/div>\n\t\t\t\t\t\t\t<div class=\"elementor-container elementor-column-gap-default\">\n\t\t\t\t\t<div class=\"elementor-column elementor-col-100 elementor-top-column elementor-element elementor-element-3311b2b0\" data-id=\"3311b2b0\" data-element_type=\"column\" data-e-type=\"column\">\n\t\t\t<div class=\"elementor-widget-wrap elementor-element-populated\">\n\t\t\t\t\t\t<div class=\"elementor-element elementor-element-3ede113c elementor-widget elementor-widget-spacer\" data-id=\"3ede113c\" data-element_type=\"widget\" data-e-type=\"widget\" data-widget_type=\"spacer.default\">\n\t\t\t\t<div class=\"elementor-widget-container\">\n\t\t\t\t\t\t\t<div class=\"elementor-spacer\">\n\t\t\t<div class=\"elementor-spacer-inner\"><\/div>\n\t\t<\/div>\n\t\t\t\t\t\t<\/div>\n\t\t\t\t<\/div>\n\t\t\t\t<div class=\"elementor-element elementor-element-4c7258be elementor-widget elementor-widget-heading\" data-id=\"4c7258be\" data-element_type=\"widget\" data-e-type=\"widget\" data-widget_type=\"heading.default\">\n\t\t\t\t<div class=\"elementor-widget-container\">\n\t\t\t\t\t<h1 class=\"elementor-heading-title elementor-size-default\">Mantenimiento para geotermia en Alicante<\/h1>\t\t\t\t<\/div>\n\t\t\t\t<\/div>\n\t\t\t\t<div class=\"elementor-element elementor-element-7f66ceca elementor-widget elementor-widget-text-editor\" data-id=\"7f66ceca\" data-element_type=\"widget\" data-e-type=\"widget\" data-widget_type=\"text-editor.default\">\n\t\t\t\t<div class=\"elementor-widget-container\">\n\t\t\t\t\t\t\t\t\t<p>Las energ\u00edas renovables, como la <b>climatizaci\u00f3n a base de geotermia<\/b>, est\u00e1n en auge. Esto tiene que ver con una mayor concienciaci\u00f3n para el cuidado del medio ambiente, pero tambi\u00e9n es una alternativa eficiente que no requiere de un mantenimiento costoso.&nbsp;<span style=\"font-family: var( --e-global-typography-text-font-family ), Sans-serif; font-weight: var( --e-global-typography-text-font-weight );\">Para garantizar el \u00f3ptimo estado de este tipo de instalaciones, en <\/span><span style=\"font-family: var( --e-global-typography-text-font-family ), Sans-serif;\"><b>Davofr\u00edo dispones de especialistas en la reparaci\u00f3n y mantenimiento de geotermia en Alicante, Valencia y Murcia ciudad y provincia<\/b><\/span><span style=\"font-family: var( --e-global-typography-text-font-family ), Sans-serif; font-weight: var( --e-global-typography-text-font-weight );\"> a cargo de profesionales autorizados.<\/span><\/p>\t\t\t\t\t\t\t\t<\/div>\n\t\t\t\t<\/div>\n\t\t\t\t<section class=\"elementor-section elementor-inner-section elementor-element elementor-element-9d07bf0 elementor-section-boxed elementor-section-height-default elementor-section-height-default\" data-id=\"9d07bf0\" data-element_type=\"section\" data-e-type=\"section\">\n\t\t\t\t\t\t<div class=\"elementor-container elementor-column-gap-default\">\n\t\t\t\t\t<div class=\"elementor-column elementor-col-50 elementor-inner-column elementor-element elementor-element-47511f1d\" data-id=\"47511f1d\" data-element_type=\"column\" data-e-type=\"column\">\n\t\t\t<div class=\"elementor-widget-wrap elementor-element-populated\">\n\t\t\t\t\t\t<div class=\"elementor-element elementor-element-3b7d4a08 elementor-align-right elementor-mobile-align-center elementor-widget elementor-widget-button\" data-id=\"3b7d4a08\" data-element_type=\"widget\" data-e-type=\"widget\" data-widget_type=\"button.default\">\n\t\t\t\t<div class=\"elementor-widget-container\">\n\t\t\t\t\t\t\t\t\t<div class=\"elementor-button-wrapper\">\n\t\t\t\t\t<a class=\"elementor-button elementor-button-link elementor-size-lg\" href=\"tel:960002033\">\n\t\t\t\t\t\t<span class=\"elementor-button-content-wrapper\">\n\t\t\t\t\t\t<span class=\"elementor-button-icon\">\n\t\t\t\t<i aria-hidden=\"true\" class=\"fas fa-phone-alt\"><\/i>\t\t\t<\/span>\n\t\t\t\t\t\t\t\t\t<span class=\"elementor-button-text\">LLAMANOS<\/span>\n\t\t\t\t\t<\/span>\n\t\t\t\t\t<\/a>\n\t\t\t\t<\/div>\n\t\t\t\t\t\t\t\t<\/div>\n\t\t\t\t<\/div>\n\t\t\t\t\t<\/div>\n\t\t<\/div>\n\t\t\t\t<div class=\"elementor-column elementor-col-50 elementor-inner-column elementor-element elementor-element-5603daa\" data-id=\"5603daa\" data-element_type=\"column\" data-e-type=\"column\">\n\t\t\t<div class=\"elementor-widget-wrap elementor-element-populated\">\n\t\t\t\t\t\t<div class=\"elementor-element elementor-element-4d75f83 elementor-align-left elementor-mobile-align-center elementor-widget elementor-widget-button\" data-id=\"4d75f83\" data-element_type=\"widget\" data-e-type=\"widget\" data-widget_type=\"button.default\">\n\t\t\t\t<div class=\"elementor-widget-container\">\n\t\t\t\t\t\t\t\t\t<div class=\"elementor-button-wrapper\">\n\t\t\t\t\t<a class=\"elementor-button elementor-button-link elementor-size-lg\" href=\"https:\/\/www.davofrio.com\/contacto\">\n\t\t\t\t\t\t<span class=\"elementor-button-content-wrapper\">\n\t\t\t\t\t\t<span class=\"elementor-button-icon\">\n\t\t\t\t<i aria-hidden=\"true\" class=\"fas fa-envelope\"><\/i>\t\t\t<\/span>\n\t\t\t\t\t\t\t\t\t<span class=\"elementor-button-text\">CONTACTANOS<\/span>\n\t\t\t\t\t<\/span>\n\t\t\t\t\t<\/a>\n\t\t\t\t<\/div>\n\t\t\t\t\t\t\t\t<\/div>\n\t\t\t\t<\/div>\n\t\t\t\t\t<\/div>\n\t\t<\/div>\n\t\t\t\t\t<\/div>\n\t\t<\/section>\n\t\t\t\t<div class=\"elementor-element elementor-element-726b2980 elementor-widget elementor-widget-spacer\" data-id=\"726b2980\" data-element_type=\"widget\" data-e-type=\"widget\" data-widget_type=\"spacer.default\">\n\t\t\t\t<div class=\"elementor-widget-container\">\n\t\t\t\t\t\t\t<div class=\"elementor-spacer\">\n\t\t\t<div class=\"elementor-spacer-inner\"><\/div>\n\t\t<\/div>\n\t\t\t\t\t\t<\/div>\n\t\t\t\t<\/div>\n\t\t\t\t\t<\/div>\n\t\t<\/div>\n\t\t\t\t\t<\/div>\n\t\t<\/section>\n\t\t\t\t<section class=\"elementor-section elementor-top-section elementor-element elementor-element-50efdfbc elementor-section-boxed elementor-section-height-default elementor-section-height-default\" data-id=\"50efdfbc\" data-element_type=\"section\" data-e-type=\"section\">\n\t\t\t\t\t\t<div class=\"elementor-container elementor-column-gap-default\">\n\t\t\t\t\t<div class=\"elementor-column elementor-col-100 elementor-top-column elementor-element elementor-element-247329c1\" data-id=\"247329c1\" data-element_type=\"column\" data-e-type=\"column\">\n\t\t\t<div class=\"elementor-widget-wrap elementor-element-populated\">\n\t\t\t\t\t\t<div class=\"elementor-element elementor-element-28c30446 elementor-widget elementor-widget-text-editor\" data-id=\"28c30446\" data-element_type=\"widget\" data-e-type=\"widget\" data-widget_type=\"text-editor.default\">\n\t\t\t\t<div class=\"elementor-widget-container\">\n\t\t\t\t\t\t\t\t\t<p><script type=\"application\/ld+json\">\n{\n  \"@context\": \"https:\/\/schema.org\",\n  \"@type\": \"HVACBusiness\",\n  \"name\": \"Davofrio\",\n  \"image\": \"https:\/\/www.davofrio.com\/wp-content\/uploads\/2020\/11\/cropped-favicon-davofrio.png\",\n  \"@id\": \"https:\/\/www.davofrio.com\/\",\n  \"url\": \"https:\/\/www.davofrio.com\/\",\n  \"telephone\": \"965 05 87 31\",\n  \"priceRange\": \"\u20ac\u20ac\u20ac\",\n  \"address\": {\n    \"@type\": \"PostalAddress\",\n    \"streetAddress\": \"Calle del Veterinario Manuel Isidro Rodr\u00edguez Garc\u00eda, 53\",\n    \"addressLocality\": \"Sant Vicent del Raspeig\",\n    \"postalCode\": \"03690\",\n    \"addressCountry\": \"ES\"\n  },\n  \"geo\": {\n    \"@type\": \"GeoCoordinates\",\n    \"latitude\": 38.3879266,\n    \"longitude\": -0.4961261\n  },\n\"openingHoursSpecification\": [\n  {\n    \"@type\": \"OpeningHoursSpecification\",\n    \"dayOfWeek\": [\n      \"Monday\",\n      \"Tuesday\",\n      \"Wednesday\",\n      \"Thursday\",\n      \"Friday\"\n    ],\n    \"opens\": \"09:00\",\n    \"closes\": \"14:00\"\n  },\n  {\n    \"@type\": \"OpeningHoursSpecification\",\n    \"dayOfWeek\": [\n      \"Monday\",\n      \"Tuesday\",\n      \"Wednesday\",\n      \"Thursday\",\n      \"Friday\"\n    ],\n    \"opens\": \"16:00\",\n    \"closes\": \"18:00\"\n  }\n ]\n}\n<\/script><\/p><p style=\"text-align: justify;\"><span style=\"font-family: inherit; font-size: 35px; font-style: inherit; color: var( --e-global-color-text );\">Davofr\u00edo, expertos en la reparaci\u00f3n y mantenimiento de instalaciones geot\u00e9rmicas<\/span><\/p><p style=\"text-align: justify;\">Si se ha realizado correctamente la instalaci\u00f3n de este sistema, el mantenimiento de geotermia en instalaciones ubicadas en Alicante y alrededores requerir\u00e1 de poco tiempo y dinero.<\/p><p style=\"text-align: justify;\">Este m\u00e9todo emplea bucles enterrados a gran profundidad, que aprovechan el calor de la tierra para generar energ\u00eda. Estas tuber\u00edas no son accesibles desde la superficie, pero pueden ser limpiadas de forma sencilla.<\/p><p style=\"text-align: justify;\">Davofr\u00edo cuenta con <strong>personal especializado en la instalaci\u00f3n, reparaci\u00f3n y mantenimiento de geotermia<\/strong>. Cons\u00faltanos y te explicaremos al detalle por qu\u00e9 es una de las opciones m\u00e1s redituables para la generaci\u00f3n de energ\u00eda limpia a largo plazo.<\/p><h2 style=\"text-align: justify;\">Coste del mantenimiento de la geotermia<\/h2><p style=\"text-align: justify;\">La energ\u00eda geot\u00e9rmica ofrece muchas ventajas, como una menor emisi\u00f3n de residuos de carbono a la atm\u00f3sfera y no depender de los precios que dicta el mercado. Es decir, tendr\u00e1s mucha m\u00e1s independencia energ\u00e9tica.<\/p><p style=\"text-align: justify;\">Por otra parte,<strong> el coste de mantenimiento de la geotermia es reducido<\/strong>, en comparaci\u00f3n con los beneficios que aporta.<\/p><p style=\"text-align: justify;\">Aunque es necesario realizar una inversi\u00f3n inicial, con el tiempo la reducci\u00f3n en tus gastos energ\u00e9ticos ser\u00e1 considerable.<\/p><p style=\"text-align: justify;\">Un equipo de geotermia requiere de <strong>inspecciones m\u00ednimas<\/strong> por parte del servicio t\u00e9cnico. El mantenimiento estacional de instalaciones de geotermia incluye un control de los niveles de refrigerante, del estado de las conexiones y otros componentes.<\/p><h2 style=\"text-align: justify;\">Deja la reparaci\u00f3n de geotermia en Alicante en t\u00e9cnicos experimentados<\/h2><p style=\"text-align: justify;\">A veces las aver\u00edas no pueden anticiparse, pero es de sabios estar bien preparado para afrontarlas.<\/p><p style=\"text-align: justify;\">Nuestro equipo est\u00e1 especializado en la reparaci\u00f3n de geotermia en Alicante ciudad y provincia en casos como los siguientes:<\/p><ul style=\"text-align: justify;\"><li><strong>Tuber\u00edas da\u00f1adas<\/strong>: el desgaste natural que se produce con los a\u00f1os puede ocasionar fugas en las tuber\u00edas. Las ra\u00edces de los \u00e1rboles o la acci\u00f3n de algunos animales tambi\u00e9n pueden afectar el funcionamiento del sistema.<\/li><li><strong>Filtros sucios<\/strong>: los filtros de la unidad geot\u00e9rmica protegen la bobina encargada de convertir el aire fr\u00edo en caliente y viceversa. Es un componente que tiende a acumular suciedad de todo tipo. Si no se limpia con regularidad puede haber problemas.<\/li><li><strong>Fallas en los niveles de temperatura<\/strong>: a menudo se debe a un desajuste en la proporci\u00f3n de l\u00edquido anticongelante de las unidades. Esta sustancia ayuda a mantener el equilibrio t\u00e9rmico.<\/li><\/ul><p style=\"text-align: justify;\">Si ya cuentas con una instalaci\u00f3n de este tipo y necesitas una empresa eficiente y profesional para llevar a cabo revisiones puntuales o peri\u00f3dicas, ya sabes: cons\u00faltanos. Estaremos encantados de ayudarte.<\/p>\t\t\t\t\t\t\t\t<\/div>\n\t\t\t\t<\/div>\n\t\t\t\t\t<\/div>\n\t\t<\/div>\n\t\t\t\t\t<\/div>\n\t\t<\/section>\n\t\t\t\t<\/div>\n\t\t","protected":false},"excerpt":{"rendered":"<p>Mantenimiento para geotermia en Alicante Las energ\u00edas renovables, como la climatizaci\u00f3n a base de geotermia, est\u00e1n en auge. Esto tiene que ver con una mayor concienciaci\u00f3n para el cuidado del medio ambiente, pero tambi\u00e9n es una alternativa eficiente que no requiere de un mantenimiento costoso.\u00a0Para garantizar el \u00f3ptimo estado de este tipo de instalaciones, en &#8230; <a title=\"Mantenimiento para geotermia en Alicante\" class=\"read-more\" href=\"https:\/\/www.davofrio.com\/en\/mantenimiento\/geotermia\/\" aria-label=\"Read more about Mantenimiento para geotermia en Alicante\">Read more<\/a><\/p>","protected":false},"author":1,"featured_media":0,"parent":21791,"menu_order":0,"comment_status":"closed","ping_status":"closed","template":"elementor_header_footer","meta":{"_joinchat":[],"footnotes":""},"class_list":["post-2804","page","type-page","status-publish"],"_links":{"self":[{"href":"https:\/\/www.davofrio.com\/en\/wp-json\/wp\/v2\/pages\/2804","targetHints":{"allow":["GET"]}}],"collection":[{"href":"https:\/\/www.davofrio.com\/en\/wp-json\/wp\/v2\/pages"}],"about":[{"href":"https:\/\/www.davofrio.com\/en\/wp-json\/wp\/v2\/types\/page"}],"author":[{"embeddable":true,"href":"https:\/\/www.davofrio.com\/en\/wp-json\/wp\/v2\/users\/1"}],"replies":[{"embeddable":true,"href":"https:\/\/www.davofrio.com\/en\/wp-json\/wp\/v2\/comments?post=2804"}],"version-history":[{"count":6,"href":"https:\/\/www.davofrio.com\/en\/wp-json\/wp\/v2\/pages\/2804\/revisions"}],"predecessor-version":[{"id":21804,"href":"https:\/\/www.davofrio.com\/en\/wp-json\/wp\/v2\/pages\/2804\/revisions\/21804"}],"up":[{"embeddable":true,"href":"https:\/\/www.davofrio.com\/en\/wp-json\/wp\/v2\/pages\/21791"}],"wp:attachment":[{"href":"https:\/\/www.davofrio.com\/en\/wp-json\/wp\/v2\/media?parent=2804"}],"curies":[{"name":"wp","href":"https:\/\/api.w.org\/{rel}","templated":true}]}}