{"id":2795,"date":"2021-05-10T13:02:18","date_gmt":"2021-05-10T11:02:18","guid":{"rendered":"https:\/\/www.davofrio.com\/?page_id=2795"},"modified":"2022-02-22T13:57:12","modified_gmt":"2022-02-22T12:57:12","slug":"mantenimiento-reparacion-aerotermia","status":"publish","type":"page","link":"https:\/\/www.davofrio.com\/en\/energias-renovables\/aerotermia\/mantenimiento-reparacion-aerotermia\/","title":{"rendered":"Mantenimiento de aerotermia en Alicante"},"content":{"rendered":"\t\t<div data-elementor-type=\"wp-page\" data-elementor-id=\"2795\" class=\"elementor elementor-2795\" data-elementor-post-type=\"page\">\n\t\t\t\t\t\t<section class=\"elementor-section elementor-top-section elementor-element elementor-element-24f4776c elementor-section-boxed elementor-section-height-default elementor-section-height-default\" data-id=\"24f4776c\" data-element_type=\"section\" data-e-type=\"section\">\n\t\t\t\t\t\t\t<div class=\"elementor-background-overlay\"><\/div>\n\t\t\t\t\t\t\t<div class=\"elementor-container elementor-column-gap-default\">\n\t\t\t\t\t<div class=\"elementor-column elementor-col-100 elementor-top-column elementor-element elementor-element-75abe476\" data-id=\"75abe476\" data-element_type=\"column\" data-e-type=\"column\">\n\t\t\t<div class=\"elementor-widget-wrap elementor-element-populated\">\n\t\t\t\t\t\t<div class=\"elementor-element elementor-element-7469b25e elementor-widget elementor-widget-spacer\" data-id=\"7469b25e\" data-element_type=\"widget\" data-e-type=\"widget\" data-widget_type=\"spacer.default\">\n\t\t\t\t<div class=\"elementor-widget-container\">\n\t\t\t\t\t\t\t<div class=\"elementor-spacer\">\n\t\t\t<div class=\"elementor-spacer-inner\"><\/div>\n\t\t<\/div>\n\t\t\t\t\t\t<\/div>\n\t\t\t\t<\/div>\n\t\t\t\t<div class=\"elementor-element elementor-element-34b3c68f elementor-widget elementor-widget-heading\" data-id=\"34b3c68f\" data-element_type=\"widget\" data-e-type=\"widget\" data-widget_type=\"heading.default\">\n\t\t\t\t<div class=\"elementor-widget-container\">\n\t\t\t\t\t<h1 class=\"elementor-heading-title elementor-size-default\">Mantenimiento de Aerotermia en Alicante<\/h1>\t\t\t\t<\/div>\n\t\t\t\t<\/div>\n\t\t\t\t<div class=\"elementor-element elementor-element-5bfa680 elementor-widget elementor-widget-text-editor\" data-id=\"5bfa680\" data-element_type=\"widget\" data-e-type=\"widget\" data-widget_type=\"text-editor.default\">\n\t\t\t\t<div class=\"elementor-widget-container\">\n\t\t\t\t\t\t\t\t\t<p><b>Los sistemas de Aerotermia son el futuro de la climatizaci\u00f3n<\/b>. Se trata de una tecnolog\u00eda que extrae el calor del aire ambiental y lo reconvierte en energ\u00eda limpia para atemperar tu hogar o negocio de manera eficiente.\u00a0<span style=\"font-family: var( --e-global-typography-text-font-family ), Sans-serif; font-weight: var( --e-global-typography-text-font-weight );\">En Davofr\u00edo dispones de un equipo de especialistas en el mantenimiento y reparaci\u00f3n de equipos de Aerotermia en Alicante, Valencia y Murcia ciudad y provincia ofreci\u00e9ndote soluciones avanzadas y eficientes. \u00a1Solicita informaci\u00f3n!<\/span><\/p>\t\t\t\t\t\t\t\t<\/div>\n\t\t\t\t<\/div>\n\t\t\t\t<section class=\"elementor-section elementor-inner-section elementor-element elementor-element-31e8d707 elementor-section-boxed elementor-section-height-default elementor-section-height-default\" data-id=\"31e8d707\" data-element_type=\"section\" data-e-type=\"section\">\n\t\t\t\t\t\t<div class=\"elementor-container elementor-column-gap-default\">\n\t\t\t\t\t<div class=\"elementor-column elementor-col-50 elementor-inner-column elementor-element elementor-element-4b880fac\" data-id=\"4b880fac\" data-element_type=\"column\" data-e-type=\"column\">\n\t\t\t<div class=\"elementor-widget-wrap elementor-element-populated\">\n\t\t\t\t\t\t<div class=\"elementor-element elementor-element-2b3f3094 elementor-align-right elementor-mobile-align-center elementor-widget elementor-widget-button\" data-id=\"2b3f3094\" data-element_type=\"widget\" data-e-type=\"widget\" data-widget_type=\"button.default\">\n\t\t\t\t<div class=\"elementor-widget-container\">\n\t\t\t\t\t\t\t\t\t<div class=\"elementor-button-wrapper\">\n\t\t\t\t\t<a class=\"elementor-button elementor-button-link elementor-size-lg\" href=\"tel:960002033\">\n\t\t\t\t\t\t<span class=\"elementor-button-content-wrapper\">\n\t\t\t\t\t\t<span class=\"elementor-button-icon\">\n\t\t\t\t<i aria-hidden=\"true\" class=\"fas fa-phone-alt\"><\/i>\t\t\t<\/span>\n\t\t\t\t\t\t\t\t\t<span class=\"elementor-button-text\">LLAMANOS<\/span>\n\t\t\t\t\t<\/span>\n\t\t\t\t\t<\/a>\n\t\t\t\t<\/div>\n\t\t\t\t\t\t\t\t<\/div>\n\t\t\t\t<\/div>\n\t\t\t\t\t<\/div>\n\t\t<\/div>\n\t\t\t\t<div class=\"elementor-column elementor-col-50 elementor-inner-column elementor-element elementor-element-87428eb\" data-id=\"87428eb\" data-element_type=\"column\" data-e-type=\"column\">\n\t\t\t<div class=\"elementor-widget-wrap elementor-element-populated\">\n\t\t\t\t\t\t<div class=\"elementor-element elementor-element-3ba01635 elementor-align-left elementor-mobile-align-center elementor-widget elementor-widget-button\" data-id=\"3ba01635\" data-element_type=\"widget\" data-e-type=\"widget\" data-widget_type=\"button.default\">\n\t\t\t\t<div class=\"elementor-widget-container\">\n\t\t\t\t\t\t\t\t\t<div class=\"elementor-button-wrapper\">\n\t\t\t\t\t<a class=\"elementor-button elementor-button-link elementor-size-lg\" href=\"https:\/\/www.davofrio.com\/contacto\">\n\t\t\t\t\t\t<span class=\"elementor-button-content-wrapper\">\n\t\t\t\t\t\t<span class=\"elementor-button-icon\">\n\t\t\t\t<i aria-hidden=\"true\" class=\"fas fa-envelope\"><\/i>\t\t\t<\/span>\n\t\t\t\t\t\t\t\t\t<span class=\"elementor-button-text\">CONTACTANOS<\/span>\n\t\t\t\t\t<\/span>\n\t\t\t\t\t<\/a>\n\t\t\t\t<\/div>\n\t\t\t\t\t\t\t\t<\/div>\n\t\t\t\t<\/div>\n\t\t\t\t\t<\/div>\n\t\t<\/div>\n\t\t\t\t\t<\/div>\n\t\t<\/section>\n\t\t\t\t<div class=\"elementor-element elementor-element-282c0ea4 elementor-widget elementor-widget-spacer\" data-id=\"282c0ea4\" data-element_type=\"widget\" data-e-type=\"widget\" data-widget_type=\"spacer.default\">\n\t\t\t\t<div class=\"elementor-widget-container\">\n\t\t\t\t\t\t\t<div class=\"elementor-spacer\">\n\t\t\t<div class=\"elementor-spacer-inner\"><\/div>\n\t\t<\/div>\n\t\t\t\t\t\t<\/div>\n\t\t\t\t<\/div>\n\t\t\t\t\t<\/div>\n\t\t<\/div>\n\t\t\t\t\t<\/div>\n\t\t<\/section>\n\t\t\t\t<section class=\"elementor-section elementor-top-section elementor-element elementor-element-9b3b4c4 elementor-section-boxed elementor-section-height-default elementor-section-height-default\" data-id=\"9b3b4c4\" data-element_type=\"section\" data-e-type=\"section\">\n\t\t\t\t\t\t<div class=\"elementor-container elementor-column-gap-default\">\n\t\t\t\t\t<div class=\"elementor-column elementor-col-66 elementor-top-column elementor-element elementor-element-1e8f8fe\" data-id=\"1e8f8fe\" data-element_type=\"column\" data-e-type=\"column\">\n\t\t\t<div class=\"elementor-widget-wrap elementor-element-populated\">\n\t\t\t\t\t\t<div class=\"elementor-element elementor-element-45e45507 elementor-widget elementor-widget-text-editor\" data-id=\"45e45507\" data-element_type=\"widget\" data-e-type=\"widget\" data-widget_type=\"text-editor.default\">\n\t\t\t\t<div class=\"elementor-widget-container\">\n\t\t\t\t\t\t\t\t\t<p><script type=\"application\/ld+json\">\n{\n  \"@context\": \"https:\/\/schema.org\",\n  \"@type\": \"HVACBusiness\",\n  \"name\": \"Davofrio\",\n  \"image\": \"https:\/\/www.davofrio.com\/wp-content\/uploads\/2020\/11\/cropped-favicon-davofrio.png\",\n  \"@id\": \"https:\/\/www.davofrio.com\/\",\n  \"url\": \"https:\/\/www.davofrio.com\/\",\n  \"telephone\": \"965 05 87 31\",\n  \"priceRange\": \"\u20ac\u20ac\u20ac\",\n  \"address\": {\n    \"@type\": \"PostalAddress\",\n    \"streetAddress\": \"Calle del Veterinario Manuel Isidro Rodr\u00edguez Garc\u00eda, 53\",\n    \"addressLocality\": \"Sant Vicent del Raspeig\",\n    \"postalCode\": \"03690\",\n    \"addressCountry\": \"ES\"\n  },\n  \"geo\": {\n    \"@type\": \"GeoCoordinates\",\n    \"latitude\": 38.3879266,\n    \"longitude\": -0.4961261\n  },\n\"openingHoursSpecification\": [\n  {\n    \"@type\": \"OpeningHoursSpecification\",\n    \"dayOfWeek\": [\n      \"Monday\",\n      \"Tuesday\",\n      \"Wednesday\",\n      \"Thursday\",\n      \"Friday\"\n    ],\n    \"opens\": \"09:00\",\n    \"closes\": \"14:00\"\n  },\n  {\n    \"@type\": \"OpeningHoursSpecification\",\n    \"dayOfWeek\": [\n      \"Monday\",\n      \"Tuesday\",\n      \"Wednesday\",\n      \"Thursday\",\n      \"Friday\"\n    ],\n    \"opens\": \"16:00\",\n    \"closes\": \"18:00\"\n  }\n ]\n}\n<\/script><\/p><p style=\"text-align: justify;\"><span style=\"font-family: inherit; font-size: 35px; font-style: inherit; color: #339966;\"><i class=\"far fa-snowflake \" ><\/i> <\/span><span style=\"font-family: inherit; font-size: 35px; font-style: inherit; color: #0000ff;\">T\u00e9cnicos cualificados en el mantenimiento de aerotermia en la ciudad de Alicante<\/span><\/p><p style=\"text-align: justify;\">Actualmente, el <strong>mantenimiento de un equipo de aerotermia<\/strong> es m\u00e1s complejo que una simple caldera de gas.<\/p><p style=\"text-align: justify;\">Se trata de una tecnolog\u00eda que emplea una unidad exterior que recoge la energ\u00eda del aire y la transfiere al circuito interior de la vivienda para su uso en calefacci\u00f3n, refrigeraci\u00f3n o agua caliente.<\/p><p style=\"text-align: justify;\">Un sistema de este tipo cuenta con un mecanismo interno complejo, formado por piezas electr\u00f3nicas de precisi\u00f3n, reguladores y sensores muy delicados.<\/p><p style=\"text-align: justify;\">Por esto mismo, tanto su instalaci\u00f3n como el mantenimiento de aerotermia en Alicante\u00a0 y Valencia y su \u00e1rea de influencia deben ser llevados a cabo por especialistas como Davofr\u00edo, toda una garant\u00eda de profesionalidad.<\/p><h2 style=\"text-align: justify;\"><span style=\"color: #339966;\"><i class=\"fas fa-house-user \" ><\/i><\/span> <span style=\"color: #0000ff;\">Coste de mantenimiento de un equipo de aerotermia<\/span><\/h2><p style=\"text-align: justify;\">Si en tu hogar o en tu empresa cuentas con una instalaci\u00f3n de aerotermia, su mantenimiento es fundamental.<\/p><p style=\"text-align: justify;\">Este sistema necesita <strong>revisiones anuales<\/strong>, en las que un t\u00e9cnico comprobar\u00e1 que todo funcione correctamente y est\u00e9 en buen estado.<\/p><p style=\"text-align: justify;\">La obligatoriedad de esta pr\u00e1ctica est\u00e1 establecida en el Reglamento de Instalaciones T\u00e9rmicas de los Edificios (RITE).<\/p><p style=\"text-align: justify;\">M\u00e1s all\u00e1 de este gasto necesario, con el tiempo tu inversi\u00f3n inicial se amortizar\u00e1 con creces. Podr\u00e1s comprobarlo t\u00fa mismo al ver el ahorro que se produce en tus facturas de electricidad. A todo ello debes sumar las ventajas que tiene una <strong><a href=\"https:\/\/www.davofrio.com\/energias-renovables\">mayor eficiencia energ\u00e9tica<\/a><\/strong> para el planeta, gracias a la apuesta por las energ\u00edas renovables.<\/p><p>\n<div class=\"wpcf7 no-js\" id=\"wpcf7-f3245-o1\" lang=\"es-ES\" dir=\"ltr\" data-wpcf7-id=\"3245\">\n<div class=\"screen-reader-response\"><p role=\"status\" aria-live=\"polite\" aria-atomic=\"true\"><\/p> <ul><\/ul><\/div>\n<form action=\"\/en\/wp-json\/wp\/v2\/pages\/2795#wpcf7-f3245-o1\" method=\"post\" class=\"wpcf7-form init\" aria-label=\"Formulario de contacto\" novalidate=\"novalidate\" data-status=\"init\">\n<fieldset class=\"hidden-fields-container\"><input type=\"hidden\" name=\"_wpcf7\" value=\"3245\" \/><input type=\"hidden\" name=\"_wpcf7_version\" value=\"6.1.5\" \/><input type=\"hidden\" name=\"_wpcf7_locale\" value=\"es_ES\" \/><input type=\"hidden\" name=\"_wpcf7_unit_tag\" value=\"wpcf7-f3245-o1\" \/><input type=\"hidden\" name=\"_wpcf7_container_post\" value=\"0\" \/><input type=\"hidden\" name=\"_wpcf7_posted_data_hash\" value=\"\" \/><input type=\"hidden\" name=\"_wpcf7_recaptcha_response\" value=\"\" \/>\n<\/fieldset>\n<div class=\"formulariolinea\">\n\t<p style=\"font-size:24px; font-weight:800;\">\u00a1Si pasas frio o calor es porque quieres! Ll\u00e1manos 965 05 87 31\n\t<\/p>\n\t<p><br \/>\n<label> <span class=\"wpcf7-form-control-wrap\" data-name=\"text-45\"><input size=\"40\" maxlength=\"400\" class=\"wpcf7-form-control wpcf7-text wpcf7-validates-as-required\" aria-required=\"true\" aria-invalid=\"false\" placeholder=\"Nombre\" value=\"\" type=\"text\" name=\"text-45\" \/><\/span> <\/label><br \/>\n<label> <span class=\"wpcf7-form-control-wrap\" data-name=\"email-217\"><input size=\"40\" maxlength=\"400\" class=\"wpcf7-form-control wpcf7-email wpcf7-validates-as-required wpcf7-text wpcf7-validates-as-email\" aria-required=\"true\" aria-invalid=\"false\" placeholder=\"Correo electr\u00f3nico\" value=\"\" type=\"email\" name=\"email-217\" \/><\/span> <\/label><br \/>\n<label> <input class=\"wpcf7-form-control wpcf7-submit has-spinner\" type=\"submit\" value=\"Enviar\" \/> <\/label><br \/>\n<span> <span class=\"wpcf7-form-control-wrap\" data-name=\"acceptance-877\"><span class=\"wpcf7-form-control wpcf7-acceptance\"><span class=\"wpcf7-list-item\"><label><input type=\"checkbox\" name=\"acceptance-877\" value=\"1\" aria-invalid=\"false\" \/><span class=\"wpcf7-list-item-label\">He le\u00eddo y acepto la <a href=\"https:\/\/www.davofrio.com\/politica-de-privacidad\">Pol\u00edtica de Privacidad<\/a><\/span><\/label><\/span><\/span><\/span><\/span>\n\t<\/p>\n<\/div><div class=\"wpcf7-response-output\" aria-hidden=\"true\"><\/div>\n<\/form>\n<\/div>\n<\/p><h2 style=\"text-align: justify;\"><span style=\"color: #339966;\"><i class=\"fas fa-home \" ><\/i><\/span> <span style=\"color: #0000ff;\">Reparaci\u00f3n de equipos de aerotermia en Alicante<\/span><\/h2><p style=\"text-align: justify;\">Nuestros expertos tambi\u00e9n est\u00e1n preparados para resolver los problemas ocasionados por un mal funcionamiento o aver\u00edas en tu instalaci\u00f3n de aerotermia.<\/p><p style=\"text-align: justify;\">Como <strong>especialistas en el mantenimiento y reparaci\u00f3n de sistemas de aerotermia en Alicante <\/strong>, te informamos que en la mayor\u00eda de los casos solo har\u00e1n falta arreglos m\u00ednimos, como la limpieza de los filtros o su recambio, algo que debe hacerse cada tres a\u00f1os.<\/p><p style=\"text-align: justify;\">El sistema tambi\u00e9n puede fallar por la influencia de ondas de radiaci\u00f3n. Cuando esto sucede, la primera acci\u00f3n recomendada es desconectar el disyuntor, esperar unos minutos y encender el equipo de nuevo.<\/p><p style=\"text-align: justify;\">Si los problemas persisten, cont\u00e1ctanos. Nuestro servicio de asistencia t\u00e9cnica para la <em>reparaci\u00f3n de aerotermia en Alicante y Valencia<\/em> te asistir\u00e1 en breve.<\/p>\t\t\t\t\t\t\t\t<\/div>\n\t\t\t\t<\/div>\n\t\t\t\t<div class=\"elementor-element elementor-element-f8b0922 elementor-widget elementor-widget-spacer\" data-id=\"f8b0922\" data-element_type=\"widget\" data-e-type=\"widget\" data-widget_type=\"spacer.default\">\n\t\t\t\t<div class=\"elementor-widget-container\">\n\t\t\t\t\t\t\t<div class=\"elementor-spacer\">\n\t\t\t<div class=\"elementor-spacer-inner\"><\/div>\n\t\t<\/div>\n\t\t\t\t\t\t<\/div>\n\t\t\t\t<\/div>\n\t\t\t\t\t<\/div>\n\t\t<\/div>\n\t\t\t\t<div class=\"elementor-column elementor-col-33 elementor-top-column elementor-element elementor-element-6fa6f1d\" data-id=\"6fa6f1d\" data-element_type=\"column\" data-e-type=\"column\">\n\t\t\t<div class=\"elementor-widget-wrap elementor-element-populated\">\n\t\t\t\t\t\t<div class=\"elementor-element elementor-element-3c376a9 elementor-widget elementor-widget-sidebar\" data-id=\"3c376a9\" data-element_type=\"widget\" data-e-type=\"widget\" data-widget_type=\"sidebar.default\">\n\t\t\t\t<div class=\"elementor-widget-container\">\n\t\t\t\t\t<aside id=\"block-28\" class=\"widget inner-padding widget_block\">\n<h2 class=\"wp-block-heading has-text-align-left has-text-color has-link-color has-x-large-font-size wp-elements-cb61bb2b5d4eba75bb9c5d8d0081c890\" style=\"color:#0f5abf;font-style:normal;font-weight:700\">DAVOFR\u00cdO<\/h2>\n<\/aside><aside id=\"block-30\" class=\"widget inner-padding widget_block widget_media_image\">\n<figure class=\"wp-block-image size-large is-resized\"><img fetchpriority=\"high\" decoding=\"async\" fetchpriority=\"high\" width=\"1024\" height=\"796\" src=\"https:\/\/www.davofrio.com\/wp-content\/uploads\/2022\/10\/Davofrio-Fachada-1024x796.png\" alt=\"Davofrio Empresa de Climatizaci\u00f3n -Servicio T\u00e9cnico oficial en Alicante, Valencia y Murcia\" class=\"wp-image-8098\" style=\"width:345px;height:auto\" srcset=\"https:\/\/www.davofrio.com\/wp-content\/uploads\/2022\/10\/Davofrio-Fachada-1024x796.png 1024w, https:\/\/www.davofrio.com\/wp-content\/uploads\/2022\/10\/Davofrio-Fachada-300x233.png 300w, https:\/\/www.davofrio.com\/wp-content\/uploads\/2022\/10\/Davofrio-Fachada-600x466.png 600w, https:\/\/www.davofrio.com\/wp-content\/uploads\/2022\/10\/Davofrio-Fachada.png 1508w\" sizes=\"(max-width: 1024px) 100vw, 1024px\" \/><\/figure>\n<\/aside><aside id=\"block-32\" class=\"widget inner-padding widget_block widget_text\">\n<p class=\"\">Si est\u00e1s considerando la instalaci\u00f3n de un sistema de <strong>climatizaci\u00f3n <\/strong>en Alicante, Valencia o Murcia, conf\u00eda en nuestros expertos instaladores, tenemos m\u00e1s de 25 a\u00f1os de experiencia. En&nbsp;Davofr\u00edo&nbsp;llevamos a cabo el proyecto de manera eficiente y profesional. Cont\u00e1ctanos hoy mismo para obtener m\u00e1s informaci\u00f3n.<\/p>\n<\/aside><aside id=\"block-43\" class=\"widget inner-padding widget_block\">\n<div class=\"wp-block-buttons is-layout-flex wp-block-buttons-is-layout-flex\">\n<div class=\"wp-block-button is-style-fill\"><a class=\"wp-block-button__link has-base-3-color has-text-color has-background has-link-color wp-element-button\" href=\"https:\/\/www.davofrio.com\/\" style=\"border-radius:0px;background-color:#0f5abf\"><strong>CONOCE M\u00c1S<\/strong><\/a><\/div>\n<\/div>\n<\/aside><aside id=\"custom_html-2\" class=\"widget_text widget inner-padding widget_custom_html\"><div class=\"textwidget custom-html-widget\">\n<div class=\"wpcf7 no-js\" id=\"wpcf7-f1705-o2\" lang=\"es-ES\" dir=\"ltr\" data-wpcf7-id=\"1705\">\n<div class=\"screen-reader-response\"><p role=\"status\" aria-live=\"polite\" aria-atomic=\"true\"><\/p> <ul><\/ul><\/div>\n<form action=\"\/en\/wp-json\/wp\/v2\/pages\/2795#wpcf7-f1705-o2\" method=\"post\" class=\"wpcf7-form init\" aria-label=\"Formulario de contacto\" novalidate=\"novalidate\" data-status=\"init\">\n<fieldset class=\"hidden-fields-container\"><input type=\"hidden\" name=\"_wpcf7\" value=\"1705\" \/><input type=\"hidden\" name=\"_wpcf7_version\" value=\"6.1.5\" \/><input type=\"hidden\" name=\"_wpcf7_locale\" value=\"es_ES\" \/><input type=\"hidden\" name=\"_wpcf7_unit_tag\" value=\"wpcf7-f1705-o2\" \/><input type=\"hidden\" name=\"_wpcf7_container_post\" value=\"0\" \/><input type=\"hidden\" name=\"_wpcf7_posted_data_hash\" value=\"\" \/><input type=\"hidden\" name=\"_wpcf7_recaptcha_response\" value=\"\" \/>\n<\/fieldset>\n<div class=\"formulariogenerico\">\n\t<p style=\"font-size:22px; font-weight:700; text-align:center!important;\">Contacta con nosotros\n\t<\/p>\n\t<p><br \/>\n<label> <span class=\"wpcf7-form-control-wrap\" data-name=\"text-378\"><input size=\"40\" maxlength=\"400\" class=\"wpcf7-form-control wpcf7-text wpcf7-validates-as-required\" aria-required=\"true\" aria-invalid=\"false\" placeholder=\"Nombre\" value=\"\" type=\"text\" name=\"text-378\" \/><\/span><\/label><br \/>\n<label> <span class=\"wpcf7-form-control-wrap\" data-name=\"tel-879\"><input size=\"40\" maxlength=\"400\" class=\"wpcf7-form-control wpcf7-tel wpcf7-validates-as-required wpcf7-text wpcf7-validates-as-tel\" aria-required=\"true\" aria-invalid=\"false\" placeholder=\"Tel\u00e9fono\" value=\"\" type=\"tel\" name=\"tel-879\" \/><\/span><\/label><br \/>\n<label> <span class=\"wpcf7-form-control-wrap\" data-name=\"email-956\"><input size=\"40\" maxlength=\"400\" class=\"wpcf7-form-control wpcf7-email wpcf7-validates-as-required wpcf7-text wpcf7-validates-as-email\" aria-required=\"true\" aria-invalid=\"false\" placeholder=\"E-Mail\" value=\"\" type=\"email\" name=\"email-956\" \/><\/span> <\/label><br \/>\n<label> <span class=\"wpcf7-form-control-wrap\" data-name=\"textarea-212\"><textarea cols=\"40\" rows=\"10\" maxlength=\"2000\" class=\"wpcf7-form-control wpcf7-textarea wpcf7-validates-as-required\" aria-required=\"true\" aria-invalid=\"false\" placeholder=\"Tu consulta\" name=\"textarea-212\"><\/textarea><\/span><\/label><br \/>\n<span><span class=\"wpcf7-form-control-wrap\" data-name=\"acceptance-311\"><span class=\"wpcf7-form-control wpcf7-acceptance\"><span class=\"wpcf7-list-item\"><label><input type=\"checkbox\" name=\"acceptance-311\" value=\"1\" aria-invalid=\"false\" \/><span class=\"wpcf7-list-item-label\"><span>Acepto terminos de la <a href=\"https:\/\/www.davofrio.com\/politica-de-privacidad\"> Pol\u00edtica de Privacidad<\/a><\/span><\/span><\/label><\/span><\/span><\/span><\/span><br \/>\n<label><input class=\"wpcf7-form-control wpcf7-submit has-spinner\" type=\"submit\" value=\"Enviar\" \/> <\/label>\n\t<\/p>\n<\/div><div class=\"wpcf7-response-output\" aria-hidden=\"true\"><\/div>\n<\/form>\n<\/div>\n<\/div><\/aside><aside id=\"block-37\" class=\"widget inner-padding widget_block\">\n<h2 class=\"wp-block-heading\"><a href=\"\/blog\/\"><strong>VISITA NUESTRO BLOG<\/strong><\/a><\/h2>\n<\/aside><aside id=\"block-38\" class=\"widget inner-padding widget_block widget_categories\"><ul class=\"wp-block-categories-list categorias wp-block-categories\">\t<li class=\"cat-item cat-item-105\"><a href=\"https:\/\/www.davofrio.com\/en\/category\/blog\/\">blog<\/a>\n<\/li>\n<\/ul><\/aside><aside id=\"block-27\" class=\"widget inner-padding widget_block widget_search\"><form role=\"search\" method=\"get\" action=\"https:\/\/www.davofrio.com\/en\/\" class=\"wp-block-search__button-outside wp-block-search__text-button wp-block-search\"    ><label class=\"wp-block-search__label screen-reader-text\" for=\"wp-block-search__input-1\" >Search<\/label><div class=\"wp-block-search__inside-wrapper\"  style=\"width: 100%\"><input class=\"wp-block-search__input\" id=\"wp-block-search__input-1\" placeholder=\"Busca en el blog\" value=\"\" type=\"search\" name=\"s\" required \/><button aria-label=\"Buscar\" class=\"wp-block-search__button has-text-color has-base-3-color wp-element-button\" type=\"submit\" >Buscar<\/button><\/div><\/form><\/aside>\t\t\t\t<\/div>\n\t\t\t\t<\/div>\n\t\t\t\t\t<\/div>\n\t\t<\/div>\n\t\t\t\t\t<\/div>\n\t\t<\/section>\n\t\t\t\t<section class=\"elementor-section elementor-top-section elementor-element elementor-element-48507a53 elementor-section-boxed elementor-section-height-default elementor-section-height-default\" data-id=\"48507a53\" data-element_type=\"section\" data-e-type=\"section\">\n\t\t\t\t\t\t<div class=\"elementor-container elementor-column-gap-default\">\n\t\t\t\t\t<div class=\"elementor-column elementor-col-50 elementor-top-column elementor-element elementor-element-b637c63\" data-id=\"b637c63\" data-element_type=\"column\" data-e-type=\"column\">\n\t\t\t<div class=\"elementor-widget-wrap elementor-element-populated\">\n\t\t\t\t\t\t<div class=\"elementor-element elementor-element-4c0de831 elementor-align-center elementor-widget elementor-widget-button\" data-id=\"4c0de831\" data-element_type=\"widget\" data-e-type=\"widget\" data-widget_type=\"button.default\">\n\t\t\t\t<div class=\"elementor-widget-container\">\n\t\t\t\t\t\t\t\t\t<div class=\"elementor-button-wrapper\">\n\t\t\t\t\t<a class=\"elementor-button elementor-button-link elementor-size-md\" href=\"https:\/\/www.davofrio.com\/contacto\">\n\t\t\t\t\t\t<span class=\"elementor-button-content-wrapper\">\n\t\t\t\t\t\t<span class=\"elementor-button-icon\">\n\t\t\t\t<i aria-hidden=\"true\" class=\"far fa-eye\"><\/i>\t\t\t<\/span>\n\t\t\t\t\t\t\t\t\t<span class=\"elementor-button-text\">Solicita tu aviso de aver\u00eda LG<\/span>\n\t\t\t\t\t<\/span>\n\t\t\t\t\t<\/a>\n\t\t\t\t<\/div>\n\t\t\t\t\t\t\t\t<\/div>\n\t\t\t\t<\/div>\n\t\t\t\t\t<\/div>\n\t\t<\/div>\n\t\t\t\t<div class=\"elementor-column elementor-col-50 elementor-top-column elementor-element elementor-element-3a9a9260\" data-id=\"3a9a9260\" data-element_type=\"column\" data-e-type=\"column\">\n\t\t\t<div class=\"elementor-widget-wrap elementor-element-populated\">\n\t\t\t\t\t\t<div class=\"elementor-element elementor-element-5280fafe elementor-align-center elementor-widget elementor-widget-button\" data-id=\"5280fafe\" data-element_type=\"widget\" data-e-type=\"widget\" data-widget_type=\"button.default\">\n\t\t\t\t<div class=\"elementor-widget-container\">\n\t\t\t\t\t\t\t\t\t<div class=\"elementor-button-wrapper\">\n\t\t\t\t\t<a class=\"elementor-button elementor-button-link elementor-size-md\" href=\"https:\/\/www.davofrio.com\/solicita-presupuesto\">\n\t\t\t\t\t\t<span class=\"elementor-button-content-wrapper\">\n\t\t\t\t\t\t<span class=\"elementor-button-icon\">\n\t\t\t\t<i aria-hidden=\"true\" class=\"far fa-eye\"><\/i>\t\t\t<\/span>\n\t\t\t\t\t\t\t\t\t<span class=\"elementor-button-text\">Solicita tu Presupuesto LG<\/span>\n\t\t\t\t\t<\/span>\n\t\t\t\t\t<\/a>\n\t\t\t\t<\/div>\n\t\t\t\t\t\t\t\t<\/div>\n\t\t\t\t<\/div>\n\t\t\t\t\t<\/div>\n\t\t<\/div>\n\t\t\t\t\t<\/div>\n\t\t<\/section>\n\t\t\t\t<\/div>\n\t\t","protected":false},"excerpt":{"rendered":"<p>Mantenimiento de Aerotermia en Alicante Los sistemas de Aerotermia son el futuro de la climatizaci\u00f3n. Se trata de una tecnolog\u00eda que extrae el calor del aire ambiental y lo reconvierte en energ\u00eda limpia para atemperar tu hogar o negocio de manera eficiente.\u00a0En Davofr\u00edo dispones de un equipo de especialistas en el mantenimiento y reparaci\u00f3n de &#8230; <a title=\"Mantenimiento de aerotermia en Alicante\" class=\"read-more\" href=\"https:\/\/www.davofrio.com\/en\/energias-renovables\/aerotermia\/mantenimiento-reparacion-aerotermia\/\" aria-label=\"Read more about Mantenimiento de aerotermia en Alicante\">Read more<\/a><\/p>","protected":false},"author":1,"featured_media":3709,"parent":23,"menu_order":0,"comment_status":"closed","ping_status":"closed","template":"elementor_header_footer","meta":{"footnotes":""},"class_list":["post-2795","page","type-page","status-publish","has-post-thumbnail"],"_links":{"self":[{"href":"https:\/\/www.davofrio.com\/en\/wp-json\/wp\/v2\/pages\/2795","targetHints":{"allow":["GET"]}}],"collection":[{"href":"https:\/\/www.davofrio.com\/en\/wp-json\/wp\/v2\/pages"}],"about":[{"href":"https:\/\/www.davofrio.com\/en\/wp-json\/wp\/v2\/types\/page"}],"author":[{"embeddable":true,"href":"https:\/\/www.davofrio.com\/en\/wp-json\/wp\/v2\/users\/1"}],"replies":[{"embeddable":true,"href":"https:\/\/www.davofrio.com\/en\/wp-json\/wp\/v2\/comments?post=2795"}],"version-history":[{"count":5,"href":"https:\/\/www.davofrio.com\/en\/wp-json\/wp\/v2\/pages\/2795\/revisions"}],"predecessor-version":[{"id":6952,"href":"https:\/\/www.davofrio.com\/en\/wp-json\/wp\/v2\/pages\/2795\/revisions\/6952"}],"up":[{"embeddable":true,"href":"https:\/\/www.davofrio.com\/en\/wp-json\/wp\/v2\/pages\/23"}],"wp:featuredmedia":[{"embeddable":true,"href":"https:\/\/www.davofrio.com\/en\/wp-json\/wp\/v2\/media\/3709"}],"wp:attachment":[{"href":"https:\/\/www.davofrio.com\/en\/wp-json\/wp\/v2\/media?parent=2795"}],"curies":[{"name":"wp","href":"https:\/\/api.w.org\/{rel}","templated":true}]}}